{"id":18778,"date":"2020-01-16T09:41:31","date_gmt":"2020-01-16T08:41:31","guid":{"rendered":"https:\/\/www.textillo.com\/produkt\/runde-tischdecke-weis\/"},"modified":"2020-01-16T09:41:31","modified_gmt":"2020-01-16T08:41:31","slug":"runde-tischdecke-weis","status":"publish","type":"product","link":"https:\/\/textillo.com\/de\/produkt\/runde-tischdecke-weis\/","title":{"rendered":"Runde Tischdecke &#8211; wei\u00df"},"content":{"rendered":"<p>Ein schickes und stilvolles Tischtuch macht Ihren gedeckten Tisch selbstbewusst und unersetzlich.<\/p>\n<p>Der Baumwoll-Polyester-Tischdeckenstoff hat eine sehr hohe Best\u00e4ndigkeit gegen Verf\u00e4rbung und mechanische Einfl\u00fcsse. Es bleibt auch nach mehrmaligem Waschen unver\u00e4ndert in seinem Aussehen. Das Gewebe wird dem Prozess der Mercerisierung und Sanforisierung unterzogen, wodurch es die unver\u00e4nderte Gr\u00f6\u00dfe des fertigen Kleidungsst\u00fccks w\u00e4hrend der gesamten Nutzungsdauer beibeh\u00e4lt.<\/p>\n<p>Gleichzeitig sch\u00fctzt diese Art von Tischdecke perfekt die M\u00f6bel, und nach dem Waschen ist sie sehr leicht zu b\u00fcgeln. Die vorgestellte runde Tischdecke zeichnet sich neben ihren au\u00dfergew\u00f6hnlichen praktischen Vorteilen durch eine vorbildliche, sehr sorgf\u00e4ltige Verarbeitung und Stoffauswahl aus, die au\u00dfergew\u00f6hnlich exklusiv wirkt. Modische Farben, Mangel an Ornamenten und klassische Form machen diese Tischdecke auch sehr universell.<\/p>\n<p>Eine solche Tischdecke passt in jedes Interieur. Sie k\u00f6nnen es f\u00fcr den allt\u00e4glichen Gebrauch verwenden oder es zu einer eleganten Tischdecke f\u00fcr Ihr Wohnzimmer oder zu einer festlichen Tischdecke machen, wenn Sie eine Party oder ein festliches Abendessen geben.<\/p>\n","protected":false},"excerpt":{"rendered":"<p>Produktmerkmale<\/p>\n<p>elegant und praktisch bei der Dekoration eines Tisches f\u00fcr verschiedene Interieurs<br \/>\nperfekt gen\u00e4hter Pythonstoff guter Qualit\u00e4t<br \/>\nb\u00fcgelleichtes, wasser- und schmutzabweisendes Gewebe<br \/>\nPflege<\/p>\n<p>Maschinen- oder Handw\u00e4sche bei bis zu 95\u00b0C<br \/>\nB\u00fcgeln bei hoher Temperatur zul\u00e4ssig<br \/>\nTrocknen im W\u00e4schetrockner bei bis zu 45\u00b0C<\/p>\n","protected":false},"featured_media":6072,"comment_status":"open","ping_status":"closed","template":"","meta":{"_monsterinsights_skip_tracking":false,"_monsterinsights_sitenote_active":false,"_monsterinsights_sitenote_note":"","_monsterinsights_sitenote_category":0},"product_brand":[],"product_cat":[593,599,662],"product_tag":[],"class_list":{"0":"post-18778","1":"product","2":"type-product","3":"status-publish","4":"has-post-thumbnail","6":"product_cat-hotel-de","7":"product_cat-tischtucher","8":"product_cat-tischtucher-de","9":"pa_desenwzor-glatt","10":"pa_gramatura-220-g-m2-de","11":"pa_kolor-weis","12":"pa_rozmiar-o-200-cm-de","13":"pa_rozmiar-o-220-cm-de","14":"pa_rozmiar-o-240-cm-de","15":"pa_rozmiar-o-260-cm-de","16":"pa_rozmiar-o-280-cm-de","17":"pa_rozmiar-o-300-cm-de","18":"pa_rozmiar-o-320-cm-de","19":"pa_skladtkaniny-48-polyester-52-baumwolle","21":"first","22":"instock","23":"shipping-taxable","24":"purchasable","25":"product-type-variable","26":"has-default-attributes"},"aioseo_notices":[],"_links":{"self":[{"href":"https:\/\/textillo.com\/de\/wp-json\/wp\/v2\/product\/18778","targetHints":{"allow":["GET"]}}],"collection":[{"href":"https:\/\/textillo.com\/de\/wp-json\/wp\/v2\/product"}],"about":[{"href":"https:\/\/textillo.com\/de\/wp-json\/wp\/v2\/types\/product"}],"replies":[{"embeddable":true,"href":"https:\/\/textillo.com\/de\/wp-json\/wp\/v2\/comments?post=18778"}],"wp:featuredmedia":[{"embeddable":true,"href":"https:\/\/textillo.com\/de\/wp-json\/wp\/v2\/media\/6072"}],"wp:attachment":[{"href":"https:\/\/textillo.com\/de\/wp-json\/wp\/v2\/media?parent=18778"}],"wp:term":[{"taxonomy":"product_brand","embeddable":true,"href":"https:\/\/textillo.com\/de\/wp-json\/wp\/v2\/product_brand?post=18778"},{"taxonomy":"product_cat","embeddable":true,"href":"https:\/\/textillo.com\/de\/wp-json\/wp\/v2\/product_cat?post=18778"},{"taxonomy":"product_tag","embeddable":true,"href":"https:\/\/textillo.com\/de\/wp-json\/wp\/v2\/product_tag?post=18778"}],"curies":[{"name":"wp","href":"https:\/\/api.w.org\/{rel}","templated":true}]}}