{"id":18761,"date":"2020-01-16T10:06:39","date_gmt":"2020-01-16T09:06:39","guid":{"rendered":"https:\/\/www.textillo.com\/produkt\/alligator-runde-tischdecke-aus-baumwolle-weis-o-160-cm\/"},"modified":"2020-01-16T10:06:39","modified_gmt":"2020-01-16T09:06:39","slug":"alligator-runde-tischdecke-aus-baumwolle-weis-o-160-cm","status":"publish","type":"product","link":"https:\/\/textillo.com\/de\/produkt\/alligator-runde-tischdecke-aus-baumwolle-weis-o-160-cm\/","title":{"rendered":"Alligator runde Tischdecke aus Baumwolle &#8211; wei\u00df, \u00d8 160 cm"},"content":{"rendered":"<p>Ein schickes und stilvolles Tischtuch macht Ihren gedeckten Tisch sicher und unersetzlich. Der Baumwolltischdeckenstoff hat eine sehr hohe Best\u00e4ndigkeit gegen Verf\u00e4rbung und mechanische Einfl\u00fcsse. Sie bleibt auch nach mehrmaligem Waschen unver\u00e4ndert in ihrem Aussehen. Das Gewebe wird einem Mercerisierungs- und Sanforisierungsprozess unterzogen, wodurch es die Unver\u00e4nderlichkeit der fertigen Gr\u00f6\u00dfe w\u00e4hrend der gesamten Nutzungsdauer beibeh\u00e4lt. Gleichzeitig sch\u00fctzt diese Art von Tischdecke perfekt die M\u00f6bel, und nach dem Waschen ist sie sehr leicht zu b\u00fcgeln. Die vorgestellte runde Tischdecke zeichnet sich neben ihren au\u00dfergew\u00f6hnlichen praktischen Vorteilen durch eine vorbildliche, sehr sorgf\u00e4ltige Verarbeitung und Stoffauswahl aus, die au\u00dfergew\u00f6hnlich exklusiv wirkt. Modische Farben, Mangel an Ornamenten und klassische Form machen diese Tischdecke auch sehr universell. Eine solche Tischdecke passt in jedes Interieur. Sie k\u00f6nnen es jeden Tag benutzen, oder es zu einer eleganten Tischdecke f\u00fcr das Wohnzimmer oder zu einer festlichen Tischdecke machen, wenn Sie eine Party oder ein festliches Abendessen veranstalten. Produktmerkmale: elegant und praktisch f\u00fcr Tischdekoration f\u00fcr verschiedene Innenr\u00e4ume perfekt gen\u00e4ht sehr gute Qualit\u00e4t Baumwolle Alligator<\/p>\n","protected":false},"excerpt":{"rendered":"<p>Pflege:<br \/>\nMaschinenw\u00e4sche oder Handw\u00e4sche bei bis zu 95\u00b0C <\/p>\n<li>B\u00fcgeln bei hoher Temperatur zul\u00e4ssig<br \/>\nW\u00e4schetrockner bis zu 45\u00b0C<br \/>\n100 % Baumwolle, 190 g\/m2, Durchmesser 160 cm Design \/ Muster: einfarbig Runde Tischdecke aus Baumwollstoff. Entworfen f\u00fcr Banketttische POLISH hergestellt, OEKO-TEX\u00ae Zertifikat<\/p>\n","protected":false},"featured_media":6075,"comment_status":"open","ping_status":"closed","template":"","meta":{"_monsterinsights_skip_tracking":false,"_monsterinsights_sitenote_active":false,"_monsterinsights_sitenote_note":"","_monsterinsights_sitenote_category":0},"product_brand":[],"product_cat":[593,599,662],"product_tag":[],"class_list":{"0":"post-18761","1":"product","2":"type-product","3":"status-publish","4":"has-post-thumbnail","6":"product_cat-hotel-de","7":"product_cat-tischtucher","8":"product_cat-tischtucher-de","9":"pa_desenwzor-glatt","10":"pa_gramatura-190-g-m2-de","11":"pa_kolor-weis","12":"pa_rozmiar-sr-160-cm-de","13":"pa_skladtkaniny-100-baumwolle","15":"first","16":"instock","17":"shipping-taxable","18":"purchasable","19":"product-type-simple"},"aioseo_notices":[],"_links":{"self":[{"href":"https:\/\/textillo.com\/de\/wp-json\/wp\/v2\/product\/18761","targetHints":{"allow":["GET"]}}],"collection":[{"href":"https:\/\/textillo.com\/de\/wp-json\/wp\/v2\/product"}],"about":[{"href":"https:\/\/textillo.com\/de\/wp-json\/wp\/v2\/types\/product"}],"replies":[{"embeddable":true,"href":"https:\/\/textillo.com\/de\/wp-json\/wp\/v2\/comments?post=18761"}],"wp:featuredmedia":[{"embeddable":true,"href":"https:\/\/textillo.com\/de\/wp-json\/wp\/v2\/media\/6075"}],"wp:attachment":[{"href":"https:\/\/textillo.com\/de\/wp-json\/wp\/v2\/media?parent=18761"}],"wp:term":[{"taxonomy":"product_brand","embeddable":true,"href":"https:\/\/textillo.com\/de\/wp-json\/wp\/v2\/product_brand?post=18761"},{"taxonomy":"product_cat","embeddable":true,"href":"https:\/\/textillo.com\/de\/wp-json\/wp\/v2\/product_cat?post=18761"},{"taxonomy":"product_tag","embeddable":true,"href":"https:\/\/textillo.com\/de\/wp-json\/wp\/v2\/product_tag?post=18761"}],"curies":[{"name":"wp","href":"https:\/\/api.w.org\/{rel}","templated":true}]}}