{"id":18747,"date":"2020-01-16T11:06:58","date_gmt":"2020-01-16T10:06:58","guid":{"rendered":"https:\/\/www.textillo.com\/produkt\/weise-baumwolltischdecke-alligator-wurfel\/"},"modified":"2020-01-16T11:06:58","modified_gmt":"2020-01-16T10:06:58","slug":"weise-baumwolltischdecke-alligator-wurfel","status":"publish","type":"product","link":"https:\/\/textillo.com\/de\/produkt\/weise-baumwolltischdecke-alligator-wurfel\/","title":{"rendered":"Wei\u00dfe Baumwolltischdecke Alligator-W\u00fcrfel"},"content":{"rendered":"<p>Wei\u00dfe Baumwolltischdecke, beeindruckt in jedem Restaurant-Interieur und auf jeder Tischplatte. Geschirr und Accessoires sehen immer elegant und edel aus.<\/p>\n<p>Die Tischdecke ist aus hochwertiger Baumwolle gefertigt. Es f\u00fchlt sich \u00e4u\u00dferst angenehm und weich an, was die Zufriedenheit bei der Benutzung erheblich beeinflusst. Er arrangiert sich perfekt auf jedem M\u00f6belst\u00fcck.<\/p>\n<p>Die Tischdecke ist sowohl f\u00fcr die Gastronomie als auch f\u00fcr den Hausgebrauch geeignet.<\/p>\n<p>Eine gro\u00dfe Auswahl an Gr\u00f6\u00dfen erm\u00f6glicht es Ihnen, das gew\u00e4hlte Modell besser an die vorhandenen M\u00f6bel anzupassen.<\/p>\n","protected":false},"excerpt":{"rendered":"<p>Pflege:<\/p>\n<p>Waschen: maximale Waschtemperatur 40 Grad C &#8211; normales Verfahren<br \/>\nBleichen: keine Bleiche verwenden \/ keine Bleiche<br \/>\nTrocknen: nicht im W\u00e4schetrockner<br \/>\nB\u00fcgeln: B\u00fcgeln bei maximaler Temperatur des unteren Brettes 150 Grad C<br \/>\nChemische Reinigung: professionelle chemische Reinigung in Tetrachlorethylen und allen bei Symbol F genannten L\u00f6sungsmitteln &#8211; normales Verfahren<\/p>\n<p>100 % Baumwolle, 190 g\/m2, Alligator<br \/>\nMuster\/Muster: w\u00fcrfelf\u00f6rmig<br \/>\nKantenbearbeitung: 2 cm Streifen<br \/>\nPolnisches Produkt, OEKO-TEX\u00ae Zertifikat<\/p>\n","protected":false},"featured_media":6078,"comment_status":"open","ping_status":"closed","template":"","meta":{"_monsterinsights_skip_tracking":false,"_monsterinsights_sitenote_active":false,"_monsterinsights_sitenote_note":"","_monsterinsights_sitenote_category":0},"product_brand":[],"product_cat":[593,599,662],"product_tag":[],"class_list":{"0":"post-18747","1":"product","2":"type-product","3":"status-publish","4":"has-post-thumbnail","6":"product_cat-hotel-de","7":"product_cat-tischtucher","8":"product_cat-tischtucher-de","9":"pa_desenwzor-wurfel","10":"pa_gramatura-190-g-m2-de","11":"pa_kolor-weis","12":"pa_rozmiar-140-x-140-cm-de","13":"pa_rozmiar-140-x-200-cm-de","14":"pa_rozmiar-140-x-220-cm-de","15":"pa_rozmiar-140-x-240-cm-de","16":"pa_rozmiar-160-x-200-cm-de","17":"pa_rozmiar-160-x-220-cm-de","18":"pa_rozmiar-160-x-240-cm-de","19":"pa_rozmiar-160-x-260-cm-de","20":"pa_rozmiar-160-x-280-cm-de","21":"pa_rozmiar-160-x-300-cm-de","22":"pa_rozmiar-160-x-320-cm-de","23":"pa_skladtkaniny-100-baumwolle","24":"pa_wykonczenie-2-cm-streifen","26":"first","27":"instock","28":"shipping-taxable","29":"purchasable","30":"product-type-variable","31":"has-default-attributes"},"aioseo_notices":[],"_links":{"self":[{"href":"https:\/\/textillo.com\/de\/wp-json\/wp\/v2\/product\/18747","targetHints":{"allow":["GET"]}}],"collection":[{"href":"https:\/\/textillo.com\/de\/wp-json\/wp\/v2\/product"}],"about":[{"href":"https:\/\/textillo.com\/de\/wp-json\/wp\/v2\/types\/product"}],"replies":[{"embeddable":true,"href":"https:\/\/textillo.com\/de\/wp-json\/wp\/v2\/comments?post=18747"}],"wp:featuredmedia":[{"embeddable":true,"href":"https:\/\/textillo.com\/de\/wp-json\/wp\/v2\/media\/6078"}],"wp:attachment":[{"href":"https:\/\/textillo.com\/de\/wp-json\/wp\/v2\/media?parent=18747"}],"wp:term":[{"taxonomy":"product_brand","embeddable":true,"href":"https:\/\/textillo.com\/de\/wp-json\/wp\/v2\/product_brand?post=18747"},{"taxonomy":"product_cat","embeddable":true,"href":"https:\/\/textillo.com\/de\/wp-json\/wp\/v2\/product_cat?post=18747"},{"taxonomy":"product_tag","embeddable":true,"href":"https:\/\/textillo.com\/de\/wp-json\/wp\/v2\/product_tag?post=18747"}],"curies":[{"name":"wp","href":"https:\/\/api.w.org\/{rel}","templated":true}]}}