{"id":18601,"date":"2021-07-22T13:07:03","date_gmt":"2021-07-22T11:07:09","guid":{"rendered":"https:\/\/www.textillo.com\/?post_type=product&#038;p=18601"},"modified":"2022-04-20T14:31:31","modified_gmt":"2022-04-20T12:31:31","slug":"hotelmantel-aus-weisser-baumwolle-weiss","status":"publish","type":"product","link":"https:\/\/textillo.com\/de\/produkt\/hotelmantel-aus-weisser-baumwolle-weiss\/","title":{"rendered":"Hotelmantel aus wei\u00dfer Baumwolle &#8211; wei\u00df"},"content":{"rendered":"<p>Hotelbademantel ist aus hochwertigem Material hergestellt, das aus 100 % Baumwolle besteht. Seine Struktur \u00e4hnelt einem klassischen Handtuch &#8211; es ist weich, absorbiert perfekt das \u00fcbersch\u00fcssige Wasser und, was am wichtigsten ist, seine nat\u00fcrliche Zusammensetzung l\u00e4sst die Haut darunter frei atmen.<br \/>\nDer Unisex-Bademantel, d.h. f\u00fcr M\u00e4nner und Frauen zugleich, zeichnet sich durch einen schlichten Schnitt aus, der durch einen Tailleng\u00fcrtel gepr\u00e4gt ist. Auf der rechten und linken Seite hat er Taschen, in die man kleine Dinge stecken kann. Es ist mit einem einfachen Kragen, ohne Kapuze, ausgestattet. Die optimale L\u00e4nge des Morgenmantels ist &#8220;hinter dem Knie&#8221;, sie h\u00e4ngt jedoch von der K\u00f6rpergr\u00f6\u00dfe der Person ab, die ihn tr\u00e4gt.<br \/>\nDieses Modell ist vor allem f\u00fcr Einrichtungen mit Spa- und Wellness-Zonen gedacht, kann aber auch von Einzelkunden genutzt werden.<br \/>\nDer Bademantel erf\u00fcllt alle Anforderungen an eine intensive Nutzung. Es kann bei 90\u00b0C gewaschen, im Trockner getrocknet und bei 150\u00b0C geb\u00fcgelt werden und ist nicht bleich- oder chlorbar. Es hat eine sehr gute Qualit\u00e4t, die Ihre Kunden zweifellos bemerken und sch\u00e4tzen werden.<\/p>\n","protected":false},"excerpt":{"rendered":"<p>Zusammensetzung: 100 % Baumwolle<br \/>\nLand der Produktion: Polen<br \/>\nGewicht: 450g\/m2<\/p>\n","protected":false},"featured_media":21720,"comment_status":"open","ping_status":"closed","template":"","meta":{"_monsterinsights_skip_tracking":false,"_monsterinsights_sitenote_active":false,"_monsterinsights_sitenote_note":"","_monsterinsights_sitenote_category":0},"product_brand":[],"product_cat":[629],"product_tag":[563],"class_list":{"0":"post-18601","1":"product","2":"type-product","3":"status-publish","4":"has-post-thumbnail","6":"product_cat-bademantel-hausschuhe","7":"product_tag-baumwolle","8":"pa_kolor-weis","9":"pa_material-baumwolle","10":"pa_rozmiar-l-de","11":"pa_rozmiar-m-de","12":"pa_rozmiar-s-de","13":"pa_rozmiar-xl-de","15":"first","16":"instock","17":"shipping-taxable","18":"purchasable","19":"product-type-variable","20":"has-default-attributes"},"aioseo_notices":[],"_links":{"self":[{"href":"https:\/\/textillo.com\/de\/wp-json\/wp\/v2\/product\/18601","targetHints":{"allow":["GET"]}}],"collection":[{"href":"https:\/\/textillo.com\/de\/wp-json\/wp\/v2\/product"}],"about":[{"href":"https:\/\/textillo.com\/de\/wp-json\/wp\/v2\/types\/product"}],"replies":[{"embeddable":true,"href":"https:\/\/textillo.com\/de\/wp-json\/wp\/v2\/comments?post=18601"}],"wp:featuredmedia":[{"embeddable":true,"href":"https:\/\/textillo.com\/de\/wp-json\/wp\/v2\/media\/21720"}],"wp:attachment":[{"href":"https:\/\/textillo.com\/de\/wp-json\/wp\/v2\/media?parent=18601"}],"wp:term":[{"taxonomy":"product_brand","embeddable":true,"href":"https:\/\/textillo.com\/de\/wp-json\/wp\/v2\/product_brand?post=18601"},{"taxonomy":"product_cat","embeddable":true,"href":"https:\/\/textillo.com\/de\/wp-json\/wp\/v2\/product_cat?post=18601"},{"taxonomy":"product_tag","embeddable":true,"href":"https:\/\/textillo.com\/de\/wp-json\/wp\/v2\/product_tag?post=18601"}],"curies":[{"name":"wp","href":"https:\/\/api.w.org\/{rel}","templated":true}]}}