{"id":18401,"date":"2021-07-14T12:42:02","date_gmt":"2021-07-14T10:42:03","guid":{"rendered":"https:\/\/www.textillo.com\/?post_type=product&#038;p=18401"},"modified":"2022-04-20T14:34:40","modified_gmt":"2022-04-20T12:34:40","slug":"bettlaken-aus-flachs-mit-gummizug-melange","status":"publish","type":"product","link":"https:\/\/textillo.com\/de\/produkt\/bettlaken-aus-flachs-mit-gummizug-melange\/","title":{"rendered":"Bettlaken aus Flachs mit Gummizug &#8211; melange"},"content":{"rendered":"<p>Das Bettlaken mit Gummizug ist aus 100 % Leinen stonewashed gefertigt. Im Vergleich zu anderen Stoffen ist Leinen extrem atmungsaktiv und hat eine hohe Feuchtigkeitsaufnahme, was bedeutet, dass das Leinenlaken Ihre Haut w\u00e4hrend der ganzen Nacht atmen l\u00e4sst und f\u00fcr ein Gef\u00fchl von Komfort und Frische sorgt.<\/p>\n<p>Das Laken hat ein elastisches Band, das bis in den Tunnel eingen\u00e4ht ist, wodurch es sich perfekt an die Matratze anpasst und immer an seinem Platz bleibt. W\u00e4hrend des Schlafs faltet oder zieht es an keiner Stelle, was einen hohen Komfort gew\u00e4hrleistet. Es muss nicht geb\u00fcgelt werden, denn sobald es auf die Matratze gelegt wird, gl\u00e4tten sich alle Falten und verschwinden.<\/p>\n<p>Es ist luftdurchl\u00e4ssig und trocknet schnell. Es schimmelt nicht und verliert auch nach vielen W\u00e4schen nicht die Farbe.<\/p>\n<p>Die Platten sind in 5 Gr\u00f6\u00dfen erh\u00e4ltlich: 90 x 200 cm, 120 x 200 cm, 140 x 200 cm, 160 x 200 cm, 180 x 200 cm<\/p>\n<p>Das Produkt wird in Polen hergestellt. Es ist sicher f\u00fcr Kinder. Erh\u00e4ltlich in vielen Farben und Gr\u00f6\u00dfen.<\/p>\n","protected":false},"excerpt":{"rendered":"<p>100 % Leinen<br \/>\nAuf elastisch<br \/>\nWaschtemperatur 60\u00b0C<br \/>\nPOLIZEIPRODUKT<\/p>\n","protected":false},"featured_media":18362,"comment_status":"open","ping_status":"closed","template":"","meta":{"_monsterinsights_skip_tracking":false,"_monsterinsights_sitenote_active":false,"_monsterinsights_sitenote_note":"","_monsterinsights_sitenote_category":0},"product_brand":[],"product_cat":[2094],"product_tag":[564,2093],"class_list":{"0":"post-18401","1":"product","2":"type-product","3":"status-publish","4":"has-post-thumbnail","6":"product_cat-leinentuch-mit-gummiband","7":"product_tag-blatt","8":"product_tag-leinentuch","9":"pa_rozmiar-120-x-200-cm-de","10":"pa_rozmiar-140-x-200-cm-de","11":"pa_rozmiar-160-x-200-cm-de","12":"pa_rozmiar-180-x-200-cm-de","13":"pa_rozmiar-90-x-200-cm-de","14":"pa_skladtkaniny-100-leinentuch","16":"first","17":"instock","18":"shipping-taxable","19":"purchasable","20":"product-type-variable","21":"has-default-attributes"},"aioseo_notices":[],"_links":{"self":[{"href":"https:\/\/textillo.com\/de\/wp-json\/wp\/v2\/product\/18401","targetHints":{"allow":["GET"]}}],"collection":[{"href":"https:\/\/textillo.com\/de\/wp-json\/wp\/v2\/product"}],"about":[{"href":"https:\/\/textillo.com\/de\/wp-json\/wp\/v2\/types\/product"}],"replies":[{"embeddable":true,"href":"https:\/\/textillo.com\/de\/wp-json\/wp\/v2\/comments?post=18401"}],"wp:featuredmedia":[{"embeddable":true,"href":"https:\/\/textillo.com\/de\/wp-json\/wp\/v2\/media\/18362"}],"wp:attachment":[{"href":"https:\/\/textillo.com\/de\/wp-json\/wp\/v2\/media?parent=18401"}],"wp:term":[{"taxonomy":"product_brand","embeddable":true,"href":"https:\/\/textillo.com\/de\/wp-json\/wp\/v2\/product_brand?post=18401"},{"taxonomy":"product_cat","embeddable":true,"href":"https:\/\/textillo.com\/de\/wp-json\/wp\/v2\/product_cat?post=18401"},{"taxonomy":"product_tag","embeddable":true,"href":"https:\/\/textillo.com\/de\/wp-json\/wp\/v2\/product_tag?post=18401"}],"curies":[{"name":"wp","href":"https:\/\/api.w.org\/{rel}","templated":true}]}}