{"id":17703,"date":"2020-08-28T11:39:04","date_gmt":"2020-08-28T09:39:04","guid":{"rendered":"https:\/\/www.textillo.com\/produkt\/baumwoll-kissenbezug-dream-line\/"},"modified":"2020-08-28T11:39:04","modified_gmt":"2020-08-28T09:39:04","slug":"baumwoll-kissenbezug-dream-line","status":"publish","type":"product","link":"https:\/\/textillo.com\/de\/produkt\/baumwoll-kissenbezug-dream-line\/","title":{"rendered":"Baumwoll-Kissenbezug &#8211; Dream Line"},"content":{"rendered":"<p>Was f\u00fcr ein Kopfkissenbezug ist das? Definitiv aus einem nat\u00fcrlichen Material gen\u00e4ht, n\u00e4mlich aus Baumwolle, die sich nicht nur angenehm anf\u00fchlt, sondern auch gesund und pflegeleicht ist. Es kann bei hoher Temperatur gewaschen werden, so dass es keine Gelegenheit zur Entwicklung sch\u00e4dlicher Bakterien gibt.<\/p>\n","protected":false},"excerpt":{"rendered":"<p>Zusammensetzung: 100 % Baumwolle<br \/>\nGewicht: 145 g\/m2<br \/>\nLand der Produktion: Polen<br \/>\nVerschluss: Rei\u00dfverschluss<\/p>\n","protected":false},"featured_media":17696,"comment_status":"open","ping_status":"closed","template":"","meta":{"_monsterinsights_skip_tracking":false,"_monsterinsights_sitenote_active":false,"_monsterinsights_sitenote_note":"","_monsterinsights_sitenote_category":0},"product_brand":[],"product_cat":[683,680],"product_tag":[782],"class_list":{"0":"post-17703","1":"product","2":"type-product","3":"status-publish","4":"has-post-thumbnail","6":"product_cat-baumwolle","7":"product_cat-kopfkissenbezuge","8":"product_tag-kopfkissenbezug","9":"pa_kolor-13-rosa-geometrisch","10":"pa_kolor-14-weis","11":"pa_kolor-34j-geometrisch-grau","12":"pa_kolor-9-marineblau","13":"pa_kolor-15-beige-de","14":"pa_rozmiar-50-x-60-cm-de","15":"pa_rozmiar-50-x-80-cm-de","16":"pa_rozmiar-60-x-70-cm-de","17":"pa_rozmiar-65-x-65-cm-de","18":"pa_skladtkaniny-100-baumwolle","20":"first","21":"instock","22":"shipping-taxable","23":"purchasable","24":"product-type-variable","25":"has-default-attributes"},"aioseo_notices":[],"_links":{"self":[{"href":"https:\/\/textillo.com\/de\/wp-json\/wp\/v2\/product\/17703","targetHints":{"allow":["GET"]}}],"collection":[{"href":"https:\/\/textillo.com\/de\/wp-json\/wp\/v2\/product"}],"about":[{"href":"https:\/\/textillo.com\/de\/wp-json\/wp\/v2\/types\/product"}],"replies":[{"embeddable":true,"href":"https:\/\/textillo.com\/de\/wp-json\/wp\/v2\/comments?post=17703"}],"wp:featuredmedia":[{"embeddable":true,"href":"https:\/\/textillo.com\/de\/wp-json\/wp\/v2\/media\/17696"}],"wp:attachment":[{"href":"https:\/\/textillo.com\/de\/wp-json\/wp\/v2\/media?parent=17703"}],"wp:term":[{"taxonomy":"product_brand","embeddable":true,"href":"https:\/\/textillo.com\/de\/wp-json\/wp\/v2\/product_brand?post=17703"},{"taxonomy":"product_cat","embeddable":true,"href":"https:\/\/textillo.com\/de\/wp-json\/wp\/v2\/product_cat?post=17703"},{"taxonomy":"product_tag","embeddable":true,"href":"https:\/\/textillo.com\/de\/wp-json\/wp\/v2\/product_tag?post=17703"}],"curies":[{"name":"wp","href":"https:\/\/api.w.org\/{rel}","templated":true}]}}