{"id":17654,"date":"2020-09-02T08:39:00","date_gmt":"2020-09-02T06:39:00","guid":{"rendered":"https:\/\/www.textillo.com\/produkt\/jersey-kopfkissenbezug-dream-line-40-x-40-cm-smaragd\/"},"modified":"2020-09-02T08:39:00","modified_gmt":"2020-09-02T06:39:00","slug":"jersey-kopfkissenbezug-dream-line-40-x-40-cm-smaragd","status":"publish","type":"product","link":"https:\/\/textillo.com\/de\/produkt\/jersey-kopfkissenbezug-dream-line-40-x-40-cm-smaragd\/","title":{"rendered":"Jersey-Kopfkissenbezug &#8211; Dream Line &#8211; 40 x 40 cm &#8211; Smaragd"},"content":{"rendered":"<p>Wie ist der Kopfkissenbezug? Definitiv aus einem nat\u00fcrlichen Material gen\u00e4ht, n\u00e4mlich aus Baumwolle, die sich nicht nur angenehm anf\u00fchlt, sondern auch gesund und pflegeleicht ist. Es kann bei hoher Temperatur gewaschen werden, so dass es keine Gelegenheit zur Entwicklung sch\u00e4dlicher Bakterien gibt.<\/p>\n<p>Der Kopfkissenbezug ist perfekt f\u00fcr alle 4 Jahreszeiten &#8211; er h\u00e4lt Sie warm und ist trotzdem atmungsaktiv. Die optimale Dicke des Baumwollgarns sorgt f\u00fcr Haltbarkeit und eine glatte, angenehme Textur. Dank seines dicken Gewichts von 145 g\/m2 ist das Gewebe extrem widerstandsf\u00e4hig gegen Abrieb und Rissbildung bei Gebrauch oder h\u00e4ufigem Waschen.<\/p>\n","protected":false},"excerpt":{"rendered":"<p>Zusammensetzung: 100 % Baumwolle<br \/>\nGewicht: 145 g\/m2<br \/>\nLand der Produktion: Polen<br \/>\nVerschluss: Rei\u00dfverschluss<\/p>\n","protected":false},"featured_media":17594,"comment_status":"open","ping_status":"closed","template":"","meta":{"_monsterinsights_skip_tracking":false,"_monsterinsights_sitenote_active":false,"_monsterinsights_sitenote_note":"","_monsterinsights_sitenote_category":0},"product_brand":[],"product_cat":[692,680],"product_tag":[761,782],"class_list":{"0":"post-17654","1":"product","2":"type-product","3":"status-publish","4":"has-post-thumbnail","6":"product_cat-jersey-de","7":"product_cat-kopfkissenbezuge","8":"product_tag-jersey-de","9":"product_tag-kopfkissenbezug","10":"pa_kolor-szmaragdowy-11","11":"pa_skladtkaniny-100-baumwolle","13":"first","14":"instock","15":"shipping-taxable","16":"purchasable","17":"product-type-simple"},"aioseo_notices":[],"_links":{"self":[{"href":"https:\/\/textillo.com\/de\/wp-json\/wp\/v2\/product\/17654","targetHints":{"allow":["GET"]}}],"collection":[{"href":"https:\/\/textillo.com\/de\/wp-json\/wp\/v2\/product"}],"about":[{"href":"https:\/\/textillo.com\/de\/wp-json\/wp\/v2\/types\/product"}],"replies":[{"embeddable":true,"href":"https:\/\/textillo.com\/de\/wp-json\/wp\/v2\/comments?post=17654"}],"wp:featuredmedia":[{"embeddable":true,"href":"https:\/\/textillo.com\/de\/wp-json\/wp\/v2\/media\/17594"}],"wp:attachment":[{"href":"https:\/\/textillo.com\/de\/wp-json\/wp\/v2\/media?parent=17654"}],"wp:term":[{"taxonomy":"product_brand","embeddable":true,"href":"https:\/\/textillo.com\/de\/wp-json\/wp\/v2\/product_brand?post=17654"},{"taxonomy":"product_cat","embeddable":true,"href":"https:\/\/textillo.com\/de\/wp-json\/wp\/v2\/product_cat?post=17654"},{"taxonomy":"product_tag","embeddable":true,"href":"https:\/\/textillo.com\/de\/wp-json\/wp\/v2\/product_tag?post=17654"}],"curies":[{"name":"wp","href":"https:\/\/api.w.org\/{rel}","templated":true}]}}