{"id":17523,"date":"2020-09-02T09:22:39","date_gmt":"2020-09-02T07:22:39","guid":{"rendered":"https:\/\/www.textillo.com\/produkt\/jersey-kopfkissenbezug-dream-line-40-x-40-cm-aubergine\/"},"modified":"2020-09-02T09:22:39","modified_gmt":"2020-09-02T07:22:39","slug":"jersey-kopfkissenbezug-dream-line-40-x-40-cm-aubergine","status":"publish","type":"product","link":"https:\/\/textillo.com\/de\/produkt\/jersey-kopfkissenbezug-dream-line-40-x-40-cm-aubergine\/","title":{"rendered":"Jersey-Kopfkissenbezug &#8211; Dream Line &#8211; 40 x 40 cm &#8211; Aubergine"},"content":{"rendered":"<p>Was f\u00fcr ein Kopfkissenbezug ist das? Definitiv aus einem nat\u00fcrlichen Material gen\u00e4ht &#8211; Baumwolle, die sich nicht nur angenehm anf\u00fchlt, sondern auch gesund und leicht zu pflegen ist.<\/p>\n<p>Der Kopfkissenbezug ist perfekt f\u00fcr alle 4 Jahreszeiten &#8211; er h\u00e4lt Sie warm, w\u00e4hrend Sie atmen. Die optimale Dicke des Baumwollgarns sorgt f\u00fcr Haltbarkeit und eine glatte, angenehme Textur. Dank seiner dicken Masse von 200g\/m2 ist das Gewebe extrem widerstandsf\u00e4hig gegen Abrieb und Rissbildung bei Gebrauch oder h\u00e4ufigem Waschen.<\/p>\n","protected":false},"excerpt":{"rendered":"<p>Zusammensetzung: 100 % Baumwolle<br \/>\nGewicht: 145 g\/m2<br \/>\nLand der Produktion: Polen<br \/>\nVerschluss: Rei\u00dfverschluss<\/p>\n","protected":false},"featured_media":17492,"comment_status":"open","ping_status":"closed","template":"","meta":{"_monsterinsights_skip_tracking":false,"_monsterinsights_sitenote_active":false,"_monsterinsights_sitenote_note":"","_monsterinsights_sitenote_category":0},"product_brand":[],"product_cat":[665,680],"product_tag":[761,782],"class_list":{"0":"post-17523","1":"product","2":"type-product","3":"status-publish","4":"has-post-thumbnail","6":"product_cat-kopfkissen-de","7":"product_cat-kopfkissenbezuge","8":"product_tag-jersey-de","9":"product_tag-kopfkissenbezug","10":"pa_kolor-aubergine-39-de","11":"pa_skladtkaniny-100-baumwolle","13":"first","14":"instock","15":"shipping-taxable","16":"purchasable","17":"product-type-simple"},"aioseo_notices":[],"_links":{"self":[{"href":"https:\/\/textillo.com\/de\/wp-json\/wp\/v2\/product\/17523","targetHints":{"allow":["GET"]}}],"collection":[{"href":"https:\/\/textillo.com\/de\/wp-json\/wp\/v2\/product"}],"about":[{"href":"https:\/\/textillo.com\/de\/wp-json\/wp\/v2\/types\/product"}],"replies":[{"embeddable":true,"href":"https:\/\/textillo.com\/de\/wp-json\/wp\/v2\/comments?post=17523"}],"wp:featuredmedia":[{"embeddable":true,"href":"https:\/\/textillo.com\/de\/wp-json\/wp\/v2\/media\/17492"}],"wp:attachment":[{"href":"https:\/\/textillo.com\/de\/wp-json\/wp\/v2\/media?parent=17523"}],"wp:term":[{"taxonomy":"product_brand","embeddable":true,"href":"https:\/\/textillo.com\/de\/wp-json\/wp\/v2\/product_brand?post=17523"},{"taxonomy":"product_cat","embeddable":true,"href":"https:\/\/textillo.com\/de\/wp-json\/wp\/v2\/product_cat?post=17523"},{"taxonomy":"product_tag","embeddable":true,"href":"https:\/\/textillo.com\/de\/wp-json\/wp\/v2\/product_tag?post=17523"}],"curies":[{"name":"wp","href":"https:\/\/api.w.org\/{rel}","templated":true}]}}