{"id":17520,"date":"2020-09-02T09:24:54","date_gmt":"2020-09-02T07:24:54","guid":{"rendered":"https:\/\/www.textillo.com\/produkt\/jersey-kopfkissenbezug-dream-line-40-x-40-cm-graphit\/"},"modified":"2020-09-02T09:24:54","modified_gmt":"2020-09-02T07:24:54","slug":"jersey-kopfkissenbezug-dream-line-40-x-40-cm-graphit","status":"publish","type":"product","link":"https:\/\/textillo.com\/de\/produkt\/jersey-kopfkissenbezug-dream-line-40-x-40-cm-graphit\/","title":{"rendered":"Jersey-Kopfkissenbezug &#8211; Dream Line &#8211; 40 x 40 cm &#8211; Graphit"},"content":{"rendered":"<p>Was ist ein Kopfkissenbezug? Definitiv aus einem nat\u00fcrlichen Material gen\u00e4ht, n\u00e4mlich aus Baumwolle, die sich nicht nur angenehm anf\u00fchlt, sondern auch gesund und pflegeleicht ist.<\/p>\n<p>Der Kopfkissenbezug ist perfekt f\u00fcr alle 4 Jahreszeiten &#8211; er h\u00e4lt Sie warm, w\u00e4hrend Sie atmen. Die optimale Dicke des Baumwollgarns sorgt f\u00fcr Haltbarkeit und eine glatte, angenehme Textur. Dank seiner dicken Masse von 200g\/m2 ist das Gewebe extrem widerstandsf\u00e4hig gegen Abrieb und Rissbildung bei Gebrauch oder h\u00e4ufigem Waschen.<\/p>\n","protected":false},"excerpt":{"rendered":"<p>Zusammensetzung: 100 % Baumwolle<br \/>\nGewicht: 145 g\/m2<br \/>\nLand der Produktion: Polen<br \/>\nVerschluss: Rei\u00dfverschluss<\/p>\n","protected":false},"featured_media":7755,"comment_status":"open","ping_status":"closed","template":"","meta":{"_monsterinsights_skip_tracking":false,"_monsterinsights_sitenote_active":false,"_monsterinsights_sitenote_note":"","_monsterinsights_sitenote_category":0},"product_brand":[],"product_cat":[680],"product_tag":[761,782],"class_list":{"0":"post-17520","1":"product","2":"type-product","3":"status-publish","4":"has-post-thumbnail","6":"product_cat-kopfkissenbezuge","7":"product_tag-jersey-de","8":"product_tag-kopfkissenbezug","9":"pa_kolor-grafitowy-40","10":"pa_skladtkaniny-100-baumwolle","12":"first","13":"instock","14":"shipping-taxable","15":"purchasable","16":"product-type-simple"},"aioseo_notices":[],"_links":{"self":[{"href":"https:\/\/textillo.com\/de\/wp-json\/wp\/v2\/product\/17520","targetHints":{"allow":["GET"]}}],"collection":[{"href":"https:\/\/textillo.com\/de\/wp-json\/wp\/v2\/product"}],"about":[{"href":"https:\/\/textillo.com\/de\/wp-json\/wp\/v2\/types\/product"}],"replies":[{"embeddable":true,"href":"https:\/\/textillo.com\/de\/wp-json\/wp\/v2\/comments?post=17520"}],"wp:featuredmedia":[{"embeddable":true,"href":"https:\/\/textillo.com\/de\/wp-json\/wp\/v2\/media\/7755"}],"wp:attachment":[{"href":"https:\/\/textillo.com\/de\/wp-json\/wp\/v2\/media?parent=17520"}],"wp:term":[{"taxonomy":"product_brand","embeddable":true,"href":"https:\/\/textillo.com\/de\/wp-json\/wp\/v2\/product_brand?post=17520"},{"taxonomy":"product_cat","embeddable":true,"href":"https:\/\/textillo.com\/de\/wp-json\/wp\/v2\/product_cat?post=17520"},{"taxonomy":"product_tag","embeddable":true,"href":"https:\/\/textillo.com\/de\/wp-json\/wp\/v2\/product_tag?post=17520"}],"curies":[{"name":"wp","href":"https:\/\/api.w.org\/{rel}","templated":true}]}}