{"id":17511,"date":"2020-09-02T09:29:50","date_gmt":"2020-09-02T07:29:50","guid":{"rendered":"https:\/\/www.textillo.com\/produkt\/jersey-kopfkissenbezug-dream-line-40-x-40-cm-turkis\/"},"modified":"2020-09-02T09:29:50","modified_gmt":"2020-09-02T07:29:50","slug":"jersey-kopfkissenbezug-dream-line-40-x-40-cm-turkis","status":"publish","type":"product","link":"https:\/\/textillo.com\/de\/produkt\/jersey-kopfkissenbezug-dream-line-40-x-40-cm-turkis\/","title":{"rendered":"Jersey-Kopfkissenbezug &#8211; Dream Line &#8211; 40 x 40 cm &#8211; T\u00fcrkis"},"content":{"rendered":"<p>Wie ist der Kopfkissenbezug? Definitiv aus einem nat\u00fcrlichen Material gen\u00e4ht &#8211; Baumwolle, die sich nicht nur angenehm anf\u00fchlt, sondern auch gesund und leicht zu pflegen ist.<\/p>\n<p>Kopfkissenbezug ist perfekt f\u00fcr alle 4 Jahreszeiten &#8211; h\u00e4lt warm und atmet. Die optimale Dicke des Baumwollgarns sorgt f\u00fcr Haltbarkeit und eine glatte, angenehme Textur. Dank seiner dicken Masse von 200g\/m2 ist das Gewebe extrem widerstandsf\u00e4hig gegen Abrieb und Rissbildung bei Gebrauch oder h\u00e4ufigem Waschen.<\/p>\n","protected":false},"excerpt":{"rendered":"<p>Zusammensetzung: 100 % Baumwolle<br \/>\nGewicht: 145 g\/m2<br \/>\nLand der Produktion: Polen<br \/>\nVerschluss: Rei\u00dfverschluss<\/p>\n","protected":false},"featured_media":7800,"comment_status":"open","ping_status":"closed","template":"","meta":{"_monsterinsights_skip_tracking":false,"_monsterinsights_sitenote_active":false,"_monsterinsights_sitenote_note":"","_monsterinsights_sitenote_category":0},"product_brand":[],"product_cat":[680],"product_tag":[761,782],"class_list":{"0":"post-17511","1":"product","2":"type-product","3":"status-publish","4":"has-post-thumbnail","6":"product_cat-kopfkissenbezuge","7":"product_tag-jersey-de","8":"product_tag-kopfkissenbezug","9":"pa_kolor-turkusowy-43","10":"pa_skladtkaniny-100-baumwolle","12":"first","13":"instock","14":"shipping-taxable","15":"purchasable","16":"product-type-simple"},"aioseo_notices":[],"_links":{"self":[{"href":"https:\/\/textillo.com\/de\/wp-json\/wp\/v2\/product\/17511","targetHints":{"allow":["GET"]}}],"collection":[{"href":"https:\/\/textillo.com\/de\/wp-json\/wp\/v2\/product"}],"about":[{"href":"https:\/\/textillo.com\/de\/wp-json\/wp\/v2\/types\/product"}],"replies":[{"embeddable":true,"href":"https:\/\/textillo.com\/de\/wp-json\/wp\/v2\/comments?post=17511"}],"wp:featuredmedia":[{"embeddable":true,"href":"https:\/\/textillo.com\/de\/wp-json\/wp\/v2\/media\/7800"}],"wp:attachment":[{"href":"https:\/\/textillo.com\/de\/wp-json\/wp\/v2\/media?parent=17511"}],"wp:term":[{"taxonomy":"product_brand","embeddable":true,"href":"https:\/\/textillo.com\/de\/wp-json\/wp\/v2\/product_brand?post=17511"},{"taxonomy":"product_cat","embeddable":true,"href":"https:\/\/textillo.com\/de\/wp-json\/wp\/v2\/product_cat?post=17511"},{"taxonomy":"product_tag","embeddable":true,"href":"https:\/\/textillo.com\/de\/wp-json\/wp\/v2\/product_tag?post=17511"}],"curies":[{"name":"wp","href":"https:\/\/api.w.org\/{rel}","templated":true}]}}