{"id":17324,"date":"2020-09-04T10:47:42","date_gmt":"2020-09-04T08:47:42","guid":{"rendered":"https:\/\/www.textillo.com\/produkt\/frottee-kissenbezug-dream-line-40-x-40-cm-smaragd\/"},"modified":"2023-07-23T12:24:01","modified_gmt":"2023-07-23T10:24:01","slug":"frottee-kissenbezug-dream-line-40-x-40-cm-smaragd","status":"publish","type":"product","link":"https:\/\/textillo.com\/de\/produkt\/frottee-kissenbezug-dream-line-40-x-40-cm-smaragd\/","title":{"rendered":"Frottee-Kissenbezug &#8211; Dream Line &#8211; 40 x 40 cm &#8211; Smaragd"},"content":{"rendered":"<p>Was f\u00fcr ein Kopfkissenbezug ist das? Definitiv aus einem nat\u00fcrlichen Material gen\u00e4ht, n\u00e4mlich aus Baumwolle, die sich nicht nur angenehm anf\u00fchlt, sondern auch gesund und pflegeleicht ist.<\/p>\n<p>Der Kopfkissenbezug ist perfekt f\u00fcr alle 4 Jahreszeiten &#8211; er h\u00e4lt Sie warm, w\u00e4hrend Sie atmen. Die optimale Dicke des Baumwollgarns sorgt f\u00fcr Haltbarkeit und eine glatte, angenehme Textur. Dank seiner dicken Masse von 200g\/m2 ist das Gewebe extrem widerstandsf\u00e4hig gegen Abrieb und Rissbildung bei Gebrauch oder h\u00e4ufigem Waschen.<\/p>\n","protected":false},"excerpt":{"rendered":"<p>Zusammensetzung: 80% Baumwolle, 20% Polyester<br \/>\nGewicht: 200 g\/m2<br \/>\nLand der Produktion: Polen<br \/>\nVerschluss: Rei\u00dfverschluss<\/p>\n","protected":false},"featured_media":17317,"comment_status":"open","ping_status":"closed","template":"","meta":{"_monsterinsights_skip_tracking":false,"_monsterinsights_sitenote_active":false,"_monsterinsights_sitenote_note":"","_monsterinsights_sitenote_category":0},"product_brand":[],"product_cat":[689,680],"product_tag":[],"class_list":{"0":"post-17324","1":"product","2":"type-product","3":"status-publish","4":"has-post-thumbnail","6":"product_cat-frotte-de","7":"product_cat-kopfkissenbezuge","8":"pa_kolor-szmaragdowy-11","9":"pa_skladtkaniny-80-baumwolle-20-polyester","11":"first","12":"outofstock","13":"shipping-taxable","14":"purchasable","15":"product-type-simple"},"aioseo_notices":[],"_links":{"self":[{"href":"https:\/\/textillo.com\/de\/wp-json\/wp\/v2\/product\/17324","targetHints":{"allow":["GET"]}}],"collection":[{"href":"https:\/\/textillo.com\/de\/wp-json\/wp\/v2\/product"}],"about":[{"href":"https:\/\/textillo.com\/de\/wp-json\/wp\/v2\/types\/product"}],"replies":[{"embeddable":true,"href":"https:\/\/textillo.com\/de\/wp-json\/wp\/v2\/comments?post=17324"}],"wp:featuredmedia":[{"embeddable":true,"href":"https:\/\/textillo.com\/de\/wp-json\/wp\/v2\/media\/17317"}],"wp:attachment":[{"href":"https:\/\/textillo.com\/de\/wp-json\/wp\/v2\/media?parent=17324"}],"wp:term":[{"taxonomy":"product_brand","embeddable":true,"href":"https:\/\/textillo.com\/de\/wp-json\/wp\/v2\/product_brand?post=17324"},{"taxonomy":"product_cat","embeddable":true,"href":"https:\/\/textillo.com\/de\/wp-json\/wp\/v2\/product_cat?post=17324"},{"taxonomy":"product_tag","embeddable":true,"href":"https:\/\/textillo.com\/de\/wp-json\/wp\/v2\/product_tag?post=17324"}],"curies":[{"name":"wp","href":"https:\/\/api.w.org\/{rel}","templated":true}]}}