{"id":17286,"date":"2020-09-04T11:10:51","date_gmt":"2020-09-04T09:10:51","guid":{"rendered":"https:\/\/www.textillo.com\/produkt\/frottee-kopfkissenbezug-dream-line-40-x-40-cm-bright-orange\/"},"modified":"2020-09-04T11:10:51","modified_gmt":"2020-09-04T09:10:51","slug":"frottee-kopfkissenbezug-dream-line-40-x-40-cm-bright-orange","status":"publish","type":"product","link":"https:\/\/textillo.com\/de\/produkt\/frottee-kopfkissenbezug-dream-line-40-x-40-cm-bright-orange\/","title":{"rendered":"Frottee-Kopfkissenbezug &#8211; Dream Line &#8211; 40 x 40 cm &#8211; Bright Orange"},"content":{"rendered":"<p>Wie sieht ein Kopfkissenbezug aus? Definitiv aus einem nat\u00fcrlichen Material gen\u00e4ht &#8211; Baumwolle, die sich nicht nur angenehm anf\u00fchlt, sondern auch gesund und leicht zu pflegen ist.<\/p>\n<p>Der Kopfkissenbezug ist perfekt f\u00fcr alle 4 Jahreszeiten &#8211; er h\u00e4lt Sie warm, w\u00e4hrend Sie atmen. Die optimale Dicke des Baumwollgarns sorgt f\u00fcr Haltbarkeit und eine glatte, angenehme Textur. Dank seiner dicken Masse von 200g\/m2 ist das Gewebe extrem widerstandsf\u00e4hig gegen Abrieb und Rissbildung bei Gebrauch oder h\u00e4ufigem Waschen.<\/p>\n","protected":false},"excerpt":{"rendered":"<p>Zusammensetzung: 80% Baumwolle, 20% Polyester<br \/>\nGewicht: 200 g\/m2<br \/>\nLand der Produktion: Polen<br \/>\nVerschluss: Rei\u00dfverschluss<\/p>\n","protected":false},"featured_media":8484,"comment_status":"open","ping_status":"closed","template":"","meta":{"_monsterinsights_skip_tracking":false,"_monsterinsights_sitenote_active":false,"_monsterinsights_sitenote_note":"","_monsterinsights_sitenote_category":0},"product_brand":[],"product_cat":[689,680],"product_tag":[],"class_list":{"0":"post-17286","1":"product","2":"type-product","3":"status-publish","4":"has-post-thumbnail","6":"product_cat-frotte-de","7":"product_cat-kopfkissenbezuge","8":"pa_kolor-pomaranczowy-1","9":"pa_skladtkaniny-80-baumwolle-20-polyester","11":"first","12":"instock","13":"shipping-taxable","14":"purchasable","15":"product-type-simple"},"aioseo_notices":[],"_links":{"self":[{"href":"https:\/\/textillo.com\/de\/wp-json\/wp\/v2\/product\/17286","targetHints":{"allow":["GET"]}}],"collection":[{"href":"https:\/\/textillo.com\/de\/wp-json\/wp\/v2\/product"}],"about":[{"href":"https:\/\/textillo.com\/de\/wp-json\/wp\/v2\/types\/product"}],"replies":[{"embeddable":true,"href":"https:\/\/textillo.com\/de\/wp-json\/wp\/v2\/comments?post=17286"}],"wp:featuredmedia":[{"embeddable":true,"href":"https:\/\/textillo.com\/de\/wp-json\/wp\/v2\/media\/8484"}],"wp:attachment":[{"href":"https:\/\/textillo.com\/de\/wp-json\/wp\/v2\/media?parent=17286"}],"wp:term":[{"taxonomy":"product_brand","embeddable":true,"href":"https:\/\/textillo.com\/de\/wp-json\/wp\/v2\/product_brand?post=17286"},{"taxonomy":"product_cat","embeddable":true,"href":"https:\/\/textillo.com\/de\/wp-json\/wp\/v2\/product_cat?post=17286"},{"taxonomy":"product_tag","embeddable":true,"href":"https:\/\/textillo.com\/de\/wp-json\/wp\/v2\/product_tag?post=17286"}],"curies":[{"name":"wp","href":"https:\/\/api.w.org\/{rel}","templated":true}]}}