{"id":17283,"date":"2020-09-02T09:53:57","date_gmt":"2020-09-02T07:53:57","guid":{"rendered":"https:\/\/www.textillo.com\/produkt\/weiser-kopfkissenbezug-fullung-40-x-40-cm\/"},"modified":"2020-09-02T09:53:57","modified_gmt":"2020-09-02T07:53:57","slug":"weiser-kopfkissenbezug-fullung-40-x-40-cm","status":"publish","type":"product","link":"https:\/\/textillo.com\/de\/produkt\/weiser-kopfkissenbezug-fullung-40-x-40-cm\/","title":{"rendered":"Wei\u00dfer Kopfkissenbezug F\u00fcllung 40 x 40 cm"},"content":{"rendered":"<p>Die F\u00fcllung des dekorativen Kissenbezugs wurde in einer polnischen N\u00e4herei, die sich auf die Herstellung von Bettbez\u00fcgen und Kissen spezialisiert hat, sorgf\u00e4ltig hergestellt. Es hat eine wei\u00dfe, transparente Farbe, die sich sehr \u00e4sthetisch pr\u00e4sentiert.<\/p>\n<p>Die Kissenbezugs-Einlage besteht aus Vliesstoff, der aus 100 % Polyester besteht. Er ist mit HCS-silikonisiertem Polyester gef\u00fcllt, was ihm Elastizit\u00e4t und Volumen verleiht. Dank der hochwertigen F\u00fcllung beh\u00e4lt er seine urspr\u00fcngliche Form sehr lange bei. <\/p>\n<p>Die Kisseneinlage hat die Gr\u00f6\u00dfe von 40\u00d740 cm (+\/- 2 cm), gemessen mit einem Schneiderzentimeter am Umfang. Sie passt in einen Zierkissenbezug gleicher Gr\u00f6\u00dfe, wer jedoch die Wirkung einer kr\u00e4ftigen F\u00fcllung bevorzugt, sollte eine gr\u00f6\u00dfere Einlage w\u00e4hlen. Das Kissen kann bei Temperaturen bis zu 30\u00b0C gewaschen und im W\u00e4schetrockner auf niedriger Stufe getrocknet werden.<\/p>\n","protected":false},"excerpt":{"rendered":"<p>Zusammensetzung: 100 % Polyester<br \/>\nGr\u00f6\u00dfe: 40\u00d740 cm<br \/>\nLand der Produktion: Polen<\/p>\n","protected":false},"featured_media":7830,"comment_status":"open","ping_status":"closed","template":"","meta":{"_monsterinsights_skip_tracking":false,"_monsterinsights_sitenote_active":false,"_monsterinsights_sitenote_note":"","_monsterinsights_sitenote_category":0},"product_brand":[],"product_cat":[728],"product_tag":[],"class_list":{"0":"post-17283","1":"product","2":"type-product","3":"status-publish","4":"has-post-thumbnail","6":"product_cat-oko-beutel","7":"pa_skladtkaniny-100-polyester-de","9":"first","10":"outofstock","11":"shipping-taxable","12":"purchasable","13":"product-type-simple"},"aioseo_notices":[],"_links":{"self":[{"href":"https:\/\/textillo.com\/de\/wp-json\/wp\/v2\/product\/17283","targetHints":{"allow":["GET"]}}],"collection":[{"href":"https:\/\/textillo.com\/de\/wp-json\/wp\/v2\/product"}],"about":[{"href":"https:\/\/textillo.com\/de\/wp-json\/wp\/v2\/types\/product"}],"replies":[{"embeddable":true,"href":"https:\/\/textillo.com\/de\/wp-json\/wp\/v2\/comments?post=17283"}],"wp:featuredmedia":[{"embeddable":true,"href":"https:\/\/textillo.com\/de\/wp-json\/wp\/v2\/media\/7830"}],"wp:attachment":[{"href":"https:\/\/textillo.com\/de\/wp-json\/wp\/v2\/media?parent=17283"}],"wp:term":[{"taxonomy":"product_brand","embeddable":true,"href":"https:\/\/textillo.com\/de\/wp-json\/wp\/v2\/product_brand?post=17283"},{"taxonomy":"product_cat","embeddable":true,"href":"https:\/\/textillo.com\/de\/wp-json\/wp\/v2\/product_cat?post=17283"},{"taxonomy":"product_tag","embeddable":true,"href":"https:\/\/textillo.com\/de\/wp-json\/wp\/v2\/product_tag?post=17283"}],"curies":[{"name":"wp","href":"https:\/\/api.w.org\/{rel}","templated":true}]}}