{"id":17277,"date":"2020-02-25T10:42:18","date_gmt":"2020-02-25T09:42:18","guid":{"rendered":"https:\/\/www.textillo.com\/produkt\/kopfkissenbezug-noris-white-2729-glatt\/"},"modified":"2020-02-25T10:42:18","modified_gmt":"2020-02-25T09:42:18","slug":"kopfkissenbezug-noris-white-2729-glatt","status":"publish","type":"product","link":"https:\/\/textillo.com\/de\/produkt\/kopfkissenbezug-noris-white-2729-glatt\/","title":{"rendered":"Kopfkissenbezug &#8211; Noris White, 2729 &#8211; Glatt"},"content":{"rendered":"<p>Der Kopfkissenbezug wird in unserem Atelier von Hand aus polnischen hochwertigen Baumwoll- und Polyesterstoffen gen\u00e4ht, die das Zertifikat \u00d6ko-Tex Standard 100 besitzen, das die Sicherheit der bei der Produktion verwendeten Materialien und Farbstoffe garantiert.<\/p>\n<p>Die Kissenbez\u00fcge werden mit hochwertigen Rei\u00dfverschl\u00fcssen verschlossen, die unter den Laschen versteckt wurden, so dass der Kissenbezug eindrucksvoller und designorientierter aussieht.<\/p>\n<p>Kopfkissenbez\u00fcge f\u00fcr Hotels empfohlen. Hochwertige Produkte.<\/p>\n<p>KOPFKISSENBEZUG-TAB:<\/p>\n<p>40&#215;40 &#8211; 18 cm<br \/>\n70&#215;50 &#8211; 20 cm<br \/>\n70&#215;80 &#8211; 20 cm<br \/>\nIm gleichen Muster k\u00f6nnen auch dekorative Baumwollbez\u00fcge gekauft werden: Kissenbez\u00fcge, Tischdecken, Servietten.<\/p>\n<p>Es ist auch eine Zusammenarbeit mit Gro\u00dfhandelsgesch\u00e4ften, Gro\u00dfh\u00e4ndlern, Hotels oder Pensionen m\u00f6glich.<\/p>\n","protected":false},"excerpt":{"rendered":"<p>Zusammensetzung: 100% Baumwolle mit Leinenbindung.<br \/>\nGewicht: 145 g\/m2<br \/>\nLand der Produktion: Polen<br \/>\nEntwurf: 20 cm \u00dcberlappung<\/p>\n","protected":false},"featured_media":19070,"comment_status":"open","ping_status":"closed","template":"","meta":{"_monsterinsights_skip_tracking":false,"_monsterinsights_sitenote_active":false,"_monsterinsights_sitenote_note":"","_monsterinsights_sitenote_category":0},"product_brand":[],"product_cat":[608,611],"product_tag":[782,776],"class_list":{"0":"post-17277","1":"product","2":"type-product","3":"status-publish","4":"has-post-thumbnail","6":"product_cat-bettwaren","7":"product_cat-kopfkissenbezug","8":"product_tag-kopfkissenbezug","9":"product_tag-noris-de","10":"pa_kolor-weis","11":"pa_material-baumwolle","12":"pa_rozmiar-40-x-40-cm-de","13":"pa_rozmiar-50-x-60-cm-de","14":"pa_rozmiar-70-x-80-cm-de","16":"first","17":"instock","18":"shipping-taxable","19":"purchasable","20":"product-type-variable","21":"has-default-attributes"},"aioseo_notices":[],"_links":{"self":[{"href":"https:\/\/textillo.com\/de\/wp-json\/wp\/v2\/product\/17277","targetHints":{"allow":["GET"]}}],"collection":[{"href":"https:\/\/textillo.com\/de\/wp-json\/wp\/v2\/product"}],"about":[{"href":"https:\/\/textillo.com\/de\/wp-json\/wp\/v2\/types\/product"}],"replies":[{"embeddable":true,"href":"https:\/\/textillo.com\/de\/wp-json\/wp\/v2\/comments?post=17277"}],"wp:featuredmedia":[{"embeddable":true,"href":"https:\/\/textillo.com\/de\/wp-json\/wp\/v2\/media\/19070"}],"wp:attachment":[{"href":"https:\/\/textillo.com\/de\/wp-json\/wp\/v2\/media?parent=17277"}],"wp:term":[{"taxonomy":"product_brand","embeddable":true,"href":"https:\/\/textillo.com\/de\/wp-json\/wp\/v2\/product_brand?post=17277"},{"taxonomy":"product_cat","embeddable":true,"href":"https:\/\/textillo.com\/de\/wp-json\/wp\/v2\/product_cat?post=17277"},{"taxonomy":"product_tag","embeddable":true,"href":"https:\/\/textillo.com\/de\/wp-json\/wp\/v2\/product_tag?post=17277"}],"curies":[{"name":"wp","href":"https:\/\/api.w.org\/{rel}","templated":true}]}}