{"id":17265,"date":"2020-02-25T09:34:06","date_gmt":"2020-02-25T08:34:06","guid":{"rendered":"https:\/\/www.textillo.com\/produkt\/kopfkissenbezug-tiwoli-weis-15824-streifen\/"},"modified":"2020-02-25T09:34:06","modified_gmt":"2020-02-25T08:34:06","slug":"kopfkissenbezug-tiwoli-weis-15824-streifen","status":"publish","type":"product","link":"https:\/\/textillo.com\/de\/produkt\/kopfkissenbezug-tiwoli-weis-15824-streifen\/","title":{"rendered":"Kopfkissenbezug &#8211; Tiwoli Wei\u00df, 15824 &#8211; Streifen"},"content":{"rendered":"<p>Der Kissenbezug wird in unserer Werkstatt von Hand aus polnischen hochwertigen Baumwoll- und Polyesterstoffen gen\u00e4ht, die das Zertifikat \u00d6ko-Tex Standard 100 besitzen, das die Sicherheit der bei der Produktion verwendeten Materialien und Farbstoffe garantiert.<\/p>\n<p>Die Kissenbez\u00fcge werden mit hochwertigen Rei\u00dfverschl\u00fcssen befestigt, die unter den Laschen versteckt sind, so dass der Kissenbezug eindrucksvoller und designerischer aussieht.<\/p>\n<p>Kopfkissenbez\u00fcge f\u00fcr Hotels empfohlen. Hochwertige Produkte.<\/p>\n<p>KOPFKISSENBEZUG WETTE:<\/p>\n<p>40\u00d740 &#8211; 18 cm<br \/>\n70\u00d750 &#8211; 20 cm<br \/>\n70\u00d780 &#8211; 20 cm<br \/>\nIm gleichen Muster k\u00f6nnen auch dekorative Baumwollbez\u00fcge gekauft werden: Kissenbez\u00fcge, Tischdecken, Servietten.<\/p>\n<p>Eine Zusammenarbeit mit Gesch\u00e4ften, Gro\u00dfh\u00e4ndlern, Hotels und Pensionen ist ebenfalls m\u00f6glich.<\/p>\n","protected":false},"excerpt":{"rendered":"<p>Zusammensetzung: 100% Baumwolle mit Satinbindung.<br \/>\nGewicht: 155 g\/m2<br \/>\nLand der Produktion: Polen<br \/>\nMuster: 2 cm Streifen<\/p>\n","protected":false},"featured_media":19090,"comment_status":"open","ping_status":"closed","template":"","meta":{"_monsterinsights_skip_tracking":false,"_monsterinsights_sitenote_active":false,"_monsterinsights_sitenote_note":"","_monsterinsights_sitenote_category":0},"product_brand":[],"product_cat":[608,593,611],"product_tag":[782,800],"class_list":{"0":"post-17265","1":"product","2":"type-product","3":"status-publish","4":"has-post-thumbnail","6":"product_cat-bettwaren","7":"product_cat-hotel-de","8":"product_cat-kopfkissenbezug","9":"product_tag-kopfkissenbezug","10":"product_tag-tiwoli-de","11":"pa_kolor-weis","12":"pa_material-baumwolle","13":"pa_rozmiar-40-x-40-cm-de","14":"pa_rozmiar-50-x-60-cm-de","15":"pa_rozmiar-70-x-80-cm-de","17":"first","18":"instock","19":"shipping-taxable","20":"purchasable","21":"product-type-variable","22":"has-default-attributes"},"aioseo_notices":[],"_links":{"self":[{"href":"https:\/\/textillo.com\/de\/wp-json\/wp\/v2\/product\/17265","targetHints":{"allow":["GET"]}}],"collection":[{"href":"https:\/\/textillo.com\/de\/wp-json\/wp\/v2\/product"}],"about":[{"href":"https:\/\/textillo.com\/de\/wp-json\/wp\/v2\/types\/product"}],"replies":[{"embeddable":true,"href":"https:\/\/textillo.com\/de\/wp-json\/wp\/v2\/comments?post=17265"}],"wp:featuredmedia":[{"embeddable":true,"href":"https:\/\/textillo.com\/de\/wp-json\/wp\/v2\/media\/19090"}],"wp:attachment":[{"href":"https:\/\/textillo.com\/de\/wp-json\/wp\/v2\/media?parent=17265"}],"wp:term":[{"taxonomy":"product_brand","embeddable":true,"href":"https:\/\/textillo.com\/de\/wp-json\/wp\/v2\/product_brand?post=17265"},{"taxonomy":"product_cat","embeddable":true,"href":"https:\/\/textillo.com\/de\/wp-json\/wp\/v2\/product_cat?post=17265"},{"taxonomy":"product_tag","embeddable":true,"href":"https:\/\/textillo.com\/de\/wp-json\/wp\/v2\/product_tag?post=17265"}],"curies":[{"name":"wp","href":"https:\/\/api.w.org\/{rel}","templated":true}]}}