{"id":17252,"date":"2020-02-25T08:31:56","date_gmt":"2020-02-25T07:31:56","guid":{"rendered":"https:\/\/www.textillo.com\/produkt\/kopfkissenbezug-musso-weis-1715-streifen\/"},"modified":"2020-02-25T08:31:56","modified_gmt":"2020-02-25T07:31:56","slug":"kopfkissenbezug-musso-weis-1715-streifen","status":"publish","type":"product","link":"https:\/\/textillo.com\/de\/produkt\/kopfkissenbezug-musso-weis-1715-streifen\/","title":{"rendered":"Kopfkissenbezug &#8211; Musso Wei\u00df, 1715 &#8211; Streifen"},"content":{"rendered":"<p>Der Kissenbezug wird in unserer Werkstatt von Hand aus polnischen hochwertigen Baumwoll- und Polyesterstoffen gen\u00e4ht, die das Zertifikat \u00d6ko-Tex Standard 100 besitzen, das die Sicherheit der bei der Produktion verwendeten Materialien und Farbstoffe garantiert.<\/p>\n<p>Die Kissenbez\u00fcge werden mit hochwertigen Rei\u00dfverschl\u00fcssen verschlossen, die unter den Laschen versteckt wurden, so dass der Kissenbezug eindrucksvoller und designorientierter aussieht.<\/p>\n<p>Kopfkissenbez\u00fcge f\u00fcr Hotels empfohlen. Hochwertige Produkte. <\/p>\n<p>KOPFKISSENBEZUG WETTE:<\/p>\n<p>40\u00d740 &#8211; 18 cm<br \/>\n50\u00d760 &#8211; 20 cm<br \/>\n70\u00d780 &#8211; 20 cm<br \/>\nIm gleichen Muster k\u00f6nnen auch dekorative Baumwollbez\u00fcge gekauft werden: Kissenbez\u00fcge, Tischdecken, Servietten.<\/p>\n<p>Eine Zusammenarbeit mit Gesch\u00e4ften, Gro\u00dfh\u00e4ndlern, Hotels oder Pensionen ist ebenfalls m\u00f6glich.<\/p>\n","protected":false},"excerpt":{"rendered":"<p>Zusammensetzung: 100% Baumwolle mit Satinbindung.<br \/>\nGewicht: 155 g\/m2<br \/>\nLand der Produktion: Polen<br \/>\nMuster: 1 cm Streifen<\/p>\n","protected":false},"featured_media":19050,"comment_status":"open","ping_status":"closed","template":"","meta":{"_monsterinsights_skip_tracking":false,"_monsterinsights_sitenote_active":false,"_monsterinsights_sitenote_note":"","_monsterinsights_sitenote_category":0},"product_brand":[],"product_cat":[608,611],"product_tag":[],"class_list":{"0":"post-17252","1":"product","2":"type-product","3":"status-publish","4":"has-post-thumbnail","6":"product_cat-bettwaren","7":"product_cat-kopfkissenbezug","8":"pa_kolor-weis","9":"pa_material-baumwolle","10":"pa_rozmiar-40-x-40-cm-de","11":"pa_rozmiar-50-x-60-cm-de","12":"pa_rozmiar-70-x-80-cm-de","14":"first","15":"instock","16":"shipping-taxable","17":"purchasable","18":"product-type-variable","19":"has-default-attributes"},"aioseo_notices":[],"_links":{"self":[{"href":"https:\/\/textillo.com\/de\/wp-json\/wp\/v2\/product\/17252","targetHints":{"allow":["GET"]}}],"collection":[{"href":"https:\/\/textillo.com\/de\/wp-json\/wp\/v2\/product"}],"about":[{"href":"https:\/\/textillo.com\/de\/wp-json\/wp\/v2\/types\/product"}],"replies":[{"embeddable":true,"href":"https:\/\/textillo.com\/de\/wp-json\/wp\/v2\/comments?post=17252"}],"wp:featuredmedia":[{"embeddable":true,"href":"https:\/\/textillo.com\/de\/wp-json\/wp\/v2\/media\/19050"}],"wp:attachment":[{"href":"https:\/\/textillo.com\/de\/wp-json\/wp\/v2\/media?parent=17252"}],"wp:term":[{"taxonomy":"product_brand","embeddable":true,"href":"https:\/\/textillo.com\/de\/wp-json\/wp\/v2\/product_brand?post=17252"},{"taxonomy":"product_cat","embeddable":true,"href":"https:\/\/textillo.com\/de\/wp-json\/wp\/v2\/product_cat?post=17252"},{"taxonomy":"product_tag","embeddable":true,"href":"https:\/\/textillo.com\/de\/wp-json\/wp\/v2\/product_tag?post=17252"}],"curies":[{"name":"wp","href":"https:\/\/api.w.org\/{rel}","templated":true}]}}