{"id":17216,"date":"2020-02-25T09:22:49","date_gmt":"2020-02-25T08:22:49","guid":{"rendered":"https:\/\/www.textillo.com\/produkt\/bettbezug-musso-weis-1715-gestreift\/"},"modified":"2020-02-25T09:22:49","modified_gmt":"2020-02-25T08:22:49","slug":"bettbezug-musso-weis-1715-gestreift","status":"publish","type":"product","link":"https:\/\/textillo.com\/de\/produkt\/bettbezug-musso-weis-1715-gestreift\/","title":{"rendered":"Bettbezug &#8211; Musso Wei\u00df, 1715 &#8211; gestreift"},"content":{"rendered":"<p>Klassischer Bettbezug &#8211; maschinell in unserer Werkstatt aus polnischen hochwertigen Baumwoll- und Polyesterstoffen gen\u00e4ht, die das Zertifikat \u00d6ko-Tex Standard 100 besitzen, das die Sicherheit der bei der Produktion verwendeten Materialien und Farbstoffe garantiert.<\/p>\n<p>Dieser Kopfkissenbezug wird f\u00fcr Hotels empfohlen. Hochwertige Produkte.<\/p>\n<p>Zum Kissenbezug kaufen auch im gleichen Muster: Laken, Tischt\u00fccher, Servietten.<\/p>\n<p>Eine Zusammenarbeit mit Gesch\u00e4ften, Gro\u00dfh\u00e4ndlern, Hotels oder Pensionen ist ebenfalls m\u00f6glich.<\/p>\n","protected":false},"excerpt":{"rendered":"<p>Zusammensetzung: 100% Baumwolle mit Satinbindung.<br \/>\nGewicht: 155 g\/m2<br \/>\nLand der Produktion: Polen<\/p>\n","protected":false},"featured_media":19044,"comment_status":"open","ping_status":"closed","template":"","meta":{"_monsterinsights_skip_tracking":false,"_monsterinsights_sitenote_active":false,"_monsterinsights_sitenote_note":"","_monsterinsights_sitenote_category":0},"product_brand":[],"product_cat":[614,593],"product_tag":[785,773],"class_list":{"0":"post-17216","1":"product","2":"type-product","3":"status-publish","4":"has-post-thumbnail","6":"product_cat-bettbezug","7":"product_cat-hotel-de","8":"product_tag-bettdeckenbezug","9":"product_tag-musso-de","10":"pa_kolor-weis","11":"pa_material-baumwolle","12":"pa_rozmiar-140-x-200-cm-de","13":"pa_rozmiar-160-x-200-cm-de","14":"pa_rozmiar-200-x-220-cm-de","16":"first","17":"instock","18":"shipping-taxable","19":"purchasable","20":"product-type-variable","21":"has-default-attributes"},"aioseo_notices":[],"_links":{"self":[{"href":"https:\/\/textillo.com\/de\/wp-json\/wp\/v2\/product\/17216","targetHints":{"allow":["GET"]}}],"collection":[{"href":"https:\/\/textillo.com\/de\/wp-json\/wp\/v2\/product"}],"about":[{"href":"https:\/\/textillo.com\/de\/wp-json\/wp\/v2\/types\/product"}],"replies":[{"embeddable":true,"href":"https:\/\/textillo.com\/de\/wp-json\/wp\/v2\/comments?post=17216"}],"wp:featuredmedia":[{"embeddable":true,"href":"https:\/\/textillo.com\/de\/wp-json\/wp\/v2\/media\/19044"}],"wp:attachment":[{"href":"https:\/\/textillo.com\/de\/wp-json\/wp\/v2\/media?parent=17216"}],"wp:term":[{"taxonomy":"product_brand","embeddable":true,"href":"https:\/\/textillo.com\/de\/wp-json\/wp\/v2\/product_brand?post=17216"},{"taxonomy":"product_cat","embeddable":true,"href":"https:\/\/textillo.com\/de\/wp-json\/wp\/v2\/product_cat?post=17216"},{"taxonomy":"product_tag","embeddable":true,"href":"https:\/\/textillo.com\/de\/wp-json\/wp\/v2\/product_tag?post=17216"}],"curies":[{"name":"wp","href":"https:\/\/api.w.org\/{rel}","templated":true}]}}