{"id":17069,"date":"2020-01-16T14:35:35","date_gmt":"2020-01-16T13:35:35","guid":{"rendered":"https:\/\/www.textillo.com\/produkt\/tischtuchmatte-rechteckig-100-polyester\/"},"modified":"2020-01-16T14:35:35","modified_gmt":"2020-01-16T13:35:35","slug":"tischtuchmatte-rechteckig-100-polyester","status":"publish","type":"product","link":"https:\/\/textillo.com\/de\/produkt\/tischtuchmatte-rechteckig-100-polyester\/","title":{"rendered":"Tischtuchmatte rechteckig &#8211; 100 % Polyester"},"content":{"rendered":"<p>Die Tischdeckenunterlage ist eine Matte, die alle Ihre Bed\u00fcrfnisse erf\u00fcllt, um einen runden Tisch vor zu sch\u00fctzen:<\/p>\n<p>zu hohe Temperatur der Speisen<br \/>\nFl\u00fcssigkeiten, die die Tischoberfl\u00e4che verf\u00e4rben k\u00f6nnen<br \/>\nMechanische Sch\u00e4den<br \/>\nEr sch\u00fctzt das Tischtuch vor dem Abrutschen vom Tisch und Ihre Ohren vor \u00fcberm\u00e4\u00dfigem Geschirr- und Besteckklappern auf dem Tisch.<br \/>\nDie Tischtuchunterlage besteht aus gesch\u00e4umtem PVC auf einer Vliesstoffschicht.<\/p>\n<p>Er erf\u00fcllt perfekt seine Funktionen zu Hause und in Restaurants.<\/p>\n","protected":false},"excerpt":{"rendered":"<p>100 % Polyester<br \/>\nSch\u00fctzt einen runden Tisch vor \u00dcberflutung und mechanischer Besch\u00e4digung<br \/>\nGro\u00dfe Auswahl an Gr\u00f6\u00dfen, passend f\u00fcr Ihren Tisch<\/p>\n","protected":false},"featured_media":6084,"comment_status":"open","ping_status":"closed","template":"","meta":{"_monsterinsights_skip_tracking":false,"_monsterinsights_sitenote_active":false,"_monsterinsights_sitenote_note":"","_monsterinsights_sitenote_category":0},"product_brand":[],"product_cat":[605,593],"product_tag":[],"class_list":{"0":"post-17069","1":"product","2":"type-product","3":"status-publish","4":"has-post-thumbnail","6":"product_cat-grundierungen","7":"product_cat-hotel-de","8":"pa_dlugoscstolu-120-cm-de","9":"pa_dlugoscstolu-140-cm-de","10":"pa_dlugoscstolu-160-cm-de","11":"pa_dlugoscstolu-180-cm-de","12":"pa_dlugoscstolu-200-cm-de","13":"pa_dlugoscstolu-210-cm-de","14":"pa_dlugoscstolu-220-cm-de","15":"pa_dlugoscstolu-230-cm-de","16":"pa_dlugoscstolu-240-cm-de","17":"pa_dlugoscstolu-250-cm-de","18":"pa_dlugoscstolu-260-cm-de","19":"pa_dlugoscstolu-280-cm-de","20":"pa_dlugoscstolu-300-cm-de","21":"pa_szerokoscstolu-100-cm-de","22":"pa_szerokoscstolu-110-cm-de","23":"pa_szerokoscstolu-120-cm-de","24":"pa_szerokoscstolu-130-cm-de","25":"pa_szerokoscstolu-140-cm-de","26":"pa_szerokoscstolu-70-cm-de","27":"pa_szerokoscstolu-80-cm-de","28":"pa_szerokoscstolu-90-cm-de","30":"first","31":"instock","32":"shipping-taxable","33":"purchasable","34":"product-type-variable","35":"has-default-attributes"},"aioseo_notices":[],"_links":{"self":[{"href":"https:\/\/textillo.com\/de\/wp-json\/wp\/v2\/product\/17069","targetHints":{"allow":["GET"]}}],"collection":[{"href":"https:\/\/textillo.com\/de\/wp-json\/wp\/v2\/product"}],"about":[{"href":"https:\/\/textillo.com\/de\/wp-json\/wp\/v2\/types\/product"}],"replies":[{"embeddable":true,"href":"https:\/\/textillo.com\/de\/wp-json\/wp\/v2\/comments?post=17069"}],"wp:featuredmedia":[{"embeddable":true,"href":"https:\/\/textillo.com\/de\/wp-json\/wp\/v2\/media\/6084"}],"wp:attachment":[{"href":"https:\/\/textillo.com\/de\/wp-json\/wp\/v2\/media?parent=17069"}],"wp:term":[{"taxonomy":"product_brand","embeddable":true,"href":"https:\/\/textillo.com\/de\/wp-json\/wp\/v2\/product_brand?post=17069"},{"taxonomy":"product_cat","embeddable":true,"href":"https:\/\/textillo.com\/de\/wp-json\/wp\/v2\/product_cat?post=17069"},{"taxonomy":"product_tag","embeddable":true,"href":"https:\/\/textillo.com\/de\/wp-json\/wp\/v2\/product_tag?post=17069"}],"curies":[{"name":"wp","href":"https:\/\/api.w.org\/{rel}","templated":true}]}}