{"id":16839,"date":"2020-02-27T07:33:48","date_gmt":"2020-02-27T06:33:48","guid":{"rendered":"https:\/\/www.textillo.com\/produkt\/bankettservietten-baumwolle-10-stuck\/"},"modified":"2020-02-27T07:33:48","modified_gmt":"2020-02-27T06:33:48","slug":"bankettservietten-baumwolle-10-stuck","status":"publish","type":"product","link":"https:\/\/textillo.com\/de\/produkt\/bankettservietten-baumwolle-10-stuck\/","title":{"rendered":"Bankettservietten &#8211; Baumwolle &#8211; 10 St\u00fcck"},"content":{"rendered":"<p>Satz mit 10 St\u00fcck Bankettservietten<br \/>\nDie Tischdekoration ist ein extrem wichtiger Teil jeder wichtigen Party. Das Styling besteht aus vielen Komponenten, wie Tischdecke, Geschirr, Blumen, Kerzen und auch Servietten. Bei der Vorbereitung des Raumes f\u00fcr Veranstaltungen, die die wichtigsten Momente des Lebens feiern, sollte dies sehr durchdacht und mit Geschmack geschehen. Kein Meeting kommt ohne Servietten aus, und f\u00fcr ein elegantes Bankett sind Bankettkarten sicher das Beste. Das sind Cateringservietten, die auf die Bed\u00fcrfnisse von gro\u00dfen Partys zugeschnitten sind. Ihr optischer Hauptvorteil ist Schlichtheit und Eleganz, deshalb sind sie ein ideales Element von Luxusrestaurants. Die Bankettkarten f\u00fchlen sich gut an und sind angenehm in der Handhabung, so dass auch die w\u00e4hlerischsten Kunden keine Beschwerden haben werden. Je nach Anlass k\u00f6nnen Sie sie klassisch falten oder eindrucksvollere Formen erfinden. Cateringservietten gibt es in vielen Farben und Texturen, sie k\u00f6nnen auch aus verschiedenen Materialien hergestellt werden und ihre Preise h\u00e4ngen davon ab. Sehr beliebt sind solche aus nicht f\u00e4rbenden Materialien, dank derer sie viele Male wiederverwendet werden k\u00f6nnen und die W\u00e4sche auch mit schwierigen Verschmutzungen fertig wird. Unser Online-Shop bietet eine Vielzahl von Modellen, der Kauf kann in einem sehr bequemen Online-System get\u00e4tigt werden, und die Preise sind wirklich wettbewerbsf\u00e4hig. Jeder Gastronom oder Veranstalter sollte sich daran erinnern, dass Servietten keineswegs ein kleines Detail sind, sondern ein wichtiges Element, das auch dem Lokal Charakter verleiht. Bankette sind unverzichtbar in allen Restaurant-Interieurs, die sich durch Luxus und Eleganz auszeichnen sollen.<br \/>\nSind Sie an einer anderen Farbe interessiert? Rufen Sie uns an! Wir helfen Ihnen bei der Auswahl des Besten!<\/p>\n","protected":false},"excerpt":{"rendered":"<p>100 % Baumwolle<br \/>\nGewicht: 140 g\/m2<br \/>\nFarbe : Wei\u00df<br \/>\nMuster: 2729 oder 2739<\/p>\n","protected":false},"featured_media":11602,"comment_status":"open","ping_status":"closed","template":"","meta":{"_monsterinsights_skip_tracking":false,"_monsterinsights_sitenote_active":false,"_monsterinsights_sitenote_note":"","_monsterinsights_sitenote_category":0},"product_brand":[],"product_cat":[593,623],"product_tag":[563],"class_list":{"0":"post-16839","1":"product","2":"type-product","3":"status-publish","4":"has-post-thumbnail","6":"product_cat-hotel-de","7":"product_cat-servietten","8":"product_tag-baumwolle","9":"pa_desen-glatt","10":"pa_desen-quadracts-de","11":"pa_gramatura-140-g-m2-de","12":"pa_kolor-beige-de-2","13":"pa_kolor-blau-de-2","14":"pa_kolor-braun","15":"pa_kolor-dunkelgrau-de","16":"pa_kolor-marineblau","17":"pa_kolor-weis","18":"pa_kolor-weis-ecru","19":"pa_rozmiar-40-x-40-cm-de","20":"pa_rozmiar-45-x-45-cm-de","21":"pa_rozmiar-50-x-50-cm-de","22":"pa_rozmiar-90-x-90-cm-de","23":"pa_skladtkaniny-100-baumwolle","25":"first","26":"instock","27":"shipping-taxable","28":"purchasable","29":"product-type-variable","30":"has-default-attributes"},"aioseo_notices":[],"_links":{"self":[{"href":"https:\/\/textillo.com\/de\/wp-json\/wp\/v2\/product\/16839","targetHints":{"allow":["GET"]}}],"collection":[{"href":"https:\/\/textillo.com\/de\/wp-json\/wp\/v2\/product"}],"about":[{"href":"https:\/\/textillo.com\/de\/wp-json\/wp\/v2\/types\/product"}],"replies":[{"embeddable":true,"href":"https:\/\/textillo.com\/de\/wp-json\/wp\/v2\/comments?post=16839"}],"wp:featuredmedia":[{"embeddable":true,"href":"https:\/\/textillo.com\/de\/wp-json\/wp\/v2\/media\/11602"}],"wp:attachment":[{"href":"https:\/\/textillo.com\/de\/wp-json\/wp\/v2\/media?parent=16839"}],"wp:term":[{"taxonomy":"product_brand","embeddable":true,"href":"https:\/\/textillo.com\/de\/wp-json\/wp\/v2\/product_brand?post=16839"},{"taxonomy":"product_cat","embeddable":true,"href":"https:\/\/textillo.com\/de\/wp-json\/wp\/v2\/product_cat?post=16839"},{"taxonomy":"product_tag","embeddable":true,"href":"https:\/\/textillo.com\/de\/wp-json\/wp\/v2\/product_tag?post=16839"}],"curies":[{"name":"wp","href":"https:\/\/api.w.org\/{rel}","templated":true}]}}