{"id":16693,"date":"2020-03-05T11:02:38","date_gmt":"2020-03-05T10:02:38","guid":{"rendered":"https:\/\/www.textillo.com\/produkt\/fusmatte-650g-m2-dream-line\/"},"modified":"2022-07-27T10:02:38","modified_gmt":"2022-07-27T08:02:38","slug":"fusmatte-650g-m2-dream-line","status":"publish","type":"product","link":"https:\/\/textillo.com\/de\/produkt\/fusmatte-650g-m2-dream-line\/","title":{"rendered":"Fu\u00dfmatte 650g\/m2 &#8211; Dream Line"},"content":{"rendered":"<p>Der schnelltrocknende Teppich wurde vollst\u00e4ndig aus Baumwolle h\u00f6chster Qualit\u00e4t hergestellt (100 % Baumwolle, 650 g\/m2 dickes Gewebe). Bestimmt f\u00fcr den t\u00e4glichen Gebrauch f\u00fcr Menschen, die sehr gute Qualit\u00e4t und funktionelle Eigenschaften sch\u00e4tzen.<\/p>\n<p>Der Teppich ist dick, so dass es perfekt absorbiert Wasser und trocknet sehr schnell, nicht in sich selbst unangenehme Ger\u00fcche ansammeln, geeignet f\u00fcr den Einsatz in der Sauna.<\/p>\n<p>Unsere Badet\u00fccher sind neben ihrer Funktionalit\u00e4t auch ein wichtiges dekoratives Element in unserem Bad.<\/p>\n<p>Pflegehinweise:<\/p>\n<p>Waschen bei bis zu 60 Grad C<br \/>\nEisen bei 110 Grad C<br \/>\nNicht chemisch reinigen<br \/>\nNicht bleichen<br \/>\nKann bei reduzierter Geschwindigkeit im W\u00e4schetrockner getrocknet werden<\/p>\n","protected":false},"excerpt":{"rendered":"<p>100 % Baumwolle, 650 g\/m2 dicke Bindung<br \/>\nGr\u00f6\u00dfe 50 x 70 cm<br \/>\nSchnelltrocknend und weich im Griff<br \/>\nOEKO-TEX\u00ae zertifiziert<\/p>\n","protected":false},"featured_media":6558,"comment_status":"open","ping_status":"closed","template":"","meta":{"_monsterinsights_skip_tracking":false,"_monsterinsights_sitenote_active":false,"_monsterinsights_sitenote_note":"","_monsterinsights_sitenote_category":0},"product_brand":[],"product_cat":[620],"product_tag":[],"class_list":{"0":"post-16693","1":"product","2":"type-product","3":"status-publish","4":"has-post-thumbnail","6":"product_cat-handtucher","7":"pa_gramatura-550-g-m2-de","8":"pa_kolor-dunkelgrau-de","9":"pa_kolor-weis","10":"pa_material-baumwolle","12":"first","13":"instock","14":"shipping-taxable","15":"purchasable","16":"product-type-simple"},"aioseo_notices":[],"_links":{"self":[{"href":"https:\/\/textillo.com\/de\/wp-json\/wp\/v2\/product\/16693","targetHints":{"allow":["GET"]}}],"collection":[{"href":"https:\/\/textillo.com\/de\/wp-json\/wp\/v2\/product"}],"about":[{"href":"https:\/\/textillo.com\/de\/wp-json\/wp\/v2\/types\/product"}],"replies":[{"embeddable":true,"href":"https:\/\/textillo.com\/de\/wp-json\/wp\/v2\/comments?post=16693"}],"wp:featuredmedia":[{"embeddable":true,"href":"https:\/\/textillo.com\/de\/wp-json\/wp\/v2\/media\/6558"}],"wp:attachment":[{"href":"https:\/\/textillo.com\/de\/wp-json\/wp\/v2\/media?parent=16693"}],"wp:term":[{"taxonomy":"product_brand","embeddable":true,"href":"https:\/\/textillo.com\/de\/wp-json\/wp\/v2\/product_brand?post=16693"},{"taxonomy":"product_cat","embeddable":true,"href":"https:\/\/textillo.com\/de\/wp-json\/wp\/v2\/product_cat?post=16693"},{"taxonomy":"product_tag","embeddable":true,"href":"https:\/\/textillo.com\/de\/wp-json\/wp\/v2\/product_tag?post=16693"}],"curies":[{"name":"wp","href":"https:\/\/api.w.org\/{rel}","templated":true}]}}