{"id":16670,"date":"2020-02-18T09:37:46","date_gmt":"2020-02-18T08:37:46","guid":{"rendered":"https:\/\/www.textillo.com\/produkt\/damenwickel-kurz-45-cm\/"},"modified":"2020-02-18T09:37:46","modified_gmt":"2020-02-18T08:37:46","slug":"damenwickel-kurz-45-cm","status":"publish","type":"product","link":"https:\/\/textillo.com\/de\/produkt\/damenwickel-kurz-45-cm\/","title":{"rendered":"Damenwickel &#8211; kurz &#8211; 45 cm"},"content":{"rendered":"<p>Damen-Tuch &#8211; lang mit einer Tasche. Ein idealer Vorschlag f\u00fcr Frauen, der die Bewegung bei der Aus\u00fcbung der Pflichten nicht einschr\u00e4nkt. Hergestellt aus 100 % Polyester. Dank ihm werden Kellnerinnen professionell aussehen und immer eine Tasche f\u00fcr ein Notebook zur Hand haben.<\/p>\n<p>Wickeln :<\/p>\n<p>L\u00e4nge 40 cm<br \/>\neine Tasche auf der Vorderseite<br \/>\nzwei Farben zur Auswahl<br \/>\nEmpfehlungen zum Waschen und B\u00fcgeln von Bettw\u00e4sche:<\/p>\n<p>Keine Bleiche verwenden<br \/>\nWir empfehlen keinen W\u00e4schetrockner<br \/>\nB\u00fcgeltemperatur bis zu: 200\u00b0C<br \/>\nWaschtemperatur: bis zu 40\u00b0C<br \/>\nWir empfehlen keine chemische Reinigung<\/p>\n","protected":false},"excerpt":{"rendered":"<p>Zusammensetzung: 100 % PES<br \/>\nGewicht: 150+\/- g\/m2<br \/>\nLand der Produktion: Polen<\/p>\n","protected":false},"featured_media":6342,"comment_status":"open","ping_status":"closed","template":"","meta":{"_monsterinsights_skip_tracking":false,"_monsterinsights_sitenote_active":false,"_monsterinsights_sitenote_note":"","_monsterinsights_sitenote_category":0},"product_brand":[],"product_cat":[602],"product_tag":[],"class_list":{"0":"post-16670","1":"product","2":"type-product","3":"status-publish","4":"has-post-thumbnail","6":"product_cat-gastronomiebekleidung","7":"pa_gramatura-150-g-m2-de","8":"pa_kolor-graphite-de","9":"pa_kolor-schwarz","10":"pa_skladtkaniny-100-polyester-de","12":"first","13":"instock","14":"shipping-taxable","15":"purchasable","16":"product-type-variable","17":"has-default-attributes"},"aioseo_notices":[],"_links":{"self":[{"href":"https:\/\/textillo.com\/de\/wp-json\/wp\/v2\/product\/16670","targetHints":{"allow":["GET"]}}],"collection":[{"href":"https:\/\/textillo.com\/de\/wp-json\/wp\/v2\/product"}],"about":[{"href":"https:\/\/textillo.com\/de\/wp-json\/wp\/v2\/types\/product"}],"replies":[{"embeddable":true,"href":"https:\/\/textillo.com\/de\/wp-json\/wp\/v2\/comments?post=16670"}],"wp:featuredmedia":[{"embeddable":true,"href":"https:\/\/textillo.com\/de\/wp-json\/wp\/v2\/media\/6342"}],"wp:attachment":[{"href":"https:\/\/textillo.com\/de\/wp-json\/wp\/v2\/media?parent=16670"}],"wp:term":[{"taxonomy":"product_brand","embeddable":true,"href":"https:\/\/textillo.com\/de\/wp-json\/wp\/v2\/product_brand?post=16670"},{"taxonomy":"product_cat","embeddable":true,"href":"https:\/\/textillo.com\/de\/wp-json\/wp\/v2\/product_cat?post=16670"},{"taxonomy":"product_tag","embeddable":true,"href":"https:\/\/textillo.com\/de\/wp-json\/wp\/v2\/product_tag?post=16670"}],"curies":[{"name":"wp","href":"https:\/\/api.w.org\/{rel}","templated":true}]}}