{"id":16292,"date":"2020-01-20T10:29:12","date_gmt":"2020-01-20T09:29:12","guid":{"rendered":"https:\/\/www.textillo.com\/produkt\/kochmutze-pudding-weis\/"},"modified":"2020-01-20T10:29:12","modified_gmt":"2020-01-20T09:29:12","slug":"kochmutze-pudding-weis","status":"publish","type":"product","link":"https:\/\/textillo.com\/de\/produkt\/kochmutze-pudding-weis\/","title":{"rendered":"Kochm\u00fctze Pudding &#8211; wei\u00df"},"content":{"rendered":"<p>Die Arbeit in der Gastronomie erfordert nicht nur F\u00e4higkeiten. Sauberkeit und Hygiene sind auch am Arbeitsplatz wichtig. Aus diesem Grund haben wir eine Reihe von Kleidungsst\u00fccken geschaffen, die speziell auf die Bed\u00fcrfnisse der Gastronomie zugeschnitten sind. Der t\u00e4gliche Gebrauch hilft nicht nur, die Kleidung vor Verschmutzung zu sch\u00fctzen, sondern auch die Lebensmittel zu schonen. Eines der grundlegenden Elemente einer solchen Kleidung sind Kochm\u00fctzen.<\/p>\n<p>Um die Form und Gr\u00f6\u00dfe der Kochm\u00fctze ranken sich viele Geschichten und Legenden. Heutzutage spiegelt die M\u00fctze nicht mehr die Erfahrung oder das K\u00f6nnen des Kochs wider. Aus diesem Grund wird die Wahl des geeigneten Modells allein von der Praktikabilit\u00e4t oder der \u00c4sthetik der R\u00e4umlichkeiten diktiert. Kochm\u00fctzen werden in Restaurants, Catering-Unternehmen, B\u00e4ckereien, Konditoreien und verschiedenen Einrichtungen verwendet.<\/p>\n<p>Der grundlegende Zweck der Kochm\u00fctze ist der Schutz der Haare. Dadurch wird verhindert, dass Haare in das Lebensmittel gelangen. Das Angebot unseres Online-Shops ist an die Bed\u00fcrfnisse der verschiedenen Einrichtungen angepasst.<\/p>\n<p>Standardm\u00fctzen sind aus hochwertiger, atmungsaktiver Baumwolle gefertigt, die einen hohen Tragekomfort bietet. Sie k\u00f6nnen in der Waschmaschine gewaschen und geb\u00fcgelt werden. <\/p>\n<p>Kappe in Universalgr\u00f6\u00dfe, dank des Gummibandes m\u00fcssen wir uns nicht um die Gr\u00f6\u00dfe k\u00fcmmern.<\/p>\n","protected":false},"excerpt":{"rendered":"<p>UNIVERSAL Gr\u00f6\u00dfe, Vorschrift &#8211; Gummiband.<br \/>\nFarbe: Wei\u00df<br \/>\nMaterial : Baumwolle<br \/>\nProdukt POLISH, OEKO-TEX\u00ae Zertifikat<\/p>\n","protected":false},"featured_media":6096,"comment_status":"open","ping_status":"closed","template":"","meta":{"_monsterinsights_skip_tracking":false,"_monsterinsights_sitenote_active":false,"_monsterinsights_sitenote_note":"","_monsterinsights_sitenote_category":0},"product_brand":[],"product_cat":[602,593],"product_tag":[],"class_list":{"0":"post-16292","1":"product","2":"type-product","3":"status-publish","4":"has-post-thumbnail","6":"product_cat-gastronomiebekleidung","7":"product_cat-hotel-de","9":"first","10":"instock","11":"sale","12":"shipping-taxable","13":"purchasable","14":"product-type-simple"},"aioseo_notices":[],"_links":{"self":[{"href":"https:\/\/textillo.com\/de\/wp-json\/wp\/v2\/product\/16292","targetHints":{"allow":["GET"]}}],"collection":[{"href":"https:\/\/textillo.com\/de\/wp-json\/wp\/v2\/product"}],"about":[{"href":"https:\/\/textillo.com\/de\/wp-json\/wp\/v2\/types\/product"}],"replies":[{"embeddable":true,"href":"https:\/\/textillo.com\/de\/wp-json\/wp\/v2\/comments?post=16292"}],"wp:featuredmedia":[{"embeddable":true,"href":"https:\/\/textillo.com\/de\/wp-json\/wp\/v2\/media\/6096"}],"wp:attachment":[{"href":"https:\/\/textillo.com\/de\/wp-json\/wp\/v2\/media?parent=16292"}],"wp:term":[{"taxonomy":"product_brand","embeddable":true,"href":"https:\/\/textillo.com\/de\/wp-json\/wp\/v2\/product_brand?post=16292"},{"taxonomy":"product_cat","embeddable":true,"href":"https:\/\/textillo.com\/de\/wp-json\/wp\/v2\/product_cat?post=16292"},{"taxonomy":"product_tag","embeddable":true,"href":"https:\/\/textillo.com\/de\/wp-json\/wp\/v2\/product_tag?post=16292"}],"curies":[{"name":"wp","href":"https:\/\/api.w.org\/{rel}","templated":true}]}}