{"id":15946,"date":"2020-09-23T08:27:48","date_gmt":"2020-09-23T06:27:48","guid":{"rendered":"https:\/\/www.textillo.com\/produkt\/baumwollsatin-bettwasche-muster-18-609-2-andropol\/"},"modified":"2020-09-23T08:27:48","modified_gmt":"2020-09-23T06:27:48","slug":"baumwollsatin-bettwasche-muster-18-609-2-andropol","status":"publish","type":"product","link":"https:\/\/textillo.com\/de\/produkt\/baumwollsatin-bettwasche-muster-18-609-2-andropol\/","title":{"rendered":"Baumwollsatin-Bettw\u00e4sche &#8211; Muster 18 609\/2 &#8211; Andropol"},"content":{"rendered":"<p>Die von Andropol hergestellten Satinbetten sind ein polnisches Produkt von h\u00f6chster Qualit\u00e4t, das seit Jahren auf unserem heimischen Markt anerkannt ist. Langlebigkeit und Pr\u00e4zision der Verarbeitung machen es zu einem einzigartigen Produkt. Die Verwendung der besten Materialien sorgt daf\u00fcr, dass das Schlafen unter solchen Bettwaren ein echter Komfort f\u00fcr den K\u00f6rper ist. Baumwollsatin ist weich und f\u00fchlt sich angenehm an.<\/p>\n<p>Elegantes Material besteht aus 100% Baumwolle verrutscht nicht und verursacht keine Unannehmlichkeiten w\u00e4hrend des Schlafes. Der Stoff verliert nicht die Farbe, verf\u00e4rbt sich nicht und verzieht sich auch nach vielen W\u00e4schen nicht. Das Set in modernen sowie traditionellen Mustern eignet sich als Geschenk sowohl f\u00fcr junge als auch f\u00fcr \u00e4ltere Menschen.<\/p>\n<p>Verpackt in einer eleganten Tasche mit einem Aufh\u00e4nger wird eine gro\u00dfe Hochzeit, Geburtstag oder Namenstag Geschenk sein.<\/p>\n<p>Material: 100 % Baumwolle mit Satinbindung.<\/p>\n<p>Gewicht: 125 g\/m2 &#8211; optimales Gewicht f\u00fcr Bettwaren, das Material ist dick genug, um Festigkeit zu gew\u00e4hrleisten, w\u00e4hrend Leichtigkeit und Zartheit erhalten bleiben. Baumwollmaterial sorgt f\u00fcr ausreichende Luftzirkulation. Im Sommer k\u00fchlt das Bettzeug, im Winter w\u00e4rmt es.<\/p>\n<p>Vorherrschende Farben : mehrfarbig<\/p>\n<p>Das Bettw\u00e4scheset umfasst:<\/p>\n<p>Kopfkissenbezug mit ausgew\u00e4hlten Abmessungen<br \/>\n2 x Kopfkissenbezug 70 x 80 cm<br \/>\nRei\u00dfverschluss mit Easy-Slide-System, das die Haltbarkeit bei jahrelangem Gebrauch und h\u00e4ufigem Waschen gew\u00e4hrleistet<br \/>\nEmpfehlungen zum Waschen und B\u00fcgeln von Bettw\u00e4sche:<\/p>\n<p>Keine Bleiche verwenden<br \/>\nWir empfehlen keinen W\u00e4schetrockner<br \/>\nB\u00fcgeltemperatur bis zu: 200\u00b0C<br \/>\nWaschtemperatur: bis zu 40\u00b0C<br \/>\nWir empfehlen keine chemische Reinigung<\/p>\n","protected":false},"excerpt":{"rendered":"<p>Zusammensetzung: 100% Baumwolle mit Satinbindung.<br \/>\nGewicht: 125g\/m2<br \/>\nLand der Produktion: Polen<br \/>\nSet in Gr\u00f6\u00dfe 140&#215;200 &#8211; enth\u00e4lt 1 Kopfkissenbezug 70&#215;80 cm und 1 Kopfkissenbezug 140&#215;200 cm <\/p>\n","protected":false},"featured_media":8790,"comment_status":"open","ping_status":"closed","template":"","meta":{"_monsterinsights_skip_tracking":false,"_monsterinsights_sitenote_active":false,"_monsterinsights_sitenote_note":"","_monsterinsights_sitenote_category":0},"product_brand":[],"product_cat":[698,713],"product_tag":[],"class_list":{"0":"post-15946","1":"product","2":"type-product","3":"status-publish","4":"has-post-thumbnail","6":"product_cat-bettwaren-de","7":"product_cat-satin-de","8":"pa_gramatura-125-g-m2-de","9":"pa_material-baumwolle","10":"pa_rozmiar-140-x-200-cm-de","11":"pa_rozmiar-160-x-200-cm-de","12":"pa_rozmiar-180-x-200-cm-de","13":"pa_rozmiar-200-x-220-cm-de","14":"pa_skladtkaniny-100-baumwoll-satin-gewebe","16":"first","17":"instock","18":"shipping-taxable","19":"purchasable","20":"product-type-variable","21":"has-default-attributes"},"aioseo_notices":[],"_links":{"self":[{"href":"https:\/\/textillo.com\/de\/wp-json\/wp\/v2\/product\/15946","targetHints":{"allow":["GET"]}}],"collection":[{"href":"https:\/\/textillo.com\/de\/wp-json\/wp\/v2\/product"}],"about":[{"href":"https:\/\/textillo.com\/de\/wp-json\/wp\/v2\/types\/product"}],"replies":[{"embeddable":true,"href":"https:\/\/textillo.com\/de\/wp-json\/wp\/v2\/comments?post=15946"}],"wp:featuredmedia":[{"embeddable":true,"href":"https:\/\/textillo.com\/de\/wp-json\/wp\/v2\/media\/8790"}],"wp:attachment":[{"href":"https:\/\/textillo.com\/de\/wp-json\/wp\/v2\/media?parent=15946"}],"wp:term":[{"taxonomy":"product_brand","embeddable":true,"href":"https:\/\/textillo.com\/de\/wp-json\/wp\/v2\/product_brand?post=15946"},{"taxonomy":"product_cat","embeddable":true,"href":"https:\/\/textillo.com\/de\/wp-json\/wp\/v2\/product_cat?post=15946"},{"taxonomy":"product_tag","embeddable":true,"href":"https:\/\/textillo.com\/de\/wp-json\/wp\/v2\/product_tag?post=15946"}],"curies":[{"name":"wp","href":"https:\/\/api.w.org\/{rel}","templated":true}]}}