{"id":15218,"date":"2021-06-17T12:57:26","date_gmt":"2021-06-17T10:57:27","guid":{"rendered":"https:\/\/www.textillo.com\/?post_type=product&#038;p=15218"},"modified":"2021-06-21T11:52:54","modified_gmt":"2021-06-21T09:52:54","slug":"baumwoll-bettwasche-vital-10-3-teiliges-set-andropol-3","status":"publish","type":"product","link":"https:\/\/textillo.com\/de\/produkt\/baumwoll-bettwasche-vital-10-3-teiliges-set-andropol-3\/","title":{"rendered":"Baumwoll-Bettw\u00e4sche &#8211; Vital 17, 3-teiliges Set &#8211; Andropol"},"content":{"rendered":"<p>Die Andropol-Satinbettw\u00e4sche ist ein polnisches Produkt von h\u00f6chster Qualit\u00e4t, das seit Jahren auf unserem heimischen Markt anerkannt ist. Langlebigkeit und Genauigkeit der Verarbeitung machen ein einzigartiges Produkt aus. Die Verwendung der besten Materialien sorgt daf\u00fcr, dass das Schlafen unter solchen Bettwaren ein echter Komfort f\u00fcr den K\u00f6rper ist. Baumwollsatin ist weich und f\u00fchlt sich angenehm an.<\/p>\n<p>Elegantes Material besteht aus 100% Baumwolle verrutscht nicht und verursacht keine Unannehmlichkeiten w\u00e4hrend des Schlafes. Der Stoff verliert nicht die Farbe, verf\u00e4rbt sich nicht und verzieht sich auch nach vielen W\u00e4schen nicht. Das Set in modernen sowie traditionellen Mustern eignet sich als Geschenk sowohl f\u00fcr junge als auch f\u00fcr \u00e4ltere Menschen.<\/p>\n<p>Verpackt in einer eleganten Tasche mit einem Aufh\u00e4nger wird eine gro\u00dfe Hochzeit, Geburtstag oder Namenstag Geschenk sein.<\/p>\n<p>Material: 100 % Baumwolle mit Leinenbindung.<\/p>\n<p>Gewicht: 120 g\/m2 &#8211; optimales Gewicht f\u00fcr Bettwaren, das Material ist dick genug, um Festigkeit zu gew\u00e4hrleisten, w\u00e4hrend es gleichzeitig leicht und zart ist. Baumwollmaterial sorgt f\u00fcr ausreichende Luftzirkulation. Das Bettzeug ist im Sommer k\u00fchlend und im Winter w\u00e4rmend.<\/p>\n<p>Vorherrschendes Motiv : Rentier<\/p>\n<p>Das Bettw\u00e4scheset umfasst:<\/p>\n<p>einen Bettbezug mit ausgew\u00e4hlten Abmessungen<br \/>\n2 x Kopfkissenbezug 70 x 80 cm<br \/>\nRei\u00dfverschluss mit Easy-Slide-System, das die Haltbarkeit bei jahrelangem Gebrauch und h\u00e4ufigem Waschen gew\u00e4hrleistet<br \/>\nEmpfehlungen zum Waschen und B\u00fcgeln von Bettw\u00e4sche:<\/p>\n<p>Keine Bleiche verwenden<br \/>\nWir empfehlen keinen W\u00e4schetrockner<br \/>\nB\u00fcgeltemperatur bis zu: 200\u00b0C<br \/>\nWaschtemperatur: bis zu 40\u00b0C<br \/>\nWir empfehlen keine chemische Reinigung<\/p>\n","protected":false},"excerpt":{"rendered":"<p>Zusammensetzung: 100% BAUMWOLLE RENFORC\u00c8<br \/>\nGewicht: 120g\/m2<br \/>\nLand der Produktion: Polen<\/p>\n","protected":false},"featured_media":15227,"comment_status":"open","ping_status":"closed","template":"","meta":{"_monsterinsights_skip_tracking":false,"_monsterinsights_sitenote_active":false,"_monsterinsights_sitenote_note":"","_monsterinsights_sitenote_category":0},"product_brand":[],"product_cat":[701,698],"product_tag":[2055,563,2039],"class_list":{"0":"post-15218","1":"product","2":"type-product","3":"status-publish","4":"has-post-thumbnail","6":"product_cat-baumwolle-de","7":"product_cat-bettwaren-de","8":"product_tag-baumwoll-bettwasche-vital-23-duo-3-teiliges-set-andropol","9":"product_tag-baumwolle","10":"product_tag-set-mit-baby-bettwasch","11":"pa_material-baumwolle","12":"pa_rozmiar-160-x-200-cm-de","13":"pa_skladtkaniny-100-baumwolle","15":"first","16":"instock","17":"shipping-taxable","18":"purchasable","19":"product-type-variable","20":"has-default-attributes"},"aioseo_notices":[],"_links":{"self":[{"href":"https:\/\/textillo.com\/de\/wp-json\/wp\/v2\/product\/15218","targetHints":{"allow":["GET"]}}],"collection":[{"href":"https:\/\/textillo.com\/de\/wp-json\/wp\/v2\/product"}],"about":[{"href":"https:\/\/textillo.com\/de\/wp-json\/wp\/v2\/types\/product"}],"replies":[{"embeddable":true,"href":"https:\/\/textillo.com\/de\/wp-json\/wp\/v2\/comments?post=15218"}],"wp:featuredmedia":[{"embeddable":true,"href":"https:\/\/textillo.com\/de\/wp-json\/wp\/v2\/media\/15227"}],"wp:attachment":[{"href":"https:\/\/textillo.com\/de\/wp-json\/wp\/v2\/media?parent=15218"}],"wp:term":[{"taxonomy":"product_brand","embeddable":true,"href":"https:\/\/textillo.com\/de\/wp-json\/wp\/v2\/product_brand?post=15218"},{"taxonomy":"product_cat","embeddable":true,"href":"https:\/\/textillo.com\/de\/wp-json\/wp\/v2\/product_cat?post=15218"},{"taxonomy":"product_tag","embeddable":true,"href":"https:\/\/textillo.com\/de\/wp-json\/wp\/v2\/product_tag?post=15218"}],"curies":[{"name":"wp","href":"https:\/\/api.w.org\/{rel}","templated":true}]}}