{"id":15005,"date":"2020-02-24T07:39:23","date_gmt":"2020-02-24T06:39:23","guid":{"rendered":"https:\/\/www.textillo.com\/produkt\/mako-jersey-bettwasche-zweifarbig-schwarz-und-rot-satz-mit-3-teilen-dream-line\/"},"modified":"2020-02-24T07:39:23","modified_gmt":"2020-02-24T06:39:23","slug":"mako-jersey-bettwasche-zweifarbig-schwarz-und-rot-satz-mit-3-teilen-dream-line","status":"publish","type":"product","link":"https:\/\/textillo.com\/de\/produkt\/mako-jersey-bettwasche-zweifarbig-schwarz-und-rot-satz-mit-3-teilen-dream-line\/","title":{"rendered":"Mako-Jersey-Bettw\u00e4sche Zweifarbig (schwarz und rot). Satz mit 3 Teilen &#8211; Dream Line"},"content":{"rendered":"<p>Das DreamLine Bettw\u00e4scheset<\/p>\n<p>Aus Jersey-Stoff ist eine ideale L\u00f6sung f\u00fcr alle, die Komfort und Einfachheit der L\u00f6sungen m\u00f6gen. Das Material, das f\u00fcr die Herstellung der Bettw\u00e4sche verwendet wird, besteht aus Baumwolle h\u00f6chster Qualit\u00e4t, so dass sie weich, zart und angenehm im Griff ist, was f\u00fcr unvergessliche Tr\u00e4ume sorgt. Jersey-Bettw\u00e4sche wird die perfekte Inspiration sein, um sich nach einem anstrengenden Tag einfach und schnell mit Luxus und Sch\u00f6nheit der Bettw\u00e4sche zu umgeben. Dieses Bettw\u00e4scheset ist eine ideale L\u00f6sung f\u00fcr alle, die etwas Einzigartiges suchen, das Tradition und ein bisschen Verr\u00fccktheit vereint.<\/p>\n<p>Material: 100 % Baumwolle<\/p>\n<p>Das Set besteht aus:<\/p>\n<p>-Bl\u00e4tter<\/p>\n<p>-2 Kopfkissenbez\u00fcge 70&#215;80<\/p>\n<p>Waschempfehlungen:<\/p>\n<p>&#8211; Waschen bis zu 40\u00b0C<\/p>\n<p>&#8211; nicht chloren<\/p>\n<p>&#8211; nicht b\u00fcgeln<\/p>\n<p>&#8211; nicht chemisch reinigen<\/p>\n","protected":false},"excerpt":{"rendered":"<p>Zusammensetzung: 100 % Baumwolle<br \/>\nLand der Produktion: Polen<\/p>\n","protected":false},"featured_media":22912,"comment_status":"open","ping_status":"closed","template":"","meta":{"_monsterinsights_skip_tracking":false,"_monsterinsights_sitenote_active":false,"_monsterinsights_sitenote_note":"","_monsterinsights_sitenote_category":0},"product_brand":[],"product_cat":[707],"product_tag":[761,2039],"class_list":{"0":"post-15005","1":"product","2":"type-product","3":"status-publish","4":"has-post-thumbnail","6":"product_cat-jersey-de-2","7":"product_tag-jersey-de","8":"product_tag-set-mit-baby-bettwasch","9":"pa_material-jersey-de","10":"pa_rozmiar-160-x-200-cm-de","11":"pa_rozmiar-200-x-220-cm-de","12":"pa_skladtkaniny-100-baumwolle","14":"first","15":"instock","16":"shipping-taxable","17":"purchasable","18":"product-type-variable","19":"has-default-attributes"},"aioseo_notices":[],"_links":{"self":[{"href":"https:\/\/textillo.com\/de\/wp-json\/wp\/v2\/product\/15005","targetHints":{"allow":["GET"]}}],"collection":[{"href":"https:\/\/textillo.com\/de\/wp-json\/wp\/v2\/product"}],"about":[{"href":"https:\/\/textillo.com\/de\/wp-json\/wp\/v2\/types\/product"}],"replies":[{"embeddable":true,"href":"https:\/\/textillo.com\/de\/wp-json\/wp\/v2\/comments?post=15005"}],"wp:featuredmedia":[{"embeddable":true,"href":"https:\/\/textillo.com\/de\/wp-json\/wp\/v2\/media\/22912"}],"wp:attachment":[{"href":"https:\/\/textillo.com\/de\/wp-json\/wp\/v2\/media?parent=15005"}],"wp:term":[{"taxonomy":"product_brand","embeddable":true,"href":"https:\/\/textillo.com\/de\/wp-json\/wp\/v2\/product_brand?post=15005"},{"taxonomy":"product_cat","embeddable":true,"href":"https:\/\/textillo.com\/de\/wp-json\/wp\/v2\/product_cat?post=15005"},{"taxonomy":"product_tag","embeddable":true,"href":"https:\/\/textillo.com\/de\/wp-json\/wp\/v2\/product_tag?post=15005"}],"curies":[{"name":"wp","href":"https:\/\/api.w.org\/{rel}","templated":true}]}}