{"id":13467,"date":"2019-11-30T13:54:24","date_gmt":"2019-11-30T12:54:24","guid":{"rendered":"https:\/\/www.textillo.com\/produkt\/frottee-mit-gummiband-hellgelb-3-dream-line\/"},"modified":"2019-11-30T13:54:24","modified_gmt":"2019-11-30T12:54:24","slug":"frottee-mit-gummiband-hellgelb-3-dream-line","status":"publish","type":"product","link":"https:\/\/textillo.com\/de\/produkt\/frottee-mit-gummiband-hellgelb-3-dream-line\/","title":{"rendered":"Frottee mit Gummiband, hellgelb ( 3 ) Dream Line"},"content":{"rendered":"<p>Frottee-Bettlaken mit Gummiband von Dream Line &#8211; hohe Grammatur (200g\/m2 &#8211; DIE GR\u00d6SSTE SCH\u00d6NHEIT AUF DEM POLNISCHEN MARKT!) und Qualit\u00e4t des Gewirkes. Es ist aus weichem und angenehm zu ber\u00fchrendem Stoff in 80% Baumwolle, 20% Polyester hergestellt. Dream Line Frottee-Betttuch mit Gummizug ist aus elastischem und widerstandsf\u00e4higem Gewebe hergestellt. Angepasst f\u00fcr eine dicke Matratze mit einer H\u00f6he von bis zu 40 cm (\u00dcberlappung 30 cm &#8211; Stretch) wird jeder mit einem k\u00f6niglichen Schlaf zu bieten!<\/p>\n<p>Das Laken hat ein in den Tunnel eingen\u00e4htes Gummiband, dank dem es sich perfekt an die Matratze anpasst und immer an seinem Platz bleibt. W\u00e4hrend des Schlafs rollt es nirgends ein und zieht nicht nach unten, was hohen Komfort bietet. Muss nicht geb\u00fcgelt werden, denn nach dem Auflegen auf die Matratze gl\u00e4tten sich alle Falten und verschwinden.<\/p>\n<p>Es ist luftdurchl\u00e4ssig und trocknet schnell. Es schimmelt nicht und verliert auch nach vielen W\u00e4schen nicht an Farbe.<\/p>\n<p>Die Bl\u00e4tter sind in 6 Gr\u00f6\u00dfen erh\u00e4ltlich: 90 x 200 cm, 120 x 200 cm, 140 x 200 cm, 160 x 200 cm, 180 x 200 cm, 200 x 220 cm<\/p>\n<p>Das Produkt wird in Polen hergestellt. Es ist sicher f\u00fcr Kinder. Erh\u00e4ltlich in vielen Farben und Gr\u00f6\u00dfen. Es ist zertifiziert mit OEKO-Tex Standard 100, CE-Zertifikat.<\/p>\n","protected":false},"excerpt":{"rendered":"<p>80 % Baumwolle 20 % Polyester, 200 g\/m2.<br \/>\nF\u00fcr eine dicke Matratze bis zu 220 cm L\u00e4nge und 40 cm H\u00f6he<br \/>\nW\u00e4hrend des Schlafs rollt oder zieht es nirgendwo hin.<br \/>\nPolnisches Produkt, OEKO-TEX\u00ae Zertifikat<\/p>\n","protected":false},"featured_media":5466,"comment_status":"open","ping_status":"closed","template":"","meta":{"_monsterinsights_skip_tracking":false,"_monsterinsights_sitenote_active":false,"_monsterinsights_sitenote_note":"","_monsterinsights_sitenote_category":0},"product_brand":[],"product_cat":[556,722],"product_tag":[563,564,755],"class_list":{"0":"post-13467","1":"product","2":"type-product","3":"status-publish","4":"has-post-thumbnail","6":"product_cat-blatter","7":"product_cat-frotteetucher-mit-gummizug","8":"product_tag-baumwolle","9":"product_tag-blatt","10":"product_tag-frotte-de","11":"pa_gramatura-200-g-m2-de","12":"pa_gumka-in-den-tunnel-eingenaht","13":"pa_kolor-jasny-zolty-3","14":"pa_material-frotte-de","15":"pa_rodzajprzescieradla-mit-elastischem","16":"pa_rozmiar-120-x-200-cm-de","17":"pa_rozmiar-140-x-200-cm-de","18":"pa_rozmiar-160-x-200-cm-de","19":"pa_rozmiar-180-x-200-cm-de","20":"pa_rozmiar-60-x-120-cm-de","21":"pa_rozmiar-70-x-140-cm-de","22":"pa_rozmiar-80-x-160-cm-de","23":"pa_rozmiar-90-x-200-cm-de","24":"pa_rozmiar-200-x-220-cm-de","25":"pa_skladtkaniny-80-baumwolle-20-polyester","26":"pa_zakladka-30-cm-de","28":"first","29":"instock","30":"shipping-taxable","31":"purchasable","32":"product-type-variable","33":"has-default-attributes"},"aioseo_notices":[],"_links":{"self":[{"href":"https:\/\/textillo.com\/de\/wp-json\/wp\/v2\/product\/13467","targetHints":{"allow":["GET"]}}],"collection":[{"href":"https:\/\/textillo.com\/de\/wp-json\/wp\/v2\/product"}],"about":[{"href":"https:\/\/textillo.com\/de\/wp-json\/wp\/v2\/types\/product"}],"replies":[{"embeddable":true,"href":"https:\/\/textillo.com\/de\/wp-json\/wp\/v2\/comments?post=13467"}],"wp:featuredmedia":[{"embeddable":true,"href":"https:\/\/textillo.com\/de\/wp-json\/wp\/v2\/media\/5466"}],"wp:attachment":[{"href":"https:\/\/textillo.com\/de\/wp-json\/wp\/v2\/media?parent=13467"}],"wp:term":[{"taxonomy":"product_brand","embeddable":true,"href":"https:\/\/textillo.com\/de\/wp-json\/wp\/v2\/product_brand?post=13467"},{"taxonomy":"product_cat","embeddable":true,"href":"https:\/\/textillo.com\/de\/wp-json\/wp\/v2\/product_cat?post=13467"},{"taxonomy":"product_tag","embeddable":true,"href":"https:\/\/textillo.com\/de\/wp-json\/wp\/v2\/product_tag?post=13467"}],"curies":[{"name":"wp","href":"https:\/\/api.w.org\/{rel}","templated":true}]}}