{"id":12143,"date":"2021-05-19T09:11:36","date_gmt":"2021-05-19T07:11:36","guid":{"rendered":"https:\/\/www.textillo.com\/produkt\/set-mit-baby-bettwasche-100-x-135-cm-12\/"},"modified":"2021-06-29T09:43:10","modified_gmt":"2021-06-29T07:43:10","slug":"set-mit-baby-bettwasche-100-x-135-cm-12","status":"publish","type":"product","link":"https:\/\/textillo.com\/de\/produkt\/set-mit-baby-bettwasche-100-x-135-cm-12\/","title":{"rendered":"Set mit Baby-Bettw\u00e4sche &#8211; 100 x 135 cm"},"content":{"rendered":"<p>Perfektes Bettzeug f\u00fcr das Zimmer eines jeden kleinen Reisenden oder einer kleinen Prinzessin. Sie verleiht ihm Charakter und erg\u00e4nzt sein Dekor perfekt. Sorgf\u00e4ltig ausgew\u00e4hlte Muster lassen vier Kompositionen entstehen, die unseren Kleinen helfen, jede Nacht in ein anderes Traumland zu gelangen. Es ist auch perfekt als Geschenk f\u00fcr Familie, Freunde, Baby-Dusche und jede andere besondere Gelegenheit. Die Kissenbez\u00fcge werden mit sch\u00f6n ausgew\u00e4hlten Kunststoffkn\u00f6pfen befestigt, dank derer die Benutzung sicher ist und die F\u00fcllung nicht aus dem Kissenbezug herausgeht.<\/p>\n<p>Ein Set mit doppelseitiger Baby-Bettw\u00e4sche<br \/>\n-Kopfkissenbezug 100x135cm (+\/- 2cm)<br \/>\n-Baumwoll-Kissenbezug 40x60cm (+\/- 2cm)<\/p>\n<p>\u00a0<\/p>\n<p>Der Baumwolldruck verf\u00e4rbt sich auch nach mehrmaligem Waschen nicht. Maschinenw\u00e4sche bei max. 30\u00b0C<\/p>\n<p>-Drehzahl bei max. 800 U\/min.<br \/>\n-nicht chloren<br \/>\n-nicht chemisch reinigen<br \/>\n-kein Bleichmittel verwenden<br \/>\n-nicht im Trockner trocknen<br \/>\n-Eisen max 110\u00b0C<\/p>\n<p>Bettzeug in einer T\u00fcte verpackt!<\/p>\n","protected":false},"excerpt":{"rendered":"<p>Zusammensetzung:<\/p>\n<p>-100% Baumwolle : 140g\/m2<br \/>\n-von h\u00f6chster Qualit\u00e4t, zertifiziert durch OEKO-TEX 100<\/p>\n","protected":false},"featured_media":11663,"comment_status":"open","ping_status":"closed","template":"","meta":{"_monsterinsights_skip_tracking":false,"_monsterinsights_sitenote_active":false,"_monsterinsights_sitenote_note":"","_monsterinsights_sitenote_category":0},"product_brand":[],"product_cat":[698,706],"product_tag":[752,2040,2039],"class_list":{"0":"post-12143","1":"product","2":"type-product","3":"status-publish","4":"has-post-thumbnail","6":"product_cat-bettwaren-de","7":"product_cat-fur-kinder-de","8":"product_tag-kind","9":"product_tag-set-mit-baby-bettwasch-de","10":"product_tag-set-mit-baby-bettwasch","12":"first","13":"outofstock","14":"shipping-taxable","15":"purchasable","16":"product-type-simple"},"aioseo_notices":[],"_links":{"self":[{"href":"https:\/\/textillo.com\/de\/wp-json\/wp\/v2\/product\/12143","targetHints":{"allow":["GET"]}}],"collection":[{"href":"https:\/\/textillo.com\/de\/wp-json\/wp\/v2\/product"}],"about":[{"href":"https:\/\/textillo.com\/de\/wp-json\/wp\/v2\/types\/product"}],"replies":[{"embeddable":true,"href":"https:\/\/textillo.com\/de\/wp-json\/wp\/v2\/comments?post=12143"}],"wp:featuredmedia":[{"embeddable":true,"href":"https:\/\/textillo.com\/de\/wp-json\/wp\/v2\/media\/11663"}],"wp:attachment":[{"href":"https:\/\/textillo.com\/de\/wp-json\/wp\/v2\/media?parent=12143"}],"wp:term":[{"taxonomy":"product_brand","embeddable":true,"href":"https:\/\/textillo.com\/de\/wp-json\/wp\/v2\/product_brand?post=12143"},{"taxonomy":"product_cat","embeddable":true,"href":"https:\/\/textillo.com\/de\/wp-json\/wp\/v2\/product_cat?post=12143"},{"taxonomy":"product_tag","embeddable":true,"href":"https:\/\/textillo.com\/de\/wp-json\/wp\/v2\/product_tag?post=12143"}],"curies":[{"name":"wp","href":"https:\/\/api.w.org\/{rel}","templated":true}]}}