{"id":11850,"date":"2020-09-28T10:34:02","date_gmt":"2020-09-28T08:34:02","guid":{"rendered":"https:\/\/www.textillo.com\/produkt\/4-jahreszeiten-baumwolle-traum-quilt\/"},"modified":"2020-09-28T10:34:02","modified_gmt":"2020-09-28T08:34:02","slug":"4-jahreszeiten-baumwolle-traum-quilt","status":"publish","type":"product","link":"https:\/\/textillo.com\/de\/produkt\/4-jahreszeiten-baumwolle-traum-quilt\/","title":{"rendered":"4 Jahreszeiten Baumwolle Traum Quilt"},"content":{"rendered":"<p>Baumwolltraum<\/p>\n<p>GESUNDER SCHLAF DANK NAT\u00dcRLICHEM BAUMWOLLGEWEBE F\u00dcR HOHE MIKROBEL\u00dcFTUNG<\/p>\n<p>Unterst\u00fctzt den Atmungsprozess der Haut, reduziert die Schwei\u00dfbildung.<br \/>\nNat\u00fcrliche Schlafumgebung ohne k\u00fcnstliche Farbstoffe und sch\u00e4dliche Chemikalien.<br \/>\nAntistatische Eigenschaften zur Unterst\u00fctzung einer effektiven Erholung.<br \/>\nThermischer Komfort zu jeder Zeit des Jahres.<br \/>\nFlauschige und haltbare F\u00fcllung.<br \/>\nHohe Waschtemperatur f\u00fcr hygienische Sauberkeit.<\/p>\n<p>4 JAHRESZEITEN &#8211; zweiteiliges Set aus zwei unterschiedlich dicken Bettdecken, die mit Druckkn\u00f6pfen befestigt sind &#8211; ultraleichte Bettdecke ideal f\u00fcr den hei\u00dfen Sommer und Ganzjahresbettdecke ideal f\u00fcr Fr\u00fchling und Herbst; nach dem Zusammenf\u00fcgen beider entsteht eine sehr warme Bettdecke, ideal f\u00fcr den kalten Winter; zur gemeinsamen oder getrennten Verwendung, bietet Schlafkomfort zu jeder Jahreszeit und bei jeder Umgebungstemperatur, erm\u00f6glicht die Anpassung der Dicke und des W\u00e4rmekomforts an die individuellen Vorlieben des Benutzers, ein perfektes Set f\u00fcr Partner, die gerne bei unterschiedlichen W\u00e4rmebedingungen schlafen, Gewicht 150+300g\/m2.<\/p>\n<p>Einzigartige Merkmale<\/p>\n<p>Naturstoff 100% Baumwolle.<\/p>\n<p>Messbare Vorteile<\/p>\n<p>sorgt f\u00fcr entsprechende Luftzirkulation, verhindert Schwitzen, absorbiert Feuchtigkeit, unterst\u00fctzt effektive Erholung.<\/p>\n<p>Zus\u00e4tzliche Vorteile<\/p>\n<p>hohe Waschtemperatur von 90\u00b0C f\u00fcr hygienische Sauberkeit und Frische, sanforisierte Gewebeausr\u00fcstung, reduzierte Schrumpfung nach dem Waschen.<\/p>\n<p>Gef\u00fchle<\/p>\n<p>Nat\u00fcrliches Gef\u00fchl, flauschig, umh\u00fcllend, atmungsaktiv, hoher Komfort.<\/p>\n<p>Stoff<\/p>\n<p>100 % sanforisierte Baumwolle.<\/p>\n<p>Hochwertige PERCAL-Baumwolle, die im Produktionsprozess durch Mercerisieren, Kalandrieren und Sanforisieren veredelt wird, was ihr eine einzigartige Optik verleiht und den Schrumpf nach dem Waschen reduziert. Es wird von unseren Kunden f\u00fcr seinen gediegenen Glanz und seine au\u00dfergew\u00f6hnliche Gl\u00e4tte gesch\u00e4tzt. Enth\u00e4lt keine k\u00fcnstlichen Farbstoffe und sch\u00e4dlichen chemischen Substanzen, daher ist es auch f\u00fcr Allergiker sicher. Als Naturstoff zeichnet er sich durch eine spezifisch warme Farbe aus.<\/p>\n<p>F\u00fcllen<\/p>\n<p>HCS silikonisierte Kanalfasern (100 % Polyester).<\/p>\n<p>Dank einer seit vielen Jahren verfeinerten Produktionstechnologie und Festigkeitstests, die eine intensive Nutzung simulieren, konnten wir eine spezielle Mischung von HCS-Fasern ausw\u00e4hlen, die die au\u00dfergew\u00f6hnliche Belastbarkeit der Bettdecken- und Kissenf\u00fcllung und die Widerstandsf\u00e4higkeit gegen Quetschungen gew\u00e4hrleistet. IGA HOME F\u00fcllungen sind leicht, hypoallergen, sorgen f\u00fcr eine gute Luftzirkulation und Feuchtigkeitsabfuhr und verlieren ihre Eigenschaften auch nach dem Waschen nicht. Der Vliesstoff in den Bettdecken zeichnet sich durch ein spezielles multidirektionales Fasergeflecht aus, das die Haltbarkeit erh\u00f6ht. Die Luft, die sich in den Kan\u00e4len im Inneren der Fasern sammelt, isoliert perfekt und erh\u00f6ht das W\u00e4rmeempfinden. Die dicke und dauerhafte Silikonbeschichtung jeder einzelnen Faser, kombiniert mit der Spiralform, f\u00fchrt zu einer Best\u00e4ndigkeit gegen Verheddern und Verklumpen der F\u00fcllung.<\/p>\n<p>Fertigstellung<\/p>\n<p>Paspel und Satin-Ecketikett.<\/p>\n<p>Verpackung<\/p>\n<p>Eleganter und praktischer Aufbewahrungskoffer.<\/p>\n<p>Waschtemperatur<\/p>\n<p>90\u00b0C.<\/p>\n","protected":false},"excerpt":{"rendered":"<p>Zertifikate<\/p>\n<p>H\u00f6chste Qualit\u00e4t und Sicherheit &#8211; Produkt zertifiziert nach den Standards des National Institute of Public Health. Zertifiziert mit dem Nationalen Institut f\u00fcr Hygiene &#8211; Zertifikat der Gesundheitsqualit\u00e4t, das die positive Wirkung des Produkts auf die Gesundheit best\u00e4tigt. Enth\u00e4lt keine k\u00fcnstlichen Farbstoffe und sch\u00e4dlichen chemischen Substanzen Sicher f\u00fcr Allergiker. Reizt nicht und verursacht keine Allergie.<\/p>\n<p>Alle f\u00fcr die Produktion verwendeten Rohstoffe entsprechen dem \u00d6ko-Tex Standard 100 Klasse I &#8211; sicher f\u00fcr Babys.<\/p>\n<p>Kontinuierliche Qualit\u00e4tskontrolle nach den restriktiven IGA-HOME-Standards.<\/p>\n<p>Stoff 100% Baumwolle<br \/>\nHohe Waschtemperatur 90\u00b0C.<br \/>\nPOLISH PRODUCT, die zur Herstellung verwendeten Rohstoffe entsprechen dem \u00d6ko-Tex Standard 100 Klasse I.<\/p>\n","protected":false},"featured_media":8874,"comment_status":"open","ping_status":"closed","template":"","meta":{"_monsterinsights_skip_tracking":false,"_monsterinsights_sitenote_active":false,"_monsterinsights_sitenote_note":"","_monsterinsights_sitenote_category":0},"product_brand":[],"product_cat":[635,647],"product_tag":[749,758,767],"class_list":{"0":"post-11850","1":"product","2":"type-product","3":"status-publish","4":"has-post-thumbnail","6":"product_cat-bettdecken","7":"product_cat-cotton-de","8":"product_tag-cotton-de","9":"product_tag-igahome-de","10":"product_tag-steppdecke","11":"pa_cechy-atmungsaktiv-antiallergisch-natuerlich-antibakteriell-und-antimykotisch","12":"pa_gramatura-420g-m2-de","13":"pa_kolor-weis","14":"pa_rozmiar-140-x-200-cm-de","15":"pa_rozmiar-160-x-200-cm-de","16":"pa_rozmiar-200-x-220-cm-de","17":"pa_skladtkaniny-100-sanforisierte-baumwolle","18":"pa_wykonczenie-paspel-und-satin-ecketikett","20":"first","21":"instock","22":"shipping-taxable","23":"purchasable","24":"product-type-variable","25":"has-default-attributes"},"aioseo_notices":[],"_links":{"self":[{"href":"https:\/\/textillo.com\/de\/wp-json\/wp\/v2\/product\/11850","targetHints":{"allow":["GET"]}}],"collection":[{"href":"https:\/\/textillo.com\/de\/wp-json\/wp\/v2\/product"}],"about":[{"href":"https:\/\/textillo.com\/de\/wp-json\/wp\/v2\/types\/product"}],"replies":[{"embeddable":true,"href":"https:\/\/textillo.com\/de\/wp-json\/wp\/v2\/comments?post=11850"}],"wp:featuredmedia":[{"embeddable":true,"href":"https:\/\/textillo.com\/de\/wp-json\/wp\/v2\/media\/8874"}],"wp:attachment":[{"href":"https:\/\/textillo.com\/de\/wp-json\/wp\/v2\/media?parent=11850"}],"wp:term":[{"taxonomy":"product_brand","embeddable":true,"href":"https:\/\/textillo.com\/de\/wp-json\/wp\/v2\/product_brand?post=11850"},{"taxonomy":"product_cat","embeddable":true,"href":"https:\/\/textillo.com\/de\/wp-json\/wp\/v2\/product_cat?post=11850"},{"taxonomy":"product_tag","embeddable":true,"href":"https:\/\/textillo.com\/de\/wp-json\/wp\/v2\/product_tag?post=11850"}],"curies":[{"name":"wp","href":"https:\/\/api.w.org\/{rel}","templated":true}]}}