{"id":11838,"date":"2020-04-07T12:06:12","date_gmt":"2020-04-07T10:06:12","guid":{"rendered":"https:\/\/www.textillo.com\/produkt\/softi-sen-ultra-light-sommer-steppdecke\/"},"modified":"2023-07-23T12:24:03","modified_gmt":"2023-07-23T10:24:03","slug":"softi-sen-ultra-light-sommer-steppdecke","status":"publish","type":"product","link":"https:\/\/textillo.com\/de\/produkt\/softi-sen-ultra-light-sommer-steppdecke\/","title":{"rendered":"Softi Sen Ultra Light Sommer Steppdecke"},"content":{"rendered":"<p>Softi Sen<br \/>\nAUSSERGEW\u00d6HNLICHER SCHLAFKOMFORT DURCH SAMTIGEN STOFF AUS ZARTEN MIKROFASERN<br \/>\nSehr gute W\u00e4rmed\u00e4mmeigenschaften.<br \/>\nAu\u00dfergew\u00f6hnliche Leichtigkeit und angenehme Umh\u00fcllung.<br \/>\nOptimale Luftzirkulation reduziert die Gefahr der \u00dcberhitzung.<br \/>\nSchutz vor Feuchtigkeitsaufnahme und der Aufnahme von Fremdger\u00fcchen.<br \/>\nFlauschige und haltbare F\u00fcllung.<br \/>\nLeicht zu waschen und zu Hause zu trocknen.<br \/>\nULTRALEK &#8211; d\u00fcnne Einschicht, ideal f\u00fcr hei\u00dfe Sommertage, sch\u00fctzt den K\u00f6rper vor \u00dcberhitzung, Gewicht 150g\/m2.<\/p>\n<p>Einzigartige Merkmale<\/p>\n<p>feines Gewebe mit samtiger Oberfl\u00e4che<\/p>\n<p>Konkrete Vorteile<\/p>\n<p>hohe W\u00e4rmed\u00e4mmung und optimale Luftzirkulation<\/p>\n<p>Zus\u00e4tzliche Vorteile<\/p>\n<p>Leicht zu waschen und zu Hause zu trocknen<\/p>\n<p>Gef\u00fchle<\/p>\n<p>Samtig im Griff, leicht, flauschig, warm<\/p>\n<p>Stoff<\/p>\n<p>Mikrofaser weich (100 % Polyester).<\/p>\n<p>Exklusive Mikrofaser weich, importiert aus Frankreich, wird mit einem speziellen Prozess der K\u00e4mmen seiner oberen Schicht, die in seiner au\u00dfergew\u00f6hnlichen Weichheit und gleichzeitig Samt Zartheit f\u00fchrt beendet. Es ist dicht gewebt und kalandriert, um die Migration von F\u00fcllungen zu verhindern und das Eindringen von Verunreinigungen zu vermeiden, und gleichzeitig ist es extrem leicht und luftig. Das ist das Aush\u00e4ngeschild von IGA HOME, das bereits tausende kleine und gro\u00dfe Schl\u00e4fer lieben gelernt haben. Es enth\u00e4lt keine k\u00fcnstlichen Farbstoffe oder sch\u00e4dlichen Chemikalien und ist somit auch f\u00fcr Allergiker sicher.<\/p>\n<p>F\u00fcllen<\/p>\n<p>HCS silikonisierte Hohlfaser (100 % Polyester).<\/p>\n<p>Dank einer \u00fcber viele Jahre entwickelten Produktionstechnologie und Festigkeitstests, die eine intensive Nutzung simulieren, konnten wir eine spezielle Mischung von HCS-Fasern ausw\u00e4hlen, die die au\u00dfergew\u00f6hnliche Elastizit\u00e4t der Bettdecken- und Kissenf\u00fcllung und die Widerstandsf\u00e4higkeit gegen Quetschungen gew\u00e4hrleistet. IGA HOME F\u00fcllungen sind leicht, hypoallergen, sorgen f\u00fcr eine gute Luftzirkulation und Feuchtigkeitsabfuhr und verlieren ihre Eigenschaften auch nach dem Waschen nicht. Der Vliesstoff in den Bettdecken zeichnet sich durch ein spezielles multidirektionales Fasergeflecht aus, das die Haltbarkeit erh\u00f6ht. Die Luft, die sich in den Kan\u00e4len im Inneren der Fasern sammelt, isoliert perfekt und erh\u00f6ht das W\u00e4rmeempfinden. Die dicke und dauerhafte Silikonbeschichtung jeder einzelnen Faser, kombiniert mit der Spiralform, f\u00fchrt zu einer Best\u00e4ndigkeit gegen Verheddern und Verklumpen der F\u00fcllung.<\/p>\n<p>Fertigstellung<\/p>\n<p>Paspel und Satin-Ecketikett.<\/p>\n<p>Verpackung<\/p>\n<p>Eleganter und praktischer Aufbewahrungskoffer.<\/p>\n<p>Waschtemperatur<\/p>\n<p>60\u00b0C.<\/p>\n","protected":false},"excerpt":{"rendered":"<p>Zertifikate<\/p>\n<p>H\u00f6chste Qualit\u00e4t und Sicherheit &#8211; Produkt zertifiziert nach den Standards des National Institute of Public Health. Zertifiziert mit dem Nationalen Institut f\u00fcr Hygiene &#8211; Zertifikat der Gesundheitsqualit\u00e4t, das die positive Wirkung des Produkts auf die Gesundheit best\u00e4tigt. Enth\u00e4lt keine k\u00fcnstlichen Farbstoffe und sch\u00e4dlichen chemischen Substanzen Sicher f\u00fcr Allergiker. Reizt nicht und verursacht keine Allergie.<\/p>\n<p>Alle f\u00fcr die Produktion verwendeten Rohstoffe entsprechen dem \u00d6ko-Tex Standard 100 Klasse I &#8211; sicher f\u00fcr Babys.<\/p>\n<p>Kontinuierliche Qualit\u00e4tskontrolle nach den restriktiven IGA-HOME-Standards.<\/p>\n<p>Material 100% Mikrofaser<br \/>\nHohe Waschtemperatur 60\u00b0C.<br \/>\nPOLISH Produkt, die zur Herstellung verwendeten Rohstoffe entsprechen dem \u00d6ko-Tex Standard 100 Klasse I.<\/p>\n","protected":false},"featured_media":6720,"comment_status":"open","ping_status":"closed","template":"","meta":{"_monsterinsights_skip_tracking":false,"_monsterinsights_sitenote_active":false,"_monsterinsights_sitenote_note":"","_monsterinsights_sitenote_category":0},"product_brand":[],"product_cat":[635,656],"product_tag":[797,767],"class_list":{"0":"post-11838","1":"product","2":"type-product","3":"status-publish","4":"has-post-thumbnail","6":"product_cat-bettdecken","7":"product_cat-softi-de","8":"product_tag-softi-de","9":"product_tag-steppdecke","10":"pa_cechy-atmungsaktiv-antiallergisch-natuerlich-antibakteriell-und-antimykotisch","11":"pa_gramatura-420g-m2-de","12":"pa_kolor-weis","13":"pa_rozmiar-140-x-200-cm-de","14":"pa_rozmiar-160-x-200-cm-de","15":"pa_rozmiar-200-x-220-cm-de","16":"pa_skladtkaniny-mikrofaser-weich-100-polyester","17":"pa_typkoldry-sommer","18":"pa_wykonczenie-paspel-und-satin-ecketikett","20":"first","21":"outofstock","22":"shipping-taxable","23":"purchasable","24":"product-type-variable","25":"has-default-attributes"},"aioseo_notices":[],"_links":{"self":[{"href":"https:\/\/textillo.com\/de\/wp-json\/wp\/v2\/product\/11838","targetHints":{"allow":["GET"]}}],"collection":[{"href":"https:\/\/textillo.com\/de\/wp-json\/wp\/v2\/product"}],"about":[{"href":"https:\/\/textillo.com\/de\/wp-json\/wp\/v2\/types\/product"}],"replies":[{"embeddable":true,"href":"https:\/\/textillo.com\/de\/wp-json\/wp\/v2\/comments?post=11838"}],"wp:featuredmedia":[{"embeddable":true,"href":"https:\/\/textillo.com\/de\/wp-json\/wp\/v2\/media\/6720"}],"wp:attachment":[{"href":"https:\/\/textillo.com\/de\/wp-json\/wp\/v2\/media?parent=11838"}],"wp:term":[{"taxonomy":"product_brand","embeddable":true,"href":"https:\/\/textillo.com\/de\/wp-json\/wp\/v2\/product_brand?post=11838"},{"taxonomy":"product_cat","embeddable":true,"href":"https:\/\/textillo.com\/de\/wp-json\/wp\/v2\/product_cat?post=11838"},{"taxonomy":"product_tag","embeddable":true,"href":"https:\/\/textillo.com\/de\/wp-json\/wp\/v2\/product_tag?post=11838"}],"curies":[{"name":"wp","href":"https:\/\/api.w.org\/{rel}","templated":true}]}}