{"id":11826,"date":"2020-04-07T11:52:37","date_gmt":"2020-04-07T09:52:37","guid":{"rendered":"https:\/\/www.textillo.com\/produkt\/cotton-dream-ultraleichte-sommerdecke\/"},"modified":"2020-04-07T11:52:37","modified_gmt":"2020-04-07T09:52:37","slug":"cotton-dream-ultraleichte-sommerdecke","status":"publish","type":"product","link":"https:\/\/textillo.com\/de\/produkt\/cotton-dream-ultraleichte-sommerdecke\/","title":{"rendered":"Cotton Dream Ultraleichte Sommerdecke"},"content":{"rendered":"<p>Baumwolltraum<br \/>\nGESUNDER SCHLAF DANK NAT\u00dcRLICHEM BAUMWOLLGEWEBE F\u00dcR HOHE MIKROBEL\u00dcFTUNG<br \/>\nUnterst\u00fctzt den Atmungsprozess der Haut, reduziert die Schwei\u00dfbildung.<br \/>\nNat\u00fcrliche Schlafumgebung ohne k\u00fcnstliche Farbstoffe und sch\u00e4dliche Chemikalien.<br \/>\nAntistatische Eigenschaften zur Unterst\u00fctzung einer effektiven Erholung.<br \/>\nThermischer Komfort zu jeder Zeit des Jahres.<br \/>\nFlauschige und haltbare F\u00fcllung.<br \/>\nHohe Waschtemperatur f\u00fcr hygienische Sauberkeit.<\/p>\n<p>ULTRALEK &#8211; d\u00fcnne einzelne Schicht, ideal f\u00fcr hei\u00dfe Sommer, verhindert \u00dcberhitzung des K\u00f6rpers, Gewicht 150g\/m2.<\/p>\n<p>Einzigartige Merkmale:<br \/>\nNaturstoff 100% Baumwolle.<br \/>\nSp\u00fcrbare Vorteile:<br \/>\nsorgt f\u00fcr ausreichende Luftzirkulation, verhindert Schwitzen, absorbiert Feuchtigkeit, unterst\u00fctzt effektive Erholung.<br \/>\nZus\u00e4tzliche Vorteile:<br \/>\nhohe Waschtemperatur von 90\u00b0C f\u00fcr hygienische Sauberkeit und Frische, sanforisierte Gewebeausr\u00fcstung, reduzierte Schrumpfung nach dem Waschen.<br \/>\nGef\u00fchle:<br \/>\nF\u00fchlt sich nat\u00fcrlich an, flauschig, einh\u00fcllend, atmungsaktiv, hoher Komfort.<\/p>\n<p>Stoff<\/p>\n<p>100 % sanforisierte Baumwolle.<\/p>\n<p>Hochwertige PERCAL-Baumwolle, die im Produktionsprozess durch Mercerisieren, Kalandrieren und Sanforisieren veredelt wird, was ihr eine einzigartige Optik verleiht und den Schrumpf nach dem Waschen reduziert. Es wird von unseren Kunden f\u00fcr seinen gediegenen Glanz und seine au\u00dfergew\u00f6hnliche Gl\u00e4tte gesch\u00e4tzt. Enth\u00e4lt keine k\u00fcnstlichen Farbstoffe und sch\u00e4dlichen chemischen Substanzen, daher ist es auch f\u00fcr Allergiker sicher. Als Naturstoff zeichnet er sich durch eine spezifisch warme Farbe aus.<\/p>\n<p>F\u00fcllen<\/p>\n<p>HCS silikonisierte Kanalfasern (100 % Polyester).<\/p>\n<p>Dank einer seit vielen Jahren verfeinerten Produktionstechnologie und Festigkeitstests, die eine intensive Nutzung simulieren, konnten wir eine spezielle Mischung von HCS-Fasern ausw\u00e4hlen, die die au\u00dfergew\u00f6hnliche Belastbarkeit der Bettdecken- und Kissenf\u00fcllung und die Widerstandsf\u00e4higkeit gegen Quetschungen gew\u00e4hrleistet. IGA HOME F\u00fcllungen sind leicht, hypoallergen, sorgen f\u00fcr eine gute Luftzirkulation und Feuchtigkeitsabfuhr und verlieren ihre Eigenschaften auch nach dem Waschen nicht. Der Vliesstoff in den Bettdecken zeichnet sich durch ein spezielles multidirektionales Fasergeflecht aus, das die Haltbarkeit erh\u00f6ht. Die Luft, die sich in den Kan\u00e4len im Inneren der Fasern sammelt, isoliert perfekt und erh\u00f6ht das W\u00e4rmeempfinden. Die dicke und dauerhafte Silikonbeschichtung jeder einzelnen Faser, kombiniert mit der Spiralform, f\u00fchrt zu einer Best\u00e4ndigkeit gegen Verheddern und Verklumpen der F\u00fcllung.<\/p>\n<p>Fertigstellung<\/p>\n<p>Paspel und Satin-Ecketikett.<\/p>\n<p>Verpackung<\/p>\n<p>Eleganter und praktischer Aufbewahrungskoffer.<\/p>\n<p>Waschtemperatur<\/p>\n<p>90\u00b0C.<\/p>\n","protected":false},"excerpt":{"rendered":"<p>Zertifikate<\/p>\n<p>H\u00f6chste Qualit\u00e4t und Sicherheit &#8211; Produkt zertifiziert nach den Standards des National Institute of Public Health. Zertifiziert mit dem Nationalen Institut f\u00fcr Hygiene &#8211; Zertifikat der Gesundheitsqualit\u00e4t, das die positive Wirkung des Produkts auf die Gesundheit best\u00e4tigt. Enth\u00e4lt keine k\u00fcnstlichen Farbstoffe und sch\u00e4dlichen chemischen Substanzen Sicher f\u00fcr Allergiker. Reizt nicht und verursacht keine Allergie.<\/p>\n<p>Alle f\u00fcr die Produktion verwendeten Rohstoffe entsprechen dem \u00d6ko-Tex Standard 100 Klasse I &#8211; sicher f\u00fcr Babys.<\/p>\n<p>Material 100% sanforisierte Baumwolle<br \/>\nhohe Waschtemperatur von 90\u00b0C<br \/>\nPolnisches Produkt, die zur Herstellung verwendeten Rohstoffe entsprechen dem \u00d6ko-Tex Standard 100 Klasse I.<\/p>\n","protected":false},"featured_media":6714,"comment_status":"open","ping_status":"closed","template":"","meta":{"_monsterinsights_skip_tracking":false,"_monsterinsights_sitenote_active":false,"_monsterinsights_sitenote_note":"","_monsterinsights_sitenote_category":0},"product_brand":[],"product_cat":[635,647],"product_tag":[767],"class_list":{"0":"post-11826","1":"product","2":"type-product","3":"status-publish","4":"has-post-thumbnail","6":"product_cat-bettdecken","7":"product_cat-cotton-de","8":"product_tag-steppdecke","9":"pa_cechy-atmungsaktiv-antiallergisch-natuerlich-antibakteriell-und-antimykotisch","10":"pa_gramatura-420g-m2-de","11":"pa_kolor-weis","12":"pa_rozmiar-140-x-200-cm-de","13":"pa_rozmiar-200-x-220-cm-de","14":"pa_skladtkaniny-100-sanforisierte-baumwolle","15":"pa_typkoldry-sommer","16":"pa_wykonczenie-paspel-und-satin-ecketikett","18":"first","19":"outofstock","20":"shipping-taxable","21":"purchasable","22":"product-type-variable","23":"has-default-attributes"},"aioseo_notices":[],"_links":{"self":[{"href":"https:\/\/textillo.com\/de\/wp-json\/wp\/v2\/product\/11826","targetHints":{"allow":["GET"]}}],"collection":[{"href":"https:\/\/textillo.com\/de\/wp-json\/wp\/v2\/product"}],"about":[{"href":"https:\/\/textillo.com\/de\/wp-json\/wp\/v2\/types\/product"}],"replies":[{"embeddable":true,"href":"https:\/\/textillo.com\/de\/wp-json\/wp\/v2\/comments?post=11826"}],"wp:featuredmedia":[{"embeddable":true,"href":"https:\/\/textillo.com\/de\/wp-json\/wp\/v2\/media\/6714"}],"wp:attachment":[{"href":"https:\/\/textillo.com\/de\/wp-json\/wp\/v2\/media?parent=11826"}],"wp:term":[{"taxonomy":"product_brand","embeddable":true,"href":"https:\/\/textillo.com\/de\/wp-json\/wp\/v2\/product_brand?post=11826"},{"taxonomy":"product_cat","embeddable":true,"href":"https:\/\/textillo.com\/de\/wp-json\/wp\/v2\/product_cat?post=11826"},{"taxonomy":"product_tag","embeddable":true,"href":"https:\/\/textillo.com\/de\/wp-json\/wp\/v2\/product_tag?post=11826"}],"curies":[{"name":"wp","href":"https:\/\/api.w.org\/{rel}","templated":true}]}}