{"id":11814,"date":"2020-03-27T10:09:06","date_gmt":"2020-03-27T09:09:06","guid":{"rendered":"https:\/\/www.textillo.com\/produkt\/klassischer-microfaser-bettbezug-fur-warme-das-ganze-jahr-uber\/"},"modified":"2020-03-27T10:09:06","modified_gmt":"2020-03-27T09:09:06","slug":"klassischer-microfaser-bettbezug-fur-warme-das-ganze-jahr-uber","status":"publish","type":"product","link":"https:\/\/textillo.com\/de\/produkt\/klassischer-microfaser-bettbezug-fur-warme-das-ganze-jahr-uber\/","title":{"rendered":"Klassischer Microfaser-Bettbezug f\u00fcr W\u00e4rme das ganze Jahr \u00fcber"},"content":{"rendered":"<p>Hochwertigste Mikrofaser mit weicher Oberfl\u00e4che und Aloe-Vera-Extrakt mit wohltuenden Eigenschaften. Wird von unseren Kunden f\u00fcr seine au\u00dfergew\u00f6hnliche Weichheit, Zartheit und Samtstruktur gesch\u00e4tzt. Es enth\u00e4lt keine k\u00fcnstlichen Farbstoffe und sch\u00e4dlichen chemischen Substanzen, dank denen es auch f\u00fcr Allergiker sicher ist. Der Aloe-Vera-Extrakt wird dauerhaft auf das Gewebe aufgebracht und ist waschbest\u00e4ndig.<\/p>\n<p>Mikrofaser (100 % Polyester)<\/p>\n<p>F\u00fcllung:<\/p>\n<p>HCS silikonisierte Hohlfasern (100 % Polyester). Dank langj\u00e4hriger Entwicklung der Produktionstechnologie und Festigkeitstests, die eine intensive Nutzung simulieren, konnten wir eine spezielle Zusammensetzung von HCS-Fasern ausw\u00e4hlen, die eine au\u00dfergew\u00f6hnliche Elastizit\u00e4t der Bettdecken- und Kissenf\u00fcllung und eine hohe Druckfestigkeit gew\u00e4hrleistet. Die F\u00fcllungen in Bettdecken sind leicht, hypoallergen, sorgen f\u00fcr eine gute Luftzirkulation und Feuchtigkeitsabfuhr und verlieren ihre Eigenschaften auch nach dem Waschen nicht. Der Vliesstoff in Bettdecken zeichnet sich durch ein spezielles multidirektionales Fasergeflecht aus, das die Haltbarkeit erh\u00f6ht.<\/p>\n<p>Die Luft, die sich in den Kan\u00e4len im Inneren der Fasern sammelt, isoliert perfekt und erh\u00f6ht das W\u00e4rmeempfinden. Die dicke und haltbare Silikonh\u00fclle jeder einzelnen Faser, kombiniert mit der Spiralform, f\u00fchrt zu einer Best\u00e4ndigkeit gegen Verheddern und Verklumpen der F\u00fcllung.<\/p>\n","protected":false},"excerpt":{"rendered":"<p>Bescheinigungen:<\/p>\n<p>H\u00f6chste Qualit\u00e4t und Sicherheit &#8211; das Produkt ist nach den Standards des National Institute of Public Health zertifiziert. Zertifiziert mit dem Nationalen Institut f\u00fcr Hygiene &#8211; Zertifikat der Gesundheitsqualit\u00e4t, das die positive Wirkung des Produkts auf die Gesundheit best\u00e4tigt. Enth\u00e4lt keine k\u00fcnstlichen Farbstoffe und sch\u00e4dlichen chemischen Substanzen Sicher f\u00fcr Allergiker. Reizt nicht und verursacht keine Allergie. Alle f\u00fcr die Produktion verwendeten Rohstoffe entsprechen dem \u00d6ko-Tex Standard 100 Klasse I &#8211; sicher f\u00fcr Babys.<\/p>\n<p>Waschtemperatur 60\u00b0C.\u00a0<\/p>\n<p>Das Produkt ist 100 % POLNISCH.<\/p>\n<p>Mikrofaser (100 % Polyester), 300 g\/m2.<br \/>\nPolnisches Produkt<\/p>\n","protected":false},"featured_media":6666,"comment_status":"open","ping_status":"closed","template":"","meta":{"_monsterinsights_skip_tracking":false,"_monsterinsights_sitenote_active":false,"_monsterinsights_sitenote_note":"","_monsterinsights_sitenote_category":0},"product_brand":[],"product_cat":[635],"product_tag":[],"class_list":{"0":"post-11814","1":"product","2":"type-product","3":"status-publish","4":"has-post-thumbnail","6":"product_cat-bettdecken","7":"pa_gramatura-300-g-m2-de","8":"pa_kolor-weis","9":"pa_rozmiar-140-x-200-cm-de","10":"pa_rozmiar-160-x-200-cm-de","11":"pa_skladtkaniny-100-polyester-de","12":"pa_typkoldry-ganzjaehrig","14":"first","15":"outofstock","16":"shipping-taxable","17":"purchasable","18":"product-type-variable","19":"has-default-attributes"},"aioseo_notices":[],"_links":{"self":[{"href":"https:\/\/textillo.com\/de\/wp-json\/wp\/v2\/product\/11814","targetHints":{"allow":["GET"]}}],"collection":[{"href":"https:\/\/textillo.com\/de\/wp-json\/wp\/v2\/product"}],"about":[{"href":"https:\/\/textillo.com\/de\/wp-json\/wp\/v2\/types\/product"}],"replies":[{"embeddable":true,"href":"https:\/\/textillo.com\/de\/wp-json\/wp\/v2\/comments?post=11814"}],"wp:featuredmedia":[{"embeddable":true,"href":"https:\/\/textillo.com\/de\/wp-json\/wp\/v2\/media\/6666"}],"wp:attachment":[{"href":"https:\/\/textillo.com\/de\/wp-json\/wp\/v2\/media?parent=11814"}],"wp:term":[{"taxonomy":"product_brand","embeddable":true,"href":"https:\/\/textillo.com\/de\/wp-json\/wp\/v2\/product_brand?post=11814"},{"taxonomy":"product_cat","embeddable":true,"href":"https:\/\/textillo.com\/de\/wp-json\/wp\/v2\/product_cat?post=11814"},{"taxonomy":"product_tag","embeddable":true,"href":"https:\/\/textillo.com\/de\/wp-json\/wp\/v2\/product_tag?post=11814"}],"curies":[{"name":"wp","href":"https:\/\/api.w.org\/{rel}","templated":true}]}}