{"id":11804,"date":"2020-02-27T12:14:04","date_gmt":"2020-02-27T11:14:04","guid":{"rendered":"https:\/\/www.textillo.com\/produkt\/dicke-ganzjahres-bettdecke-luna-sen\/"},"modified":"2022-07-05T18:58:19","modified_gmt":"2022-07-05T16:58:19","slug":"dicke-ganzjahres-bettdecke-luna-sen","status":"publish","type":"product","link":"https:\/\/textillo.com\/de\/produkt\/dicke-ganzjahres-bettdecke-luna-sen\/","title":{"rendered":"Dicke Ganzjahres-Bettdecke Luna Sen"},"content":{"rendered":"<p>OPTIMALES SCHLAFMIKROKLIMA F\u00dcR EFFEKTIVE ERHOLUNG<\/p>\n<p>Schutz vor Feuchtigkeitsaufnahme und Absorption von Fremdger\u00fcchen. Flauschige und haltbare F\u00fcllung. Leicht bei hoher Temperatur zu waschen und schnell trocknend.<\/p>\n<p>Einzigartige Eigenschaften; weich im Griff, aber strapazierf\u00e4higes Gewebe.<\/p>\n<p>F\u00dcLLEN:<\/p>\n<p>HCS silikonisierte Hohlfasern (100 % Polyester).<\/p>\n<p>Die \u00fcber viele Jahre entwickelte Produktionstechnologie und Festigkeitstests, die eine intensive Nutzung simulieren, erm\u00f6glichten uns die Auswahl einer speziellen Mischung von HCS-Fasern, die die au\u00dfergew\u00f6hnliche Elastizit\u00e4t der Steppdecken- und Kissenf\u00fcllung und die Best\u00e4ndigkeit gegen Quetschungen gew\u00e4hrleistet. IGA HOME F\u00fcllungen sind leicht, hypoallergen, sorgen f\u00fcr eine gute Luftzirkulation und Feuchtigkeitsabfuhr und verlieren ihre Eigenschaften auch nach dem Waschen nicht. Der Vliesstoff in den Bettdecken zeichnet sich durch ein spezielles multidirektionales Fasergeflecht aus, das die Haltbarkeit erh\u00f6ht. Die Luft, die sich in den Kan\u00e4len im Inneren der Fasern sammelt, isoliert perfekt und erh\u00f6ht das W\u00e4rmeempfinden. Die dicke und haltbare Silikonbeschichtung jeder einzelnen Faser, kombiniert mit der Spiralform, f\u00fchrt zu einer Best\u00e4ndigkeit gegen Verheddern und Verklumpen der F\u00fcllung.<\/p>\n<p>Sp\u00fcrbare Vorteile:<\/p>\n<p>hohe W\u00e4rmed\u00e4mmung<br \/>\noptimale Luftzirkulation<\/p>\n<p>Zus\u00e4tzliche Vorteile<\/p>\n<p>leicht zu waschen<br \/>\nTrocknung<\/p>\n<p>Gef\u00fchle<\/p>\n<p>Licht<br \/>\nflauschig<br \/>\nwarm<\/p>\n","protected":false},"excerpt":{"rendered":"<p>Zertifikat<\/p>\n<p>H\u00f6chste Qualit\u00e4t und Sicherheit &#8211; Produkt zertifiziert nach den Standards des National Institute of Public Health. Zertifiziert durch das Nationale Institut f\u00fcr Hygiene &#8211; das Zertifikat der Gesundheitsqualit\u00e4t, das die positive Wirkung des Produkts auf die Gesundheit best\u00e4tigt. Enth\u00e4lt keine k\u00fcnstlichen Farbstoffe und sch\u00e4dlichen chemischen Substanzen Sicher f\u00fcr Allergiker. Reizt nicht und verursacht keine Allergie.<\/p>\n<p>Alle f\u00fcr die Produktion verwendeten Rohstoffe entsprechen dem \u00d6ko-Tex Standard 100 Klasse I &#8211; sicher f\u00fcr Babys.<\/p>\n<p>Kontinuierliche Qualit\u00e4tskontrolle nach den restriktiven IGA HOME-Standards.<\/p>\n<p>Produkt empfohlen f\u00fcr Hotels und Ferienanlagen<\/p>\n<p>Mikrofaser (100 % Polyester, 300 g\/m2<br \/>\nEndbearbeitung: Verrohrung<br \/>\nWaschtemperatur: 90\u00b0C<br \/>\nPoliertes Produkt mit OEKO-TEX\u00ae Zertifikat<\/p>\n","protected":false},"featured_media":15282,"comment_status":"open","ping_status":"closed","template":"","meta":{"_monsterinsights_skip_tracking":false,"_monsterinsights_sitenote_active":false,"_monsterinsights_sitenote_note":"","_monsterinsights_sitenote_category":0},"product_brand":[],"product_cat":[635,596,593],"product_tag":[758,767],"class_list":{"0":"post-11804","1":"product","2":"type-product","3":"status-publish","4":"has-post-thumbnail","6":"product_cat-bettdecken","7":"product_cat-bettdecken-und-kopfkissen","8":"product_cat-hotel-de","9":"product_tag-igahome-de","10":"product_tag-steppdecke","11":"pa_kolor-weis","12":"pa_material-mikrofaser","13":"pa_rozmiar-140-x-200-cm-de","14":"pa_rozmiar-160-x-200-cm-de","15":"pa_rozmiar-200-x-220-cm-de","16":"pa_skladtkaniny-100-polyester-de","18":"first","19":"instock","20":"shipping-taxable","21":"purchasable","22":"product-type-variable","23":"has-default-attributes"},"aioseo_notices":[],"_links":{"self":[{"href":"https:\/\/textillo.com\/de\/wp-json\/wp\/v2\/product\/11804","targetHints":{"allow":["GET"]}}],"collection":[{"href":"https:\/\/textillo.com\/de\/wp-json\/wp\/v2\/product"}],"about":[{"href":"https:\/\/textillo.com\/de\/wp-json\/wp\/v2\/types\/product"}],"replies":[{"embeddable":true,"href":"https:\/\/textillo.com\/de\/wp-json\/wp\/v2\/comments?post=11804"}],"wp:featuredmedia":[{"embeddable":true,"href":"https:\/\/textillo.com\/de\/wp-json\/wp\/v2\/media\/15282"}],"wp:attachment":[{"href":"https:\/\/textillo.com\/de\/wp-json\/wp\/v2\/media?parent=11804"}],"wp:term":[{"taxonomy":"product_brand","embeddable":true,"href":"https:\/\/textillo.com\/de\/wp-json\/wp\/v2\/product_brand?post=11804"},{"taxonomy":"product_cat","embeddable":true,"href":"https:\/\/textillo.com\/de\/wp-json\/wp\/v2\/product_cat?post=11804"},{"taxonomy":"product_tag","embeddable":true,"href":"https:\/\/textillo.com\/de\/wp-json\/wp\/v2\/product_tag?post=11804"}],"curies":[{"name":"wp","href":"https:\/\/api.w.org\/{rel}","templated":true}]}}