{"id":11767,"date":"2019-12-13T12:55:26","date_gmt":"2019-12-13T11:55:26","guid":{"rendered":"https:\/\/www.textillo.com\/produkt\/dicker-ganzjahres-mikrofaser-bettbezug-softi\/"},"modified":"2022-02-18T08:13:51","modified_gmt":"2022-02-18T07:13:51","slug":"dicker-ganzjahres-mikrofaser-bettbezug-softi","status":"publish","type":"product","link":"https:\/\/textillo.com\/de\/produkt\/dicker-ganzjahres-mikrofaser-bettbezug-softi\/","title":{"rendered":"Dicker Ganzjahres-Mikrofaser-Bettbezug Softi"},"content":{"rendered":"<p>Hochwertige PERCAL-Baumwolle, die im Produktionsprozess durch Mercerisieren, Kalandrieren und Sanforisieren veredelt wird, was ihr eine einzigartige Optik verleiht und den Schrumpf nach dem Waschen reduziert.<\/p>\n<p>Es wird von unseren Kunden wegen seines stattlichen Glanzes und seiner au\u00dfergew\u00f6hnlichen Gl\u00e4tte gesch\u00e4tzt. Es enth\u00e4lt keine k\u00fcnstlichen Farbstoffe und sch\u00e4dlichen chemischen Substanzen, dank denen es auch f\u00fcr Allergiker sicher ist. Als Naturstoff zeichnet er sich durch eine spezifisch warme Farbe aus.<\/p>\n<p>100 % sanforisierte Baumwolle.<\/p>\n<p>F\u00fcllung:<\/p>\n<p>HCS silikonisierte Kanalfasern (100 % Polyester). Die \u00fcber viele Jahre entwickelte Produktionstechnologie und Festigkeitstests, die eine intensive Nutzung simulieren, erm\u00f6glichten es uns, eine spezielle Zusammensetzung der HCS-Fasermischung auszuw\u00e4hlen, die die au\u00dfergew\u00f6hnliche Elastizit\u00e4t der Bettdecken- und Kissenf\u00fcllung und die Best\u00e4ndigkeit gegen Quetschungen gew\u00e4hrleistet. Die F\u00fcllungen in Bettdecken sind leicht, hypoallergen, sorgen f\u00fcr eine gute Luftzirkulation und Feuchtigkeitsabfuhr und verlieren ihre Eigenschaften auch nach dem Waschen nicht. Der Vliesstoff in Bettdecken zeichnet sich durch ein spezielles multidirektionales Fasergeflecht aus, das die Haltbarkeit erh\u00f6ht.<\/p>\n<p>Die Luft, die sich in den Kan\u00e4len im Inneren der Fasern sammelt, isoliert perfekt und erh\u00f6ht das W\u00e4rmeempfinden. Die dicke und haltbare Silikonh\u00fclle jeder einzelnen Faser, kombiniert mit der Spiralform, f\u00fchrt zu einer Best\u00e4ndigkeit gegen Verheddern und Verklumpen der F\u00fcllung.<\/p>\n","protected":false},"excerpt":{"rendered":"<p>Bescheinigungen:<\/p>\n<p>H\u00f6chste Qualit\u00e4t und Sicherheit &#8211; das Produkt ist nach den Standards des National Institute of Public Health zertifiziert. Zertifiziert mit dem Nationalen Institut f\u00fcr Hygiene &#8211; Zertifikat der Gesundheitsqualit\u00e4t, das die positive Wirkung des Produkts auf die Gesundheit best\u00e4tigt. Enth\u00e4lt keine k\u00fcnstlichen Farbstoffe und sch\u00e4dlichen chemischen Substanzen Sicher f\u00fcr Allergiker. Reizt nicht und verursacht keine Allergie. Alle f\u00fcr die Produktion verwendeten Rohstoffe entsprechen dem \u00d6ko-Tex Standard 100 Klasse I &#8211; sicher f\u00fcr Kleinkinder.<\/p>\n<p>Waschtemperatur 90\u00b0C.\u00a0<\/p>\n<p>Das Produkt ist 100 % POLNISCH.<\/p>\n<p>Mikrofaser weich (100 % Polyester), 300 g\/m2.<br \/>\nZartes Gewebe mit Samt-Finish, hohe W\u00e4rmed\u00e4mmung und optimale Luftzirkulation, einfach zu waschen und zu Hause zu trocknen<br \/>\nHypoallergen, flauschig.<br \/>\nPolnisches Produkt, OEKO-TEX\u00ae Zertifikat.<\/p>\n","protected":false},"featured_media":5982,"comment_status":"open","ping_status":"closed","template":"","meta":{"_monsterinsights_skip_tracking":false,"_monsterinsights_sitenote_active":false,"_monsterinsights_sitenote_note":"","_monsterinsights_sitenote_category":0},"product_brand":[],"product_cat":[635,656],"product_tag":[758,797,767],"class_list":{"0":"post-11767","1":"product","2":"type-product","3":"status-publish","4":"has-post-thumbnail","6":"product_cat-bettdecken","7":"product_cat-softi-de","8":"product_tag-igahome-de","9":"product_tag-softi-de","10":"product_tag-steppdecke","11":"pa_cechy-hypoallergen-flauschig","12":"pa_gramatura-300-g-m2-de","13":"pa_kolor-weis","14":"pa_rozmiar-140-x-200-cm-de","15":"pa_rozmiar-160-x-200-cm-de","16":"pa_rozmiar-200-x-220-cm-de","17":"pa_skladtkaniny-mikrofaser-weich-100-polyester","18":"pa_typkoldry-ganzjaehrig","19":"pa_wykonczenie-paspel-und-satin-ecketikett","21":"first","22":"instock","23":"shipping-taxable","24":"purchasable","25":"product-type-variable","26":"has-default-attributes"},"aioseo_notices":[],"_links":{"self":[{"href":"https:\/\/textillo.com\/de\/wp-json\/wp\/v2\/product\/11767","targetHints":{"allow":["GET"]}}],"collection":[{"href":"https:\/\/textillo.com\/de\/wp-json\/wp\/v2\/product"}],"about":[{"href":"https:\/\/textillo.com\/de\/wp-json\/wp\/v2\/types\/product"}],"replies":[{"embeddable":true,"href":"https:\/\/textillo.com\/de\/wp-json\/wp\/v2\/comments?post=11767"}],"wp:featuredmedia":[{"embeddable":true,"href":"https:\/\/textillo.com\/de\/wp-json\/wp\/v2\/media\/5982"}],"wp:attachment":[{"href":"https:\/\/textillo.com\/de\/wp-json\/wp\/v2\/media?parent=11767"}],"wp:term":[{"taxonomy":"product_brand","embeddable":true,"href":"https:\/\/textillo.com\/de\/wp-json\/wp\/v2\/product_brand?post=11767"},{"taxonomy":"product_cat","embeddable":true,"href":"https:\/\/textillo.com\/de\/wp-json\/wp\/v2\/product_cat?post=11767"},{"taxonomy":"product_tag","embeddable":true,"href":"https:\/\/textillo.com\/de\/wp-json\/wp\/v2\/product_tag?post=11767"}],"curies":[{"name":"wp","href":"https:\/\/api.w.org\/{rel}","templated":true}]}}