{"id":11742,"date":"2019-12-12T14:13:37","date_gmt":"2019-12-12T13:13:37","guid":{"rendered":"https:\/\/www.textillo.com\/produkt\/warmer-ganzjahres-bettbezug-bamboo-baumwolle\/"},"modified":"2019-12-12T14:13:37","modified_gmt":"2019-12-12T13:13:37","slug":"warmer-ganzjahres-bettbezug-bamboo-baumwolle","status":"publish","type":"product","link":"https:\/\/textillo.com\/de\/produkt\/warmer-ganzjahres-bettbezug-bamboo-baumwolle\/","title":{"rendered":"Warmer Ganzjahres-Bettbezug Bamboo Baumwolle"},"content":{"rendered":"<p>Das hochwertigste Naturgewebe, eine Kombination aus Baumwolle und Bambus, ohne synthetische Beimischungen. Im Produktionsprozess durch Mercerisieren, Kalandrieren und Sanforisieren veredelt, was ihm ein einzigartiges Aussehen verleiht und den Schrumpf nach dem Waschen reduziert. Weich und \u00e4u\u00dferst zart im Griff.<\/p>\n<p>Wird von unseren Kunden f\u00fcr seinen stattlichen Glanz und seine au\u00dfergew\u00f6hnliche Gl\u00e4tte gesch\u00e4tzt. Enth\u00e4lt keine k\u00fcnstlichen Farbstoffe und sch\u00e4dlichen chemischen Substanzen, ist also auch f\u00fcr Allergiker sicher. Als Naturstoff zeichnet er sich durch eine spezifisch warme Farbe aus.<\/p>\n<p>52% Bambus + 48% sanforisierte Baumwolle.<\/p>\n<p>F\u00fcllung:<\/p>\n<p>HCS silikonisierte Kanalfasern (100 % Polyester). Die \u00fcber viele Jahre entwickelte Produktionstechnologie und Festigkeitstests, die eine intensive Nutzung simulieren, erm\u00f6glichten es uns, eine spezielle Zusammensetzung der HCS-Fasermischung auszuw\u00e4hlen, die die au\u00dfergew\u00f6hnliche Elastizit\u00e4t der Bettdecken- und Kissenf\u00fcllung und die Best\u00e4ndigkeit gegen Quetschung gew\u00e4hrleistet. Die F\u00fcllungen in Bettdecken sind leicht, hypoallergen, sorgen f\u00fcr eine gute Luftzirkulation und Feuchtigkeitsabfuhr und verlieren ihre Eigenschaften auch nach dem Waschen nicht. Der Vliesstoff in Bettdecken zeichnet sich durch ein spezielles multidirektionales Fasergeflecht aus, das die Haltbarkeit erh\u00f6ht.<\/p>\n<p>Die Luft, die sich in den Kan\u00e4len im Inneren der Fasern sammelt, isoliert perfekt und erh\u00f6ht das W\u00e4rmeempfinden. Die dicke und haltbare Silikonh\u00fclle jeder einzelnen Faser, kombiniert mit der Spiralform, f\u00fchrt zu einer Best\u00e4ndigkeit gegen Verheddern und Verklumpen der F\u00fcllung.<\/p>\n","protected":false},"excerpt":{"rendered":"<p>Bescheinigungen:<\/p>\n<p>H\u00f6chste Qualit\u00e4t und Sicherheit &#8211; das Produkt ist nach den Standards des National Institute of Public Health zertifiziert. Zertifiziert mit dem Nationalen Institut f\u00fcr Hygiene &#8211; Zertifikat der Gesundheitsqualit\u00e4t, das die positive Wirkung des Produkts auf die Gesundheit best\u00e4tigt. Enth\u00e4lt keine k\u00fcnstlichen Farbstoffe und sch\u00e4dlichen chemischen Substanzen Sicher f\u00fcr Allergiker. Reizt nicht und verursacht keine Allergie. Alle f\u00fcr die Produktion verwendeten Rohstoffe entsprechen dem \u00d6ko-Tex Standard 100 Klasse I &#8211; sicher f\u00fcr Kleinkinder.<\/p>\n<p>Das Produkt ist 100 % POLNISCH.<\/p>\n<p>52% Bambus, 48% sanforisierte Baumwolle, 300g\/m2.<br \/>\nEs sorgt f\u00fcr ein hygienisches Schlafklima, hemmt das Wachstum von Bakterien und Pilzen, nimmt keine Fremdger\u00fcche auf, transportiert Feuchtigkeit ab, reduziert Schwitzen.<br \/>\nSanforisierte Gewebeausr\u00fcstung, reduzierte Schrumpfung nach dem Waschen.<br \/>\nPolnisches Produkt, OEKO-TEX\u00ae Zertifikat.<\/p>\n","protected":false},"featured_media":5964,"comment_status":"open","ping_status":"closed","template":"","meta":{"_monsterinsights_skip_tracking":false,"_monsterinsights_sitenote_active":false,"_monsterinsights_sitenote_note":"","_monsterinsights_sitenote_category":0},"product_brand":[],"product_cat":[641,635],"product_tag":[758,767],"class_list":{"0":"post-11742","1":"product","2":"type-product","3":"status-publish","4":"has-post-thumbnail","6":"product_cat-bamboo-de","7":"product_cat-bettdecken","8":"product_tag-igahome-de","9":"product_tag-steppdecke","10":"pa_cechy-atmungsaktiv-antiallergisch-natuerlich-antibakteriell-und-antimykotisch","11":"pa_gramatura-300-g-m2-de","12":"pa_kolor-weis","13":"pa_rozmiar-140-x-200-cm-de","14":"pa_rozmiar-160-x-200-cm-de","15":"pa_rozmiar-200-x-220-cm-de","16":"pa_skladtkaniny-52-bambus-48-sanforisierte-baumwolle","17":"pa_typkoldry-ganzjaehrig","18":"pa_wykonczenie-paspel-und-satin-ecketikett","20":"first","21":"instock","22":"shipping-taxable","23":"purchasable","24":"product-type-variable","25":"has-default-attributes"},"aioseo_notices":[],"_links":{"self":[{"href":"https:\/\/textillo.com\/de\/wp-json\/wp\/v2\/product\/11742","targetHints":{"allow":["GET"]}}],"collection":[{"href":"https:\/\/textillo.com\/de\/wp-json\/wp\/v2\/product"}],"about":[{"href":"https:\/\/textillo.com\/de\/wp-json\/wp\/v2\/types\/product"}],"replies":[{"embeddable":true,"href":"https:\/\/textillo.com\/de\/wp-json\/wp\/v2\/comments?post=11742"}],"wp:featuredmedia":[{"embeddable":true,"href":"https:\/\/textillo.com\/de\/wp-json\/wp\/v2\/media\/5964"}],"wp:attachment":[{"href":"https:\/\/textillo.com\/de\/wp-json\/wp\/v2\/media?parent=11742"}],"wp:term":[{"taxonomy":"product_brand","embeddable":true,"href":"https:\/\/textillo.com\/de\/wp-json\/wp\/v2\/product_brand?post=11742"},{"taxonomy":"product_cat","embeddable":true,"href":"https:\/\/textillo.com\/de\/wp-json\/wp\/v2\/product_cat?post=11742"},{"taxonomy":"product_tag","embeddable":true,"href":"https:\/\/textillo.com\/de\/wp-json\/wp\/v2\/product_tag?post=11742"}],"curies":[{"name":"wp","href":"https:\/\/api.w.org\/{rel}","templated":true}]}}