{"id":11606,"date":"2019-12-27T12:36:07","date_gmt":"2019-12-27T11:36:07","guid":{"rendered":"https:\/\/www.textillo.com\/produkt\/baumwolle-bambus-kissen-70-x-80-cm\/"},"modified":"2019-12-27T12:36:07","modified_gmt":"2019-12-27T11:36:07","slug":"baumwolle-bambus-kissen-70-x-80-cm","status":"publish","type":"product","link":"https:\/\/textillo.com\/de\/produkt\/baumwolle-bambus-kissen-70-x-80-cm\/","title":{"rendered":"Baumwolle-Bambus-Kissen 70 x 80 cm"},"content":{"rendered":"<p>Das hochwertigste Naturgewebe, eine Kombination aus Baumwolle und Bambus, ohne synthetische Beimischungen. Im Produktionsprozess durch Mercerisieren, Kalandrieren und Sanforisieren veredelt, was ihm ein einzigartiges Aussehen verleiht und den Schrumpf nach dem Waschen reduziert. Weich und \u00e4u\u00dferst zart im Griff. Wird von unseren Kunden f\u00fcr seinen stattlichen Glanz und seine au\u00dfergew\u00f6hnliche Gl\u00e4tte gesch\u00e4tzt. Enth\u00e4lt keine k\u00fcnstlichen Farbstoffe und sch\u00e4dlichen chemischen Substanzen, ist also auch f\u00fcr Allergiker sicher. Als Naturstoff zeichnet er sich durch eine spezifisch warme Farbe aus.<\/p>\n<p>PICKED WITH ZIP &#8211; zweilagiger Steppbezug mit Rei\u00dfverschluss &#8211; Naturstoff &#8211; eine Kombination aus Bambus und Baumwolle. Au\u00dfergew\u00f6hnliche Weichheit und Zartheit. Ausgezeichnete Mikro-Bel\u00fcftung, effektive Feuchtigkeitsaufnahme und -abtransport. Nat\u00fcrliche Schlafumgebung ohne k\u00fcnstliche Farbstoffe und sch\u00e4dliche Chemikalien. Schutz gegen die Bildung von unangenehmem Geruch. Nat\u00fcrliche Anti-Allergenit\u00e4t. Flauschige und haltbare F\u00fcllung.<\/p>\n<p>52% Bambus + 48% sanforisierte Baumwolle.<\/p>\n<p>F\u00fcllung:<\/p>\n<p>HCS silikonisierte Hohlfasern (100 % Polyester). Die langj\u00e4hrige Entwicklung der Produktionstechnologie und Festigkeitstests, die eine intensive Nutzung simulieren, erm\u00f6glichten es uns, eine spezielle Mischung von HCS-Fasern auszuw\u00e4hlen, die die F\u00fcllung ungew\u00f6hnlich elastisch und widerstandsf\u00e4hig gegen Quetschungen macht. Die F\u00fcllungen in Kissen sind leicht, hypoallergen, sorgen f\u00fcr eine gute Luftzirkulation und Feuchtigkeitsabfuhr und verlieren ihre Eigenschaften auch nach dem Waschen nicht. Der Vliesstoff in Bettdecken zeichnet sich durch ein spezielles multidirektionales Fasergeflecht aus, das die Haltbarkeit erh\u00f6ht.<\/p>\n<p>Die Luft, die sich in den Kan\u00e4len im Inneren der Fasern sammelt, isoliert perfekt und erh\u00f6ht das W\u00e4rmeempfinden. Die dicke und haltbare Silikonh\u00fclle jeder einzelnen Faser, kombiniert mit der Spiralform, f\u00fchrt zu einer Best\u00e4ndigkeit gegen Verheddern und Verklumpen der F\u00fcllung.<\/p>\n","protected":false},"excerpt":{"rendered":"<p>Bescheinigungen:<\/p>\n<p>H\u00f6chste Qualit\u00e4t und Sicherheit &#8211; das Produkt ist nach den Standards des National Institute of Public Health zertifiziert. Zertifiziert mit dem Nationalen Institut f\u00fcr Hygiene &#8211; Zertifikat der Gesundheitsqualit\u00e4t, das die positive Wirkung des Produkts auf die Gesundheit best\u00e4tigt. Enth\u00e4lt keine k\u00fcnstlichen Farbstoffe und sch\u00e4dlichen chemischen Substanzen\u00a0Sicher f\u00fcr Allergiker. Reizt nicht und verursacht keine Allergie. Alle f\u00fcr die Produktion verwendeten Rohstoffe entsprechen dem \u00d6ko-Tex Standard 100 Klasse I &#8211; sicher f\u00fcr Babys.<\/p>\n<p>Waschtemperatur 60\u00b0C.\u00a0<\/p>\n<p>Produkt in 100% POLISH.<\/p>\n<p>52% Bambus, 48% sanforisierte Baumwolle, 300g\/m2.<br \/>\nSorgt f\u00fcr ein hygienisches Schlafklima, hemmt die Entwicklung von Bakterien und Pilzen, nimmt keine Fremdger\u00fcche auf, transportiert Feuchtigkeit ab, reduziert Schwitzen.<br \/>\nSanforisierte Gewebeausr\u00fcstung, reduzierte Schrumpfung nach dem Waschen.<br \/>\nPolnisches Produkt, OEKO-TEX\u00ae Zertifikat.<\/p>\n","protected":false},"featured_media":6018,"comment_status":"open","ping_status":"closed","template":"","meta":{"_monsterinsights_skip_tracking":false,"_monsterinsights_sitenote_active":false,"_monsterinsights_sitenote_note":"","_monsterinsights_sitenote_category":0},"product_brand":[],"product_cat":[671,665],"product_tag":[],"class_list":{"0":"post-11606","1":"product","2":"type-product","3":"status-publish","4":"has-post-thumbnail","6":"product_cat-bamboo-de-2","7":"product_cat-kopfkissen-de","8":"pa_cechy-atmungsaktiv-antiallergisch-natuerlich-antibakteriell-und-antimykotisch","9":"pa_rodzaj-gesteppt-mit-reisverschluss","10":"pa_rozmiar-40-x-40-cm-de","11":"pa_rozmiar-50-x-60-cm-de","12":"pa_rozmiar-70-x-80-cm-de","13":"pa_skladtkaniny-52-bambus-48-sanforisierte-baumwolle","14":"pa_wykonczenie-satin-ecketikett","16":"first","17":"instock","18":"shipping-taxable","19":"purchasable","20":"product-type-variable"},"aioseo_notices":[],"_links":{"self":[{"href":"https:\/\/textillo.com\/de\/wp-json\/wp\/v2\/product\/11606","targetHints":{"allow":["GET"]}}],"collection":[{"href":"https:\/\/textillo.com\/de\/wp-json\/wp\/v2\/product"}],"about":[{"href":"https:\/\/textillo.com\/de\/wp-json\/wp\/v2\/types\/product"}],"replies":[{"embeddable":true,"href":"https:\/\/textillo.com\/de\/wp-json\/wp\/v2\/comments?post=11606"}],"wp:featuredmedia":[{"embeddable":true,"href":"https:\/\/textillo.com\/de\/wp-json\/wp\/v2\/media\/6018"}],"wp:attachment":[{"href":"https:\/\/textillo.com\/de\/wp-json\/wp\/v2\/media?parent=11606"}],"wp:term":[{"taxonomy":"product_brand","embeddable":true,"href":"https:\/\/textillo.com\/de\/wp-json\/wp\/v2\/product_brand?post=11606"},{"taxonomy":"product_cat","embeddable":true,"href":"https:\/\/textillo.com\/de\/wp-json\/wp\/v2\/product_cat?post=11606"},{"taxonomy":"product_tag","embeddable":true,"href":"https:\/\/textillo.com\/de\/wp-json\/wp\/v2\/product_tag?post=11606"}],"curies":[{"name":"wp","href":"https:\/\/api.w.org\/{rel}","templated":true}]}}