{"id":11585,"date":"2019-12-27T13:11:55","date_gmt":"2019-12-27T12:11:55","guid":{"rendered":"https:\/\/www.textillo.com\/produkt\/softi-sleep-mikrofaser-kissen-40-x-40-cm\/"},"modified":"2024-11-19T11:01:02","modified_gmt":"2024-11-19T10:01:02","slug":"softi-sleep-mikrofaser-kissen-40-x-40-cm","status":"publish","type":"product","link":"https:\/\/textillo.com\/de\/produkt\/softi-sleep-mikrofaser-kissen-40-x-40-cm\/","title":{"rendered":"Softi Sleep Mikrofaser-Kissen 40 x 40 cm"},"content":{"rendered":"<p>Exklusive weiche Mikrofaser, die aus Frankreich importiert wird, wird durch ein spezielles Verfahren zum K\u00e4mmen der obersten Schicht veredelt, was zu au\u00dfergew\u00f6hnlicher Weichheit und samtiger Zartheit f\u00fchrt. Es ist dicht gewebt und kalandriert, um die Migration von F\u00fcllungen zu verhindern und das Eindringen von Verunreinigungen zu vermeiden, und gleichzeitig ist es extrem leicht und luftig. Das ist das Aush\u00e4ngeschild von IGA HOME, das bereits tausende kleine und gro\u00dfe Schl\u00e4fer lieben gelernt haben. Es enth\u00e4lt keine k\u00fcnstlichen Farbstoffe oder sch\u00e4dlichen Chemikalien und ist somit auch f\u00fcr Allergiker sicher.<\/p>\n<p>Mikrofaser weich (100 % Polyester).<\/p>\n<p>F\u00fcllung:<\/p>\n<p>HCS silikonisierte Kanalfasern (100 % Polyester). Die langj\u00e4hrige Entwicklung der Produktionstechnologie und Festigkeitstests, die eine intensive Nutzung simulieren, erm\u00f6glichten es uns, eine spezielle Mischung von HCS-Fasern auszuw\u00e4hlen, die die F\u00fcllung ungew\u00f6hnlich elastisch und widerstandsf\u00e4hig gegen Quetschungen macht. Die F\u00fcllungen in Kissen sind leicht, hypoallergen, sorgen f\u00fcr eine gute Luftzirkulation und Feuchtigkeitsabfuhr und verlieren ihre Eigenschaften auch nach dem Waschen nicht. Der Vliesstoff in Bettdecken zeichnet sich durch ein spezielles multidirektionales Fasergeflecht aus, das die Haltbarkeit erh\u00f6ht.<\/p>\n<p>Die Luft, die sich in den Kan\u00e4len im Inneren der Fasern sammelt, isoliert perfekt und erh\u00f6ht das W\u00e4rmeempfinden. Die dicke und haltbare Silikonh\u00fclle jeder einzelnen Faser, kombiniert mit der Spiralform, f\u00fchrt zu einer Best\u00e4ndigkeit gegen Verheddern und Verklumpen der F\u00fcllung.<\/p>\n","protected":false},"excerpt":{"rendered":"<p>Bescheinigungen:<\/p>\n<p>H\u00f6chste Qualit\u00e4t und Sicherheit &#8211; das Produkt ist nach den Standards des National Institute of Public Health zertifiziert. Zertifiziert mit dem Nationalen Institut f\u00fcr Hygiene &#8211; Zertifikat der Gesundheitsqualit\u00e4t, das die positive Wirkung des Produkts auf die Gesundheit best\u00e4tigt. Enth\u00e4lt keine k\u00fcnstlichen Farbstoffe und sch\u00e4dlichen chemischen Substanzen\u00a0Sicher f\u00fcr Allergiker. Reizt nicht und verursacht keine Allergie. Alle f\u00fcr die Produktion verwendeten Rohstoffe entsprechen dem \u00d6ko-Tex Standard 100 Klasse I &#8211; sicher f\u00fcr Babys.<\/p>\n<p>Waschtemperatur 60\u00b0C.\u00a0<\/p>\n<p>Das Produkt ist 100 % POLNISCH.<\/p>\n<p>Mikrofaser weich (100 % Polyester), 300 g\/m2.<br \/>\nZartes Gewebe mit Samt-Finish, hohe W\u00e4rmed\u00e4mmung und optimale Luftzirkulation, leicht zu waschen und zu Hause zu trocknen<br \/>\nHypoallergen, flauschig.<br \/>\nPolnisches Produkt, OEKO-TEX\u00ae Zertifikat.<\/p>\n","protected":false},"featured_media":6021,"comment_status":"open","ping_status":"closed","template":"","meta":{"_monsterinsights_skip_tracking":false,"_monsterinsights_sitenote_active":false,"_monsterinsights_sitenote_note":"","_monsterinsights_sitenote_category":0},"product_brand":[],"product_cat":[665,695],"product_tag":[],"class_list":{"0":"post-11585","1":"product","2":"type-product","3":"status-publish","4":"has-post-thumbnail","6":"product_cat-kopfkissen-de","7":"product_cat-softi-de-2","8":"pa_cechy-hypoallergen-flauschig","9":"pa_rodzaj-gesteppt-mit-reisverschluss","10":"pa_rozmiar-40-x-40-cm-de","11":"pa_skladtkaniny-mikrofaser-weich-100-polyester","12":"pa_wykonczenie-satin-ecketikett","14":"first","15":"instock","16":"shipping-taxable","17":"purchasable","18":"product-type-simple"},"aioseo_notices":[],"_links":{"self":[{"href":"https:\/\/textillo.com\/de\/wp-json\/wp\/v2\/product\/11585","targetHints":{"allow":["GET"]}}],"collection":[{"href":"https:\/\/textillo.com\/de\/wp-json\/wp\/v2\/product"}],"about":[{"href":"https:\/\/textillo.com\/de\/wp-json\/wp\/v2\/types\/product"}],"replies":[{"embeddable":true,"href":"https:\/\/textillo.com\/de\/wp-json\/wp\/v2\/comments?post=11585"}],"wp:featuredmedia":[{"embeddable":true,"href":"https:\/\/textillo.com\/de\/wp-json\/wp\/v2\/media\/6021"}],"wp:attachment":[{"href":"https:\/\/textillo.com\/de\/wp-json\/wp\/v2\/media?parent=11585"}],"wp:term":[{"taxonomy":"product_brand","embeddable":true,"href":"https:\/\/textillo.com\/de\/wp-json\/wp\/v2\/product_brand?post=11585"},{"taxonomy":"product_cat","embeddable":true,"href":"https:\/\/textillo.com\/de\/wp-json\/wp\/v2\/product_cat?post=11585"},{"taxonomy":"product_tag","embeddable":true,"href":"https:\/\/textillo.com\/de\/wp-json\/wp\/v2\/product_tag?post=11585"}],"curies":[{"name":"wp","href":"https:\/\/api.w.org\/{rel}","templated":true}]}}