{"id":11575,"date":"2020-01-24T11:52:02","date_gmt":"2020-01-24T10:52:02","guid":{"rendered":"https:\/\/www.textillo.com\/produkt\/aloe-mikrofaser-kissen-40-x-40-cm\/"},"modified":"2020-01-24T11:52:02","modified_gmt":"2020-01-24T10:52:02","slug":"aloe-mikrofaser-kissen-40-x-40-cm","status":"publish","type":"product","link":"https:\/\/textillo.com\/de\/produkt\/aloe-mikrofaser-kissen-40-x-40-cm\/","title":{"rendered":"Aloe-Mikrofaser-Kissen 40 x 40 cm"},"content":{"rendered":"<p>Hochwertigste Mikrofaser mit weichem Finish und eingewebter Kohlefaser, die ein dezentes Karomuster erzeugt. Es ist frei von k\u00fcnstlichen Farbstoffen und sch\u00e4dlichen Chemikalien und somit auch f\u00fcr Allergiker sicher.<\/p>\n<p>Gesteppt mit Rei\u00dfverschluss &#8211; zweilagiger gesteppter Bezug mit Rei\u00dfverschluss &#8211; Stoff gesteppt mit einer Schicht aus Vliesstoff f\u00fcr mehr Komfort der Nutzung, M\u00f6glichkeit, die H\u00f6he des Kissens einzustellen und die Menge der F\u00fcllung nach pers\u00f6nlichen Vorlieben anzupassen, mittelhoch, weich und federnd.<\/p>\n<p>Mikrofaser Carbon (99,6% Polyester + 0,4% Kohlefaser).<\/p>\n<p>F\u00fcllung:<\/p>\n<p>HCS silikonisierte Hohlfasern (100 % Polyester). Die \u00fcber viele Jahre entwickelte Produktionstechnologie sowie Festigkeitstests, die eine intensive Nutzung simulieren, erm\u00f6glichten die Auswahl einer speziellen Mischung von HCS-Fasern, die die F\u00fcllung ungew\u00f6hnlich elastisch und widerstandsf\u00e4hig gegen Quetschungen macht. Die F\u00fcllungen in Kissen sind leicht, hypoallergen, sorgen f\u00fcr eine gute Luftzirkulation und Feuchtigkeitsabfuhr und verlieren ihre Eigenschaften auch nach dem Waschen nicht. Der Vliesstoff in Bettdecken zeichnet sich durch ein spezielles multidirektionales Fasergeflecht aus, das die Haltbarkeit erh\u00f6ht.<\/p>\n<p>Die Luft, die sich in den Kan\u00e4len im Inneren der Fasern sammelt, isoliert perfekt und erh\u00f6ht das W\u00e4rmeempfinden. Die dicke und haltbare Silikonh\u00fclle jeder einzelnen Faser, kombiniert mit der Spiralform, f\u00fchrt zu einer Best\u00e4ndigkeit gegen Verheddern und Verklumpen der F\u00fcllung.<\/p>\n","protected":false},"excerpt":{"rendered":"<p>Bescheinigungen:<\/p>\n<p>H\u00f6chste Qualit\u00e4t und Sicherheit &#8211; das Produkt ist nach den Standards des National Institute of Public Health zertifiziert. Zertifiziert mit dem Nationalen Institut f\u00fcr Hygiene &#8211; Zertifikat der Gesundheitsqualit\u00e4t, das die positive Wirkung des Produkts auf die Gesundheit best\u00e4tigt. Enth\u00e4lt keine k\u00fcnstlichen Farbstoffe und sch\u00e4dlichen chemischen Substanzen\u00a0Sicher f\u00fcr Allergiker. Reizt nicht und verursacht keine Allergie. Alle f\u00fcr die Produktion verwendeten Rohstoffe entsprechen dem \u00d6ko-Tex Standard 100 Klasse I &#8211; sicher f\u00fcr Babys.<\/p>\n<p>Waschtemperatur 60\u00b0C.\u00a0<\/p>\n<p>Produkt in 100% POLISH.<\/p>\n<p>Mikrofaser Carbon (99,6 % Polyester + 0,4 % Kohlefaser), 300 g\/m2<br \/>\nStressabbau, Reduzierung von M\u00fcdigkeit und Muskelverspannungen, Neutralisierung elektrostatischer Ladungen, innere Ruhe, Gelassenheit.<br \/>\nHypoallergen, flauschig, unterst\u00fctzende Regeneration, gesteppt mit Rei\u00dfverschluss<br \/>\nPoliertes Produkt mit OEKO-TEX\u00ae Zertifikat.<\/p>\n","protected":false},"featured_media":6132,"comment_status":"open","ping_status":"closed","template":"","meta":{"_monsterinsights_skip_tracking":false,"_monsterinsights_sitenote_active":false,"_monsterinsights_sitenote_note":"","_monsterinsights_sitenote_category":0},"product_brand":[],"product_cat":[668,665],"product_tag":[],"class_list":{"0":"post-11575","1":"product","2":"type-product","3":"status-publish","4":"has-post-thumbnail","6":"product_cat-aloe-de-2","7":"product_cat-kopfkissen-de","8":"pa_cechy-hypoallergenique-pelucheux-aide-a-la-regeneration","9":"pa_rodzaj-gesteppt-mit-reisverschluss","10":"pa_rozmiar-40-x-40-cm-de","11":"pa_rozmiar-50-x-60-cm-de","12":"pa_rozmiar-70-x-80-cm-de","13":"pa_skladtkaniny-mikrofaser-carbon-996-polyester-04-kohlefaser-de","14":"pa_wykonczenie-satin-ecketikett","16":"first","17":"instock","18":"shipping-taxable","19":"purchasable","20":"product-type-variable"},"aioseo_notices":[],"_links":{"self":[{"href":"https:\/\/textillo.com\/de\/wp-json\/wp\/v2\/product\/11575","targetHints":{"allow":["GET"]}}],"collection":[{"href":"https:\/\/textillo.com\/de\/wp-json\/wp\/v2\/product"}],"about":[{"href":"https:\/\/textillo.com\/de\/wp-json\/wp\/v2\/types\/product"}],"replies":[{"embeddable":true,"href":"https:\/\/textillo.com\/de\/wp-json\/wp\/v2\/comments?post=11575"}],"wp:featuredmedia":[{"embeddable":true,"href":"https:\/\/textillo.com\/de\/wp-json\/wp\/v2\/media\/6132"}],"wp:attachment":[{"href":"https:\/\/textillo.com\/de\/wp-json\/wp\/v2\/media?parent=11575"}],"wp:term":[{"taxonomy":"product_brand","embeddable":true,"href":"https:\/\/textillo.com\/de\/wp-json\/wp\/v2\/product_brand?post=11575"},{"taxonomy":"product_cat","embeddable":true,"href":"https:\/\/textillo.com\/de\/wp-json\/wp\/v2\/product_cat?post=11575"},{"taxonomy":"product_tag","embeddable":true,"href":"https:\/\/textillo.com\/de\/wp-json\/wp\/v2\/product_tag?post=11575"}],"curies":[{"name":"wp","href":"https:\/\/api.w.org\/{rel}","templated":true}]}}