{"id":11545,"date":"2020-02-19T12:47:53","date_gmt":"2020-02-19T11:47:53","guid":{"rendered":"https:\/\/www.textillo.com\/produkt\/baumwollkissen-70-x-80-cm\/"},"modified":"2021-05-17T14:50:43","modified_gmt":"2021-05-17T12:50:43","slug":"baumwollkissen-70-x-80-cm","status":"publish","type":"product","link":"https:\/\/textillo.com\/de\/produkt\/baumwollkissen-70-x-80-cm\/","title":{"rendered":"Baumwollkissen 70 x 80 cm"},"content":{"rendered":"<p>Hochwertigste Mikrofaser mit weicher Oberfl\u00e4che und eingewebter Kohlefaser, die ein dezentes Karomuster erzeugt. Es enth\u00e4lt keine k\u00fcnstlichen Farbstoffe oder sch\u00e4dlichen Chemikalien und ist somit auch f\u00fcr Allergiker sicher.<\/p>\n<p>Gesteppt mit Rei\u00dfverschluss &#8211; zweilagiger gesteppter Bezug mit Rei\u00dfverschluss &#8211; Stoff gesteppt mit einer Schicht aus Vliesstoff f\u00fcr mehr Komfort der Nutzung, M\u00f6glichkeit, die H\u00f6he des Kissens einzustellen und die Menge der F\u00fcllung nach eigenen Vorlieben anzupassen, mittelhoch, weich und federnd.<\/p>\n<p>100 % Baumwolle<\/p>\n<p>F\u00fcllung:<\/p>\n<p>HCS silikonisierte Canalicoid-Fasern (100 % Polyester). Dank der langj\u00e4hrigen Entwicklung der Produktionstechnologie und der Festigkeitstests, die eine intensive Nutzung simulieren, haben wir eine spezielle Zusammensetzung von HCS-Fasern gew\u00e4hlt, die eine au\u00dfergew\u00f6hnliche Elastizit\u00e4t der Bettdecken- und Kissenf\u00fcllung und Best\u00e4ndigkeit gegen Quetschen gew\u00e4hrleistet. Die F\u00fcllungen in Kissen sind leicht, hypoallergen, sorgen f\u00fcr eine gute Luftzirkulation und Feuchtigkeitsabfuhr und verlieren ihre Eigenschaften auch nach dem Waschen nicht. Der Vliesstoff in Bettdecken zeichnet sich durch ein spezielles multidirektionales Fasergeflecht aus, das die Haltbarkeit erh\u00f6ht.<\/p>\n<p>Die Luft, die sich in den Kan\u00e4len im Inneren der Fasern sammelt, isoliert perfekt und erh\u00f6ht das W\u00e4rmeempfinden. Die dicke und haltbare Silikonh\u00fclle jeder einzelnen Faser, kombiniert mit der Spiralform, f\u00fchrt zu einer Best\u00e4ndigkeit gegen Verheddern und Verklumpen der F\u00fcllung.<\/p>\n<p>Bescheinigungen:<\/p>\n<p>H\u00f6chste Qualit\u00e4t und Sicherheit &#8211; das Produkt ist nach den Standards des National Institute of Public Health zertifiziert. Zertifiziert mit dem Nationalen Institut f\u00fcr Hygiene &#8211; Zertifikat der Gesundheitsqualit\u00e4t, das die positive Wirkung des Produkts auf die Gesundheit best\u00e4tigt. Enth\u00e4lt keine k\u00fcnstlichen Farbstoffe und sch\u00e4dlichen chemischen Substanzen Sicher f\u00fcr Allergiker. Reizt nicht und verursacht keine Allergie. Alle f\u00fcr die Produktion verwendeten Rohstoffe entsprechen dem \u00d6ko-Tex Standard 100 Klasse I &#8211; sicher f\u00fcr Babys.<\/p>\n<p>Waschtemperatur 60\u00b0C. <\/p>\n<p>Produkt in 100% POLISH.<\/p>\n","protected":false},"excerpt":{"rendered":"<p>100 % Baumwolle, 300 g\/m2.<br \/>\nEs lindert Stress, reduziert M\u00fcdigkeit und Muskelverspannungen, neutralisiert statische Elektrizit\u00e4t, innere Ruhe, Gelassenheit.<br \/>\nHypoallergen, flauschig, unterst\u00fctzende Regeneration, gesteppt mit Rei\u00dfverschluss.<br \/>\nPolnisches Produkt, OEKO-TEX\u00ae Zertifikat.<\/p>\n","protected":false},"featured_media":6396,"comment_status":"open","ping_status":"closed","template":"","meta":{"_monsterinsights_skip_tracking":false,"_monsterinsights_sitenote_active":false,"_monsterinsights_sitenote_note":"","_monsterinsights_sitenote_category":0},"product_brand":[],"product_cat":[674,665],"product_tag":[],"class_list":{"0":"post-11545","1":"product","2":"type-product","3":"status-publish","4":"has-post-thumbnail","6":"product_cat-cotton-de-2","7":"product_cat-kopfkissen-de","8":"pa_cechy-hypoallergenique-pelucheux-aide-a-la-regeneration","9":"pa_rodzaj-gesteppt-mit-reisverschluss","10":"pa_rozmiar-40-x-40-cm-de","11":"pa_rozmiar-50-x-60-cm-de","12":"pa_rozmiar-70-x-80-cm-de","13":"pa_skladtkaniny-mikrofaser-carbon-996-polyester-04-kohlefaser-de","14":"pa_wykonczenie-satin-ecketikett","16":"first","17":"instock","18":"shipping-taxable","19":"purchasable","20":"product-type-variable"},"aioseo_notices":[],"_links":{"self":[{"href":"https:\/\/textillo.com\/de\/wp-json\/wp\/v2\/product\/11545","targetHints":{"allow":["GET"]}}],"collection":[{"href":"https:\/\/textillo.com\/de\/wp-json\/wp\/v2\/product"}],"about":[{"href":"https:\/\/textillo.com\/de\/wp-json\/wp\/v2\/types\/product"}],"replies":[{"embeddable":true,"href":"https:\/\/textillo.com\/de\/wp-json\/wp\/v2\/comments?post=11545"}],"wp:featuredmedia":[{"embeddable":true,"href":"https:\/\/textillo.com\/de\/wp-json\/wp\/v2\/media\/6396"}],"wp:attachment":[{"href":"https:\/\/textillo.com\/de\/wp-json\/wp\/v2\/media?parent=11545"}],"wp:term":[{"taxonomy":"product_brand","embeddable":true,"href":"https:\/\/textillo.com\/de\/wp-json\/wp\/v2\/product_brand?post=11545"},{"taxonomy":"product_cat","embeddable":true,"href":"https:\/\/textillo.com\/de\/wp-json\/wp\/v2\/product_cat?post=11545"},{"taxonomy":"product_tag","embeddable":true,"href":"https:\/\/textillo.com\/de\/wp-json\/wp\/v2\/product_tag?post=11545"}],"curies":[{"name":"wp","href":"https:\/\/api.w.org\/{rel}","templated":true}]}}