{"id":11518,"date":"2020-09-11T09:37:37","date_gmt":"2020-09-11T07:37:37","guid":{"rendered":"https:\/\/www.textillo.com\/produkt\/badetuch-frottee-dunkelgrau-34c\/"},"modified":"2020-09-11T09:37:37","modified_gmt":"2020-09-11T07:37:37","slug":"badetuch-frottee-dunkelgrau-34c","status":"publish","type":"product","link":"https:\/\/textillo.com\/de\/produkt\/badetuch-frottee-dunkelgrau-34c\/","title":{"rendered":"Badetuch &#8211; Frottee &#8211; dunkelgrau ( 34C )"},"content":{"rendered":"<p>FROTTE Badetuch mit Applikation ist vom ersten Bad an unersetzlich. Es ist aus hochwertigem, weichem Frottee mit flauschiger Baumwolle gefertigt. Die bequeme Form des Handtuchs wird sich beim Baden des Babys als n\u00fctzlich erweisen, aber auch bei der t\u00e4glichen Pflege zum Waschen der H\u00e4nde und des Gesichts w\u00e4hrend des Tages.<\/p>\n<p>\u00c4u\u00dferst weich und zart<br \/>\nDank der hypoallergenen Eigenschaften f\u00fcr empfindliche Haut geeignet<br \/>\nResistent gegen Ger\u00fcche<br \/>\nSchnell trocknend<br \/>\nKomfortable Handschuhform<br \/>\nEin Haken an der Waschmaschine, der das Aufh\u00e4ngen erm\u00f6glicht und damit das Trocknen erleichtert<\/p>\n","protected":false},"excerpt":{"rendered":"<p>Zusammensetzung : 80% Baumwolle, 20% Polyester<br \/>\nPoids : 200 g\/m2<br \/>\nHerstellungsland : Pologne<br \/>\nTaille : 22x15cm<\/p>\n","protected":false},"featured_media":11269,"comment_status":"open","ping_status":"closed","template":"","meta":{"_monsterinsights_skip_tracking":false,"_monsterinsights_sitenote_active":false,"_monsterinsights_sitenote_note":"","_monsterinsights_sitenote_category":0},"product_brand":[],"product_cat":[581,587],"product_tag":[],"class_list":{"0":"post-11518","1":"product","2":"type-product","3":"status-publish","4":"has-post-thumbnail","6":"product_cat-kind","7":"product_cat-terry-hand","8":"pa_kolor-ciemny-szary-34c","9":"pa_skladtkaniny-80-baumwolle-20-polyester","11":"first","12":"outofstock","13":"shipping-taxable","14":"purchasable","15":"product-type-simple"},"aioseo_notices":[],"_links":{"self":[{"href":"https:\/\/textillo.com\/de\/wp-json\/wp\/v2\/product\/11518","targetHints":{"allow":["GET"]}}],"collection":[{"href":"https:\/\/textillo.com\/de\/wp-json\/wp\/v2\/product"}],"about":[{"href":"https:\/\/textillo.com\/de\/wp-json\/wp\/v2\/types\/product"}],"replies":[{"embeddable":true,"href":"https:\/\/textillo.com\/de\/wp-json\/wp\/v2\/comments?post=11518"}],"wp:featuredmedia":[{"embeddable":true,"href":"https:\/\/textillo.com\/de\/wp-json\/wp\/v2\/media\/11269"}],"wp:attachment":[{"href":"https:\/\/textillo.com\/de\/wp-json\/wp\/v2\/media?parent=11518"}],"wp:term":[{"taxonomy":"product_brand","embeddable":true,"href":"https:\/\/textillo.com\/de\/wp-json\/wp\/v2\/product_brand?post=11518"},{"taxonomy":"product_cat","embeddable":true,"href":"https:\/\/textillo.com\/de\/wp-json\/wp\/v2\/product_cat?post=11518"},{"taxonomy":"product_tag","embeddable":true,"href":"https:\/\/textillo.com\/de\/wp-json\/wp\/v2\/product_tag?post=11518"}],"curies":[{"name":"wp","href":"https:\/\/api.w.org\/{rel}","templated":true}]}}