{"id":11204,"date":"2020-01-29T13:36:54","date_gmt":"2020-01-29T12:36:54","guid":{"rendered":"https:\/\/www.textillo.com\/produkt\/sockelleistenclip-aus-metall-15-25-mm-satz-mit-10-stuck\/"},"modified":"2020-01-29T13:36:54","modified_gmt":"2020-01-29T12:36:54","slug":"sockelleistenclip-aus-metall-15-25-mm-satz-mit-10-stuck","status":"publish","type":"product","link":"https:\/\/textillo.com\/de\/produkt\/sockelleistenclip-aus-metall-15-25-mm-satz-mit-10-stuck\/","title":{"rendered":"Sockelleistenclip aus Metall 15-25 mm: Satz mit 10 St\u00fcck"},"content":{"rendered":"<p>R\u00dcCKENKLEIDER<\/p>\n<p>Der Tischsockel-Clip ist ein praktisches Produkt mit einer soliden und langlebigen Konstruktion. Durch seine universelle Form und Elastizit\u00e4t kann er auf Tischplatten unterschiedlicher Dicke verwendet werden, ohne Kratzer auf deren Oberfl\u00e4che zu verursachen.<\/p>\n<p>Au\u00dferdem ist es sicher f\u00fcr das Material, ohne Besch\u00e4digungen oder Risse zu verursachen. Der fest angebrachte, scharfe Klettverschluss mit Haken garantiert ein pr\u00e4zises und problemloses Anbringen der R\u00fcschen.<\/p>\n<p>Ideal f\u00fcr alle Arten von Veranstaltungen, bei denen Sie die Dicke der Tischplatten, f\u00fcr die Sie die Clips ben\u00f6tigen, nicht kennen.<\/p>\n<p>WICHTIG : Wir empfehlen, mehrere St\u00fccke zu kaufen und diese optimal alle 20-25 cm an der Tischkante zu platzieren.<\/p>\n","protected":false},"excerpt":{"rendered":"<p>Werkstoff: Metall<br \/>\nFarbe: wei\u00df \/pulverbeschichtet<br \/>\nBreite:<br \/>\n2 cm<br \/>\nAbmessungen:<br \/>\nObere Breite bis zu 3cm (15-25mm )<br \/>\nMenge: verpackt in 10 St\u00fcck<\/p>\n","protected":false},"featured_media":6243,"comment_status":"open","ping_status":"closed","template":"","meta":{"_monsterinsights_skip_tracking":false,"_monsterinsights_sitenote_active":false,"_monsterinsights_sitenote_note":"","_monsterinsights_sitenote_category":0},"product_brand":[],"product_cat":[593,626],"product_tag":[2003,2002,1989],"class_list":{"0":"post-11204","1":"product","2":"type-product","3":"status-publish","4":"has-post-thumbnail","6":"product_cat-hotel-de","7":"product_cat-sockelleiste","8":"product_tag-klips-de","9":"product_tag-klipsy-de","10":"product_tag-skirting-de","11":"pa_kolor-weis","13":"first","14":"instock","15":"shipping-taxable","16":"purchasable","17":"product-type-simple"},"aioseo_notices":[],"_links":{"self":[{"href":"https:\/\/textillo.com\/de\/wp-json\/wp\/v2\/product\/11204","targetHints":{"allow":["GET"]}}],"collection":[{"href":"https:\/\/textillo.com\/de\/wp-json\/wp\/v2\/product"}],"about":[{"href":"https:\/\/textillo.com\/de\/wp-json\/wp\/v2\/types\/product"}],"replies":[{"embeddable":true,"href":"https:\/\/textillo.com\/de\/wp-json\/wp\/v2\/comments?post=11204"}],"wp:featuredmedia":[{"embeddable":true,"href":"https:\/\/textillo.com\/de\/wp-json\/wp\/v2\/media\/6243"}],"wp:attachment":[{"href":"https:\/\/textillo.com\/de\/wp-json\/wp\/v2\/media?parent=11204"}],"wp:term":[{"taxonomy":"product_brand","embeddable":true,"href":"https:\/\/textillo.com\/de\/wp-json\/wp\/v2\/product_brand?post=11204"},{"taxonomy":"product_cat","embeddable":true,"href":"https:\/\/textillo.com\/de\/wp-json\/wp\/v2\/product_cat?post=11204"},{"taxonomy":"product_tag","embeddable":true,"href":"https:\/\/textillo.com\/de\/wp-json\/wp\/v2\/product_tag?post=11204"}],"curies":[{"name":"wp","href":"https:\/\/api.w.org\/{rel}","templated":true}]}}