{"id":11156,"date":"2020-01-29T13:13:06","date_gmt":"2020-01-29T12:13:06","guid":{"rendered":"https:\/\/www.textillo.com\/produkt\/sockelleiste-polyester-volant-weis-glanzend\/"},"modified":"2020-01-29T13:13:06","modified_gmt":"2020-01-29T12:13:06","slug":"sockelleiste-polyester-volant-weis-glanzend","status":"publish","type":"product","link":"https:\/\/textillo.com\/de\/produkt\/sockelleiste-polyester-volant-weis-glanzend\/","title":{"rendered":"Sockelleiste Polyester-Volant, wei\u00df gl\u00e4nzend"},"content":{"rendered":"<p>Eine Sockelleiste ist ein elegantes Element eines jeden Tisches. Es wird selbst den anspruchsvollsten Kunden zufriedenstellen. Ligero ist ein Stoff mit einem sch\u00f6nen Glanz und sehr pflegeleicht.<\/p>\n<p>Der Volant verleiht jedem Anlass eine festliche Note. Sie wirken einladend bei Banketten, repr\u00e4sentativ bei Konferenzen und reich und pr\u00e4chtig bei Hochzeiten. Ein solcher Effekt kann mit der richtigen Wahl von Farbe, Stoff und Art der R\u00fcsche erzielt werden.<\/p>\n<p>Wir bieten Ihnen Volants aus verschiedenen Stoffen in wei\u00dfen Farben an. Die Stoffe werden von uns sorgf\u00e4ltig ausgew\u00e4hlt, sie zeichnen sich nicht nur durch sch\u00f6nes Aussehen, sondern auch durch leichte Pflege aus.<\/p>\n","protected":false},"excerpt":{"rendered":"<p>Ligero-Gewebe, 100 % Polyester<br \/>\nGewicht : 195 g\/m2<br \/>\nFarbe : Wei\u00df gl\u00e4nzend<br \/>\nVerarbeitung : Klettverschluss gleichm\u00e4\u00dfig falten (unter den Clips)<br \/>\nFalz 1\/2 Gegenfalz<\/p>\n","protected":false},"featured_media":6231,"comment_status":"open","ping_status":"closed","template":"","meta":{"_monsterinsights_skip_tracking":false,"_monsterinsights_sitenote_active":false,"_monsterinsights_sitenote_note":"","_monsterinsights_sitenote_category":0},"product_brand":[],"product_cat":[593,626],"product_tag":[1992,1990,1995,1991,1989,1994,1993],"class_list":{"0":"post-11156","1":"product","2":"type-product","3":"status-publish","4":"has-post-thumbnail","6":"product_cat-hotel-de","7":"product_cat-sockelleiste","8":"product_tag-bankiet-de","9":"product_tag-falbana-de","10":"product_tag-komunia-de","11":"product_tag-ligero-de","12":"product_tag-skirting-de","13":"product_tag-slub-de","14":"product_tag-wesele-de","15":"pa_gramatura-195-g-m2-de","16":"pa_kolor-weis","17":"pa_rozmiar-1-x-073-cm-de","18":"pa_rozmiar-15-x-073-cm-de","19":"pa_rozmiar-2-x-073-cm-de","20":"pa_rozmiar-25-x-073-cm-de","21":"pa_rozmiar-3-x-073-cm-de","22":"pa_rozmiar-35-x-073-cm-de","23":"pa_rozmiar-4-x-073-cm-de","24":"pa_rozmiar-45-x-073-cm-de","25":"pa_rozmiar-5-x-073-cm-de","26":"pa_skladtkaniny-100-polyester-de","28":"first","29":"instock","30":"shipping-taxable","31":"purchasable","32":"product-type-variable","33":"has-default-attributes"},"aioseo_notices":[],"_links":{"self":[{"href":"https:\/\/textillo.com\/de\/wp-json\/wp\/v2\/product\/11156","targetHints":{"allow":["GET"]}}],"collection":[{"href":"https:\/\/textillo.com\/de\/wp-json\/wp\/v2\/product"}],"about":[{"href":"https:\/\/textillo.com\/de\/wp-json\/wp\/v2\/types\/product"}],"replies":[{"embeddable":true,"href":"https:\/\/textillo.com\/de\/wp-json\/wp\/v2\/comments?post=11156"}],"wp:featuredmedia":[{"embeddable":true,"href":"https:\/\/textillo.com\/de\/wp-json\/wp\/v2\/media\/6231"}],"wp:attachment":[{"href":"https:\/\/textillo.com\/de\/wp-json\/wp\/v2\/media?parent=11156"}],"wp:term":[{"taxonomy":"product_brand","embeddable":true,"href":"https:\/\/textillo.com\/de\/wp-json\/wp\/v2\/product_brand?post=11156"},{"taxonomy":"product_cat","embeddable":true,"href":"https:\/\/textillo.com\/de\/wp-json\/wp\/v2\/product_cat?post=11156"},{"taxonomy":"product_tag","embeddable":true,"href":"https:\/\/textillo.com\/de\/wp-json\/wp\/v2\/product_tag?post=11156"}],"curies":[{"name":"wp","href":"https:\/\/api.w.org\/{rel}","templated":true}]}}