{"id":11088,"date":"2020-03-17T12:22:21","date_gmt":"2020-03-17T11:22:21","guid":{"rendered":"https:\/\/www.textillo.com\/produkt\/doppelseitiges-kuschelkissen-navy-bears-vorschulkind\/"},"modified":"2020-03-17T12:22:21","modified_gmt":"2020-03-17T11:22:21","slug":"doppelseitiges-kuschelkissen-navy-bears-vorschulkind","status":"publish","type":"product","link":"https:\/\/textillo.com\/de\/produkt\/doppelseitiges-kuschelkissen-navy-bears-vorschulkind\/","title":{"rendered":"Doppelseitiges Kuschelkissen Navy Bears &#8211; Vorschulkind"},"content":{"rendered":"<p>KUSCHELIGE KISSEN-TEDDYB\u00c4REN<\/p>\n<p>Kissen &#8211; kuscheliges Kissen aus &#8220;Minky&#8221;-Fleece und Baumwollbettw\u00e4sche. Dank seiner zweiseitigen Struktur eignet sich das Kissen sowohl zur Dekoration oder zum Spielen als auch als Kopfkissen f\u00fcr den normalen Schlaf.<\/p>\n<p>Toll f\u00fcr den Kinderwagen!<\/p>\n<p>Wir haben ein gr\u00f6\u00dferes Sortiment im Verkauf, Serien f\u00fcr M\u00e4dchen und Jungen!<\/p>\n<p>Enthalten:<\/p>\n<p>Bef\u00fcllung<br \/>\nzweiseitiger Kopfkissenbezug<br \/>\nIdeal f\u00fcr den Kindergarten !<\/p>\n<p>Spezifikation:<\/p>\n<p>Baumwollgewebe Gewicht: 135 g\/m2,<br \/>\nGewicht des Minky-Gewebes: 380 g\/m2,<br \/>\nFl\u00e4chengewicht der Kissenf\u00fcllung: 200 g\/m2.<br \/>\nGebrauchsanweisung:<\/p>\n<p>Waschen Sie es vollst\u00e4ndig in einer Waschmaschine bei 30\u00ba,<br \/>\nzartes Programm, max &#8211; 800 U\/min, Schleudern,<br \/>\nB\u00fcgeln Sie Baumwollgewebe bei einer Temperatur von bis zu 110\u00ba C,<br \/>\nVerwenden Sie Feinwaschmittel,<br \/>\nVerwenden Sie kein Bleichmittel,<br \/>\nNicht mit der Hand waschen,<br \/>\nnicht im Trockner trocknen.<\/p>\n","protected":false},"excerpt":{"rendered":"<p>Materialzusammensetzung:<br \/>\nOberteil: Minky-Fleece (100 % Polyester),<br \/>\nBoden: 100 % Baumwolle.<br \/>\nF\u00fcllung des Kissens:<br \/>\nGemischter Inhalt<br \/>\nWaschtemperatur: bis zu 110\u00b0C<br \/>\nPolnisches Produkt, OEKO-TEX\u00ae Zertifikat<\/p>\n","protected":false},"featured_media":6603,"comment_status":"open","ping_status":"closed","template":"","meta":{"_monsterinsights_skip_tracking":false,"_monsterinsights_sitenote_active":false,"_monsterinsights_sitenote_note":"","_monsterinsights_sitenote_category":0},"product_brand":[],"product_cat":[581,590],"product_tag":[],"class_list":{"0":"post-11088","1":"product","2":"type-product","3":"status-publish","4":"has-post-thumbnail","6":"product_cat-kind","7":"product_cat-kopfkissen","8":"pa_material-mikrofaser","9":"pa_rozmiar-40-x-40-cm-de","10":"pa_skladtkaniny-100-polyester-de","11":"pa_skladtkaniny-100-baumwolle","13":"first","14":"instock","15":"shipping-taxable","16":"purchasable","17":"product-type-simple"},"aioseo_notices":[],"_links":{"self":[{"href":"https:\/\/textillo.com\/de\/wp-json\/wp\/v2\/product\/11088","targetHints":{"allow":["GET"]}}],"collection":[{"href":"https:\/\/textillo.com\/de\/wp-json\/wp\/v2\/product"}],"about":[{"href":"https:\/\/textillo.com\/de\/wp-json\/wp\/v2\/types\/product"}],"replies":[{"embeddable":true,"href":"https:\/\/textillo.com\/de\/wp-json\/wp\/v2\/comments?post=11088"}],"wp:featuredmedia":[{"embeddable":true,"href":"https:\/\/textillo.com\/de\/wp-json\/wp\/v2\/media\/6603"}],"wp:attachment":[{"href":"https:\/\/textillo.com\/de\/wp-json\/wp\/v2\/media?parent=11088"}],"wp:term":[{"taxonomy":"product_brand","embeddable":true,"href":"https:\/\/textillo.com\/de\/wp-json\/wp\/v2\/product_brand?post=11088"},{"taxonomy":"product_cat","embeddable":true,"href":"https:\/\/textillo.com\/de\/wp-json\/wp\/v2\/product_cat?post=11088"},{"taxonomy":"product_tag","embeddable":true,"href":"https:\/\/textillo.com\/de\/wp-json\/wp\/v2\/product_tag?post=11088"}],"curies":[{"name":"wp","href":"https:\/\/api.w.org\/{rel}","templated":true}]}}