{"id":10969,"date":"2020-06-05T09:56:29","date_gmt":"2020-06-05T07:56:29","guid":{"rendered":"https:\/\/www.textillo.com\/produkt\/minky-decke-fur-kleinkinder-grau-bonbons-100-x-75-cm\/"},"modified":"2020-06-05T09:56:29","modified_gmt":"2020-06-05T07:56:29","slug":"minky-decke-fur-kleinkinder-grau-bonbons-100-x-75-cm","status":"publish","type":"product","link":"https:\/\/textillo.com\/de\/produkt\/minky-decke-fur-kleinkinder-grau-bonbons-100-x-75-cm\/","title":{"rendered":"Minky-Decke f\u00fcr Kleinkinder Grau Bonbons 100 x 75 cm"},"content":{"rendered":"<p>Die warme Minky-Decke ist extrem weich und warm, daher eignet sie sich perfekt als Kinderwagenbezug, Kinderwagentasche und als Bettdecke bei kaltem Wetter. Ein Baby, das in einen solchen Stoff eingewickelt ist, wird gut schlafen und sich warm und sicher f\u00fchlen. Allerdings kann minky Decke f\u00fcr Babys viele weitere Rollen spielen! Bei \u00e4lteren Kleinkindern kann es als Spielmatte auf dem Boden verwendet werden, die vor dem kalten Boden isoliert und unerwartete St\u00fcrze abfedert.<\/p>\n<p>Die Babydecken in unserem Angebot sind auf der einen Seite aus hochwertiger Baumwolle und auf der anderen Seite aus weichem Minky-Pl\u00fcsch gefertigt. In ihrem Inneren befindet sich eine antiallergische Isolierung, die f\u00fcr die W\u00e4rme sorgt. Die extrem weiche Minky-Decke ist auch pflegeleicht, wenn wir alle Empfehlungen des Herstellers befolgen. Unsere Produkte werden aus zertifizierten Stoffen hergestellt, so dass alle Eltern ruhig schlafen k\u00f6nnen, w\u00e4hrend sie sich mit Produkten h\u00f6chster Qualit\u00e4t um ihr Kleines k\u00fcmmern. Schlie\u00dflich ist eine Babydecke ein Gegenstand, in den man sich auf den ersten Blick und beim Anfassen verlieben kann.<\/p>\n<p>Die Decke ist mit hochwertigem, antiallergischem Silikonvlies mit einer Dicke von 1,5 -2 cm gef\u00fcllt, was sie flauschig und warm macht.<br \/>\nDie Decke ist f\u00fcr die Kinderkrippe, den Kindergarten, den Kinderwagen, das Kinderbett oder als Spielmatte geeignet. Dank superweichem Minky von h\u00f6chster Qualit\u00e4t wird jedes Kind die Decke von der ersten Ber\u00fchrung an lieben.<br \/>\nStilvolle Farbkombination macht die Decke ist schick und elegant. Die Bettdecke ist ideal als Geschenk geeignet und passt zu jeder Einrichtung in der Umgebung des Babys.<\/p>\n<p>Gr\u00f6\u00dfe: 75&#215;100 cm ( \/- 2 cm)<\/p>\n<p>Die Decke ist maschinenwaschbar, 30 Grad, niedrig schleudern, kein Sp\u00fclen\/Weichsp\u00fcler, b\u00fcgeln nur auf der Baumwollseite.<\/p>\n","protected":false},"excerpt":{"rendered":"<p>Decke 100 % Baumwolle (Grafikseite), hochwertiges Minky-Fleece (Farbseite)<br \/>\nAbmessungen 100&#215;75 cm. Gro\u00dfe Auswahl an Farben. OEKO-TEX\u00ae Zertifikat.<br \/>\nDie Decke ist mit hochwertigem antiallergischem Silikonvlies mit einer Dicke von 1,5 &#8211; 2 cm gef\u00fcllt, was sie flauschig und warm macht.<br \/>\nEventuell im Hauptbild enthaltene Maskottchen, Teddyb\u00e4ren beziehen sich nicht auf den Kauf in der Auktion.<\/p>\n","protected":false},"featured_media":10966,"comment_status":"open","ping_status":"closed","template":"","meta":{"_monsterinsights_skip_tracking":false,"_monsterinsights_sitenote_active":false,"_monsterinsights_sitenote_note":"","_monsterinsights_sitenote_category":0},"product_brand":[],"product_cat":[584,581],"product_tag":[764,752,770,779],"class_list":{"0":"post-10969","1":"product","2":"type-product","3":"status-publish","4":"has-post-thumbnail","6":"product_cat-decken","7":"product_cat-kind","8":"product_tag-bettdecke","9":"product_tag-kind","10":"product_tag-minky-de","11":"product_tag-polar-de","13":"first","14":"outofstock","15":"shipping-taxable","16":"purchasable","17":"product-type-simple"},"aioseo_notices":[],"_links":{"self":[{"href":"https:\/\/textillo.com\/de\/wp-json\/wp\/v2\/product\/10969","targetHints":{"allow":["GET"]}}],"collection":[{"href":"https:\/\/textillo.com\/de\/wp-json\/wp\/v2\/product"}],"about":[{"href":"https:\/\/textillo.com\/de\/wp-json\/wp\/v2\/types\/product"}],"replies":[{"embeddable":true,"href":"https:\/\/textillo.com\/de\/wp-json\/wp\/v2\/comments?post=10969"}],"wp:featuredmedia":[{"embeddable":true,"href":"https:\/\/textillo.com\/de\/wp-json\/wp\/v2\/media\/10966"}],"wp:attachment":[{"href":"https:\/\/textillo.com\/de\/wp-json\/wp\/v2\/media?parent=10969"}],"wp:term":[{"taxonomy":"product_brand","embeddable":true,"href":"https:\/\/textillo.com\/de\/wp-json\/wp\/v2\/product_brand?post=10969"},{"taxonomy":"product_cat","embeddable":true,"href":"https:\/\/textillo.com\/de\/wp-json\/wp\/v2\/product_cat?post=10969"},{"taxonomy":"product_tag","embeddable":true,"href":"https:\/\/textillo.com\/de\/wp-json\/wp\/v2\/product_tag?post=10969"}],"curies":[{"name":"wp","href":"https:\/\/api.w.org\/{rel}","templated":true}]}}