{"id":10915,"date":"2020-03-12T07:42:22","date_gmt":"2020-03-12T06:42:22","guid":{"rendered":"https:\/\/www.textillo.com\/produkt\/blau\/"},"modified":"2020-03-12T07:42:22","modified_gmt":"2020-03-12T06:42:22","slug":"blau","status":"publish","type":"product","link":"https:\/\/textillo.com\/de\/produkt\/blau\/","title":{"rendered":"Gesichtsmaske"},"content":{"rendered":"<p>Eine Baumwoll-\/Polyestermaske Ihrer Wahl!<\/p>\n<p>Seien Sie nicht \u00fcberrascht, wenn Ihre Nachbarn anfangen, ihre H\u00e4user mit festen Brennstoffen zu heizen oder die Grippesaison beginnt!<\/p>\n<p>Verwenden Sie eine praktische, wiederverwendbare Schutzmaske, um sich vor dem Einatmen von Bakterien, Mikroben und Smog zu sch\u00fctzen. Erf\u00fcllt idealerweise die Anforderungen f\u00fcr den einfachen Einsatz bei der Arbeit, beim Passieren von verschmutzter Umgebung, infekti\u00f6ser Umgebung usw.<\/p>\n<p>Hohe Atmungsaktivit\u00e4t des Materials l\u00e4sst Sie angenehm atmen<br \/>\nKann bei hoher Temperatur gewaschen werden<br \/>\nPREIS GILT F\u00dcR 5 ODER 10 ST\u00dcCK.<br \/>\nDie Masken haben<\/p>\n<p>\u00d6KO-TEX STANDARD-ZERTIFIKAT<br \/>\nZertifikat f\u00fcr Gesundheitsqualit\u00e4t<\/p>\n","protected":false},"excerpt":{"rendered":"<p>Zusammensetzung: Baumwolle-Polyester,<br \/>\nLand der Produktion: Polen<br \/>\nFarbe: wei\u00df\/ ecru<\/p>\n","protected":false},"featured_media":6579,"comment_status":"open","ping_status":"closed","template":"","meta":{"_monsterinsights_skip_tracking":false,"_monsterinsights_sitenote_active":false,"_monsterinsights_sitenote_note":"","_monsterinsights_sitenote_category":0},"product_brand":[],"product_cat":[15],"product_tag":[],"class_list":{"0":"post-10915","1":"product","2":"type-product","3":"status-publish","4":"has-post-thumbnail","6":"product_cat-narzuty","7":"pa_kolor-weis","8":"pa_maseczka-doppellage-5-stuck","9":"pa_maseczka-einlagig-5-stueck","10":"pa_material-leinwand","12":"first","13":"instock","14":"shipping-taxable","15":"purchasable","16":"product-type-variable","17":"has-default-attributes"},"aioseo_notices":[],"_links":{"self":[{"href":"https:\/\/textillo.com\/de\/wp-json\/wp\/v2\/product\/10915","targetHints":{"allow":["GET"]}}],"collection":[{"href":"https:\/\/textillo.com\/de\/wp-json\/wp\/v2\/product"}],"about":[{"href":"https:\/\/textillo.com\/de\/wp-json\/wp\/v2\/types\/product"}],"replies":[{"embeddable":true,"href":"https:\/\/textillo.com\/de\/wp-json\/wp\/v2\/comments?post=10915"}],"wp:featuredmedia":[{"embeddable":true,"href":"https:\/\/textillo.com\/de\/wp-json\/wp\/v2\/media\/6579"}],"wp:attachment":[{"href":"https:\/\/textillo.com\/de\/wp-json\/wp\/v2\/media?parent=10915"}],"wp:term":[{"taxonomy":"product_brand","embeddable":true,"href":"https:\/\/textillo.com\/de\/wp-json\/wp\/v2\/product_brand?post=10915"},{"taxonomy":"product_cat","embeddable":true,"href":"https:\/\/textillo.com\/de\/wp-json\/wp\/v2\/product_cat?post=10915"},{"taxonomy":"product_tag","embeddable":true,"href":"https:\/\/textillo.com\/de\/wp-json\/wp\/v2\/product_tag?post=10915"}],"curies":[{"name":"wp","href":"https:\/\/api.w.org\/{rel}","templated":true}]}}