{"id":10857,"date":"2020-02-24T09:21:34","date_gmt":"2020-02-24T08:21:34","guid":{"rendered":"https:\/\/www.textillo.com\/produkt\/weises-hotelhandtuch-aqua-500-g-m2-uni-dream-line-2\/"},"modified":"2021-06-29T12:08:27","modified_gmt":"2021-06-29T10:08:27","slug":"weises-hotelhandtuch-aqua-500-g-m2-uni-dream-line-2","status":"publish","type":"product","link":"https:\/\/textillo.com\/de\/produkt\/weises-hotelhandtuch-aqua-500-g-m2-uni-dream-line-2\/","title":{"rendered":"Wei\u00dfes Hotelhandtuch aqua 500 g\/m2, uni &#8211; Dream Line"},"content":{"rendered":"<p>Schnelltrocknendes Hotelhandtuch aus hochwertigster Baumwolle (100 % Baumwolle, 550 g\/m2 dicke Bindung). Entworfen f\u00fcr den t\u00e4glichen Gebrauch f\u00fcr Menschen, die sehr gute Qualit\u00e4t und funktionelle Eigenschaften sch\u00e4tzen.<\/p>\n<p>Unser Badetuch ist dick, so dass es perfekt absorbiert Wasser und trocknet sehr schnell, nicht in sich selbst unangenehme Ger\u00fcche ansammeln, geeignet f\u00fcr den Einsatz in der Sauna.<\/p>\n<p>Neben der Funktionalit\u00e4t sind unsere Badet\u00fccher auch ein wichtiges dekoratives Element in unserem Bad.<\/p>\n","protected":false},"excerpt":{"rendered":"<p>Pflegehinweise:<\/p>\n<p>Waschen bei bis zu 60 Grad C<br \/>\nEisen bei 110 Grad C<br \/>\nNicht chemisch reinigen<br \/>\nNicht bleichen<br \/>\nKann bei reduzierter Geschwindigkeit im W\u00e4schetrockner getrocknet werden<\/p>\n<p>100 % Baumwolle, 550 g\/m2 dicke Bindung<br \/>\nZwei Gr\u00f6\u00dfen 50 x 100 cm oder 70 x 140 cm<br \/>\nSchnell trocknend und weich im Griff<br \/>\nOEKO-TEX\u00ae zertifiziert<\/p>\n","protected":false},"featured_media":6432,"comment_status":"open","ping_status":"closed","template":"","meta":{"_monsterinsights_skip_tracking":false,"_monsterinsights_sitenote_active":false,"_monsterinsights_sitenote_note":"","_monsterinsights_sitenote_category":0},"product_brand":[],"product_cat":[620],"product_tag":[],"class_list":{"0":"post-10857","1":"product","2":"type-product","3":"status-publish","4":"has-post-thumbnail","6":"product_cat-handtucher","7":"pa_kolor-weis","8":"pa_material-baumwolle","9":"pa_rozmiar-50-x-100-cm-de","10":"pa_rozmiar-70-x-140-cm-de","12":"first","13":"instock","14":"shipping-taxable","15":"purchasable","16":"product-type-variable","17":"has-default-attributes"},"aioseo_notices":[],"_links":{"self":[{"href":"https:\/\/textillo.com\/de\/wp-json\/wp\/v2\/product\/10857","targetHints":{"allow":["GET"]}}],"collection":[{"href":"https:\/\/textillo.com\/de\/wp-json\/wp\/v2\/product"}],"about":[{"href":"https:\/\/textillo.com\/de\/wp-json\/wp\/v2\/types\/product"}],"replies":[{"embeddable":true,"href":"https:\/\/textillo.com\/de\/wp-json\/wp\/v2\/comments?post=10857"}],"wp:featuredmedia":[{"embeddable":true,"href":"https:\/\/textillo.com\/de\/wp-json\/wp\/v2\/media\/6432"}],"wp:attachment":[{"href":"https:\/\/textillo.com\/de\/wp-json\/wp\/v2\/media?parent=10857"}],"wp:term":[{"taxonomy":"product_brand","embeddable":true,"href":"https:\/\/textillo.com\/de\/wp-json\/wp\/v2\/product_brand?post=10857"},{"taxonomy":"product_cat","embeddable":true,"href":"https:\/\/textillo.com\/de\/wp-json\/wp\/v2\/product_cat?post=10857"},{"taxonomy":"product_tag","embeddable":true,"href":"https:\/\/textillo.com\/de\/wp-json\/wp\/v2\/product_tag?post=10857"}],"curies":[{"name":"wp","href":"https:\/\/api.w.org\/{rel}","templated":true}]}}