{"id":10834,"date":"2020-05-15T14:06:31","date_gmt":"2020-05-15T12:06:31","guid":{"rendered":"https:\/\/www.textillo.com\/produkt\/super-prezent-na-dzien-mamy-tata-recznik-dyplom\/"},"modified":"2020-05-15T14:06:31","modified_gmt":"2020-05-15T12:06:31","slug":"super-prezent-na-dzien-mamy-tata-recznik-dyplom","status":"publish","type":"product","link":"https:\/\/textillo.com\/de\/produkt\/super-prezent-na-dzien-mamy-tata-recznik-dyplom\/","title":{"rendered":"Super Geschenk zum Muttertag \/ Vatertag &#8211; Handtuch + Urkunde"},"content":{"rendered":"<p>Das schnelltrocknende Badetuch ist komplett aus hochwertiger Baumwolle gefertigt (100 % Baumwolle, 550 g\/m2 dickes Gewebe). Entworfen f\u00fcr den t\u00e4glichen Gebrauch f\u00fcr Menschen, die sehr gute Qualit\u00e4t und funktionelle Eigenschaften sch\u00e4tzen.<\/p>\n<p>Unser Badetuch ist dick, daher perfekt absorbiert Wasser und trocknet sehr schnell, nicht in sich selbst unangenehme Ger\u00fcche ansammeln, geeignet f\u00fcr den Einsatz in der Sauna.<\/p>\n<p>Wir haben verschiedene Gr\u00f6\u00dfen 50 x 100 cm und 70 x 140 cm &#8211; Sie k\u00f6nnen kleinere Handt\u00fccher zum Abwischen der H\u00e4nde und des Gesichts und ein gro\u00dfes Handtuch zum Bedecken des ganzen K\u00f6rpers nach dem Bad verwenden.<\/p>\n<p>Unsere Badet\u00fccher sind nicht nur funktional, sondern auch ein tolles dekoratives Element in Ihrem Badezimmer.<\/p>\n<p>Ein toller Vorschlag in der g\u00fcnstigsten Alternative, um Ihre eigene DIY-Geschenkidee zu erstellen<\/p>\n<p>Pflegehinweise:<\/p>\n<p>Waschen bei bis zu 60 Grad C<br \/>\nEisen bei 110 Grad C<br \/>\nNicht chemisch reinigen<br \/>\nNicht bleichen<br \/>\nKann bei reduzierter Geschwindigkeit im W\u00e4schetrockner getrocknet werden<\/p>\n","protected":false},"excerpt":{"rendered":"<p>Handtuch 100 % Baumwolle, 550 g\/m2 dick gewebt<br \/>\nDIPLOM IN DEN STOFF EINGEN\u00c4HT. Dadurch kann es leicht eingerahmt werden.<br \/>\nUnsere T\u00fccher sind extrem zart und sehr saugf\u00e4hig, so dass das Abwischen eine gro\u00dfe Freude ist.<br \/>\nAbmessungen 50 x 70 cm oder 70 x 140 cm. Gro\u00dfe Auswahl an Handtuchfarben. OEKO-TEX\u00ae zertifiziert.<\/p>\n","protected":false},"featured_media":6852,"comment_status":"open","ping_status":"closed","template":"","meta":{"_monsterinsights_skip_tracking":false,"_monsterinsights_sitenote_active":false,"_monsterinsights_sitenote_note":"","_monsterinsights_sitenote_category":0},"product_brand":[],"product_cat":[632,15],"product_tag":[],"class_list":{"0":"post-10834","1":"product","2":"type-product","3":"status-publish","4":"has-post-thumbnail","6":"product_cat-decken-bettuberwurfe","7":"product_cat-narzuty","8":"pa_gramatura-550-g-m2-de","9":"pa_kolor-rot","10":"pa_kolor-weiss","11":"pa_rozmiar-50-x-100-cm-de","12":"pa_rozmiar-70-x-140-cm-de","13":"pa_skladtkaniny-100-baumwolle","15":"first","16":"outofstock","17":"shipping-taxable","18":"purchasable","19":"product-type-variable","20":"has-default-attributes"},"aioseo_notices":[],"_links":{"self":[{"href":"https:\/\/textillo.com\/de\/wp-json\/wp\/v2\/product\/10834","targetHints":{"allow":["GET"]}}],"collection":[{"href":"https:\/\/textillo.com\/de\/wp-json\/wp\/v2\/product"}],"about":[{"href":"https:\/\/textillo.com\/de\/wp-json\/wp\/v2\/types\/product"}],"replies":[{"embeddable":true,"href":"https:\/\/textillo.com\/de\/wp-json\/wp\/v2\/comments?post=10834"}],"wp:featuredmedia":[{"embeddable":true,"href":"https:\/\/textillo.com\/de\/wp-json\/wp\/v2\/media\/6852"}],"wp:attachment":[{"href":"https:\/\/textillo.com\/de\/wp-json\/wp\/v2\/media?parent=10834"}],"wp:term":[{"taxonomy":"product_brand","embeddable":true,"href":"https:\/\/textillo.com\/de\/wp-json\/wp\/v2\/product_brand?post=10834"},{"taxonomy":"product_cat","embeddable":true,"href":"https:\/\/textillo.com\/de\/wp-json\/wp\/v2\/product_cat?post=10834"},{"taxonomy":"product_tag","embeddable":true,"href":"https:\/\/textillo.com\/de\/wp-json\/wp\/v2\/product_tag?post=10834"}],"curies":[{"name":"wp","href":"https:\/\/api.w.org\/{rel}","templated":true}]}}