{"id":10704,"date":"2019-12-06T11:30:21","date_gmt":"2019-12-06T10:30:21","guid":{"rendered":"https:\/\/www.textillo.com\/produkt\/badetuch-baumwolle-550-g-m2-dick-gewebt-schwarz\/"},"modified":"2021-06-29T12:17:15","modified_gmt":"2021-06-29T10:17:15","slug":"badetuch-baumwolle-550-g-m2-dick-gewebt-schwarz","status":"publish","type":"product","link":"https:\/\/textillo.com\/de\/produkt\/badetuch-baumwolle-550-g-m2-dick-gewebt-schwarz\/","title":{"rendered":"Badetuch Baumwolle 550 g\/m2 dick gewebt, schwarz"},"content":{"rendered":"<p>Das schnelltrocknende Badetuch ist komplett aus hochwertigster Baumwolle gefertigt (100 % Baumwolle, 550 g\/m2 dickes Gewebe). Entwickelt f\u00fcr den t\u00e4glichen Gebrauch f\u00fcr Menschen, die hohe Qualit\u00e4t und funktionale Eigenschaften sch\u00e4tzen.<\/p>\n<p>Unser Badetuch ist dick, so dass es Wasser perfekt absorbiert und sehr schnell trocknet, sammelt keine unangenehmen Ger\u00fcche in ihm, geeignet f\u00fcr den Einsatz in der Sauna.<\/p>\n<p>Wir haben verschiedene Gr\u00f6\u00dfen 50 x 100 cm und 70 x 140 cm &#8211; die kleineren Handt\u00fccher k\u00f6nnen Sie zum Abwischen der H\u00e4nde und des Gesichts verwenden, das gro\u00dfe Handtuch zum Bedecken des ganzen K\u00f6rpers nach dem Baden.<\/p>\n<p>Neben ihrer Funktionalit\u00e4t sind unsere Badet\u00fccher auch ein wichtiges dekoratives Element in unserem Bad.<\/p>\n<p>Pflegehinweise:<\/p>\n<p>Waschen bis zu 60 Grad C<br \/>\nEisen bei 110 Grad C<br \/>\nNicht chemisch reinigen<br \/>\nNicht bleichen<br \/>\nKann bei niedriger Geschwindigkeit im W\u00e4schetrockner getrocknet werden<\/p>\n","protected":false},"excerpt":{"rendered":"<p>100 % Baumwolle, dick gewebt 550 g\/m2<br \/>\nZwei Gr\u00f6\u00dfen 50 x 100 cm oder 70 x 140 cm<br \/>\nSchnell trocknend und weich im Griff<br \/>\nOEKO-TEX\u00ae Zertifikat.<\/p>\n","protected":false},"featured_media":5880,"comment_status":"open","ping_status":"closed","template":"","meta":{"_monsterinsights_skip_tracking":false,"_monsterinsights_sitenote_active":false,"_monsterinsights_sitenote_note":"","_monsterinsights_sitenote_category":0},"product_brand":[],"product_cat":[725],"product_tag":[794],"class_list":{"0":"post-10704","1":"product","2":"type-product","3":"status-publish","4":"has-post-thumbnail","6":"product_cat-handtucher-de","7":"product_tag-handtuch","8":"pa_gramatura-550-g-m2-de","9":"pa_kolor-schwarz-de","10":"pa_rozmiar-50-x-100-cm-de","11":"pa_rozmiar-70-x-140-cm-de","12":"pa_skladtkaniny-100-baumwolle","14":"first","15":"outofstock","16":"featured","17":"shipping-taxable","18":"purchasable","19":"product-type-variable","20":"has-default-attributes"},"aioseo_notices":[],"_links":{"self":[{"href":"https:\/\/textillo.com\/de\/wp-json\/wp\/v2\/product\/10704","targetHints":{"allow":["GET"]}}],"collection":[{"href":"https:\/\/textillo.com\/de\/wp-json\/wp\/v2\/product"}],"about":[{"href":"https:\/\/textillo.com\/de\/wp-json\/wp\/v2\/types\/product"}],"replies":[{"embeddable":true,"href":"https:\/\/textillo.com\/de\/wp-json\/wp\/v2\/comments?post=10704"}],"wp:featuredmedia":[{"embeddable":true,"href":"https:\/\/textillo.com\/de\/wp-json\/wp\/v2\/media\/5880"}],"wp:attachment":[{"href":"https:\/\/textillo.com\/de\/wp-json\/wp\/v2\/media?parent=10704"}],"wp:term":[{"taxonomy":"product_brand","embeddable":true,"href":"https:\/\/textillo.com\/de\/wp-json\/wp\/v2\/product_brand?post=10704"},{"taxonomy":"product_cat","embeddable":true,"href":"https:\/\/textillo.com\/de\/wp-json\/wp\/v2\/product_cat?post=10704"},{"taxonomy":"product_tag","embeddable":true,"href":"https:\/\/textillo.com\/de\/wp-json\/wp\/v2\/product_tag?post=10704"}],"curies":[{"name":"wp","href":"https:\/\/api.w.org\/{rel}","templated":true}]}}