{"id":10521,"date":"2021-01-26T08:15:47","date_gmt":"2021-01-26T07:15:47","guid":{"rendered":"https:\/\/www.textillo.com\/produkt\/baumwollsatinlaken-hellgrau\/"},"modified":"2021-01-26T08:15:47","modified_gmt":"2021-01-26T07:15:47","slug":"baumwollsatinlaken-hellgrau","status":"publish","type":"product","link":"https:\/\/textillo.com\/de\/produkt\/baumwollsatinlaken-hellgrau\/","title":{"rendered":"Baumwollsatinlaken &#8211; hellgrau"},"content":{"rendered":"<p>Hochwertiger Reaktivfarbstoff &#8211; intensive und dauerhafte Farben, best\u00e4ndig gegen h\u00e4ufiges Waschen.<\/p>\n<p>100 % Natursatin gewebte Baumwolle in hoher Grammatur.<\/p>\n<p>Dank sorgf\u00e4ltig ausgew\u00e4hlter Garne zeichnet es sich durch eine nat\u00fcrliche Weichheit und einen exklusiven Glanz aus.<\/p>\n<p>Ideal f\u00fcr Menschen, die gro\u00dfen Komfort sch\u00e4tzen!<\/p>\n<p>Atmungsaktive und thermoregulierende Eigenschaften<br \/>\nVerhindert \u00fcberm\u00e4\u00dfiges Schwitzen des K\u00f6rpers<br \/>\nSorgt f\u00fcr einen ruhigen und gesunden Schlaf<br \/>\nKeine Hautreizung<br \/>\nEinfach zu Hause zu waschen, sch\u00fctzt vor Hausstaubmilben und Bakterien<\/p>\n<p>Um m\u00f6glichst lange Freude an den hochwertigen Bettwaren zu haben, beachten Sie bitte diese Pflegehinweise:<\/p>\n<p>Vor dem ersten Gebrauch empfehlen wir Ihnen, Ihre Bettw\u00e4sche nach den Anweisungen des Herstellers zu waschen.<br \/>\nTrennen Sie Ihre W\u00e4sche und mischen Sie keine hellen und dunklen Farben.<br \/>\nVerwenden Sie f\u00fcr farbige Bettwaren Feinwaschmittel, die f\u00fcr das Waschen von farbigen Stoffen geeignet sind.<br \/>\n\u00dcberschreiten Sie nicht die maximale Waschtemperatur<br \/>\nWenn Sie Ihre Bettw\u00e4sche nicht b\u00fcgeln m\u00f6chten, waschen Sie sie im Schonprogramm mit kurzem Schleudern bei niedriger Drehzahl.<br \/>\nLassen Sie Bettwaren nach Beendigung des Waschgangs nicht in der Waschmaschine &#8211; dies erschwert das B\u00fcgeln des Gewebes und kann au\u00dferdem zu Verf\u00e4rbungen und sogar zu irreversiblen Ver\u00e4nderungen der Struktur, wie z. B. F\u00e4ulnis oder Schimmelbildung, f\u00fchren.<br \/>\nTrocknen Sie Bettw\u00e4sche immer h\u00e4ngend, um einen gleichm\u00e4\u00dfigen Luftstrom \u00fcber die Breite des Gewebes zu gew\u00e4hrleisten.<br \/>\nSetzen Sie dunkel gef\u00e4rbtes Bettzeug nicht direktem Sonnenlicht aus, da dies zu lokalen Verf\u00e4rbungen f\u00fchren kann.<\/p>\n<p>ng zu direktem Sonnenlicht, da dies zu einem lokalen Verblassen der Farbe f\u00fchren kann<\/p>\n","protected":false},"excerpt":{"rendered":"<p>100 % Baumwolle &#8211; Satin,<br \/>\nGewicht 125g\/m2,<br \/>\nkeine Elastizit\u00e4t<br \/>\nWaschtemperatur 60\u00b0C<br \/>\nPolnisches Produkt<\/p>\n","protected":false},"featured_media":9633,"comment_status":"open","ping_status":"closed","template":"","meta":{"_monsterinsights_skip_tracking":false,"_monsterinsights_sitenote_active":false,"_monsterinsights_sitenote_note":"","_monsterinsights_sitenote_category":0},"product_brand":[],"product_cat":[556,557],"product_tag":[],"class_list":{"0":"post-10521","1":"product","2":"type-product","3":"status-publish","4":"has-post-thumbnail","6":"product_cat-blatter","7":"product_cat-baumwolltucher","8":"pa_gramatura-125-g-m2-de","9":"pa_kolor-34j-hellgrau","10":"pa_rozmiar-200-x-220-cm-de","11":"pa_rozmiar-160-x-210-cm-de","12":"pa_skladtkaniny-100-baumwoll-satin-gewebe","14":"first","15":"instock","16":"shipping-taxable","17":"purchasable","18":"product-type-variable","19":"has-default-attributes"},"aioseo_notices":[],"_links":{"self":[{"href":"https:\/\/textillo.com\/de\/wp-json\/wp\/v2\/product\/10521","targetHints":{"allow":["GET"]}}],"collection":[{"href":"https:\/\/textillo.com\/de\/wp-json\/wp\/v2\/product"}],"about":[{"href":"https:\/\/textillo.com\/de\/wp-json\/wp\/v2\/types\/product"}],"replies":[{"embeddable":true,"href":"https:\/\/textillo.com\/de\/wp-json\/wp\/v2\/comments?post=10521"}],"wp:featuredmedia":[{"embeddable":true,"href":"https:\/\/textillo.com\/de\/wp-json\/wp\/v2\/media\/9633"}],"wp:attachment":[{"href":"https:\/\/textillo.com\/de\/wp-json\/wp\/v2\/media?parent=10521"}],"wp:term":[{"taxonomy":"product_brand","embeddable":true,"href":"https:\/\/textillo.com\/de\/wp-json\/wp\/v2\/product_brand?post=10521"},{"taxonomy":"product_cat","embeddable":true,"href":"https:\/\/textillo.com\/de\/wp-json\/wp\/v2\/product_cat?post=10521"},{"taxonomy":"product_tag","embeddable":true,"href":"https:\/\/textillo.com\/de\/wp-json\/wp\/v2\/product_tag?post=10521"}],"curies":[{"name":"wp","href":"https:\/\/api.w.org\/{rel}","templated":true}]}}